{"id":4308,"date":"2021-01-15T09:59:59","date_gmt":"2021-01-15T08:59:59","guid":{"rendered":"https:\/\/liguria-e-bike.com\/home\/"},"modified":"2021-03-12T11:10:08","modified_gmt":"2021-03-12T10:10:08","slug":"home","status":"publish","type":"page","link":"https:\/\/liguria-e-bike.com\/de\/","title":{"rendered":"Home DE"},"content":{"rendered":"<p>[vc_row][vc_column][vc_separator color=&#8221;custom&#8221; border_width=&#8221;2&#8243; accent_color=&#8221;#ee3383&#8243;][\/vc_column][\/vc_row][vc_row][vc_column][vc_column_text]<\/p>\n<h1>HINTERLAND VON IMPERIA &#8211; BLUMENRIVIERA<\/h1>\n<p>[\/vc_column_text][\/vc_column][\/vc_row][vc_row][vc_column][vc_separator color=&#8221;custom&#8221; border_width=&#8221;2&#8243; accent_color=&#8221;#ee3383&#8243;][\/vc_column][\/vc_row][vc_row][vc_column width=&#8221;1\/2&#8243;][vc_single_image image=&#8221;8183&#8243; img_size=&#8221;full&#8221; alignment=&#8221;center&#8221; style=&#8221;vc_box_rounded&#8221; css_animation=&#8221;appear&#8221;][vc_column_text]<\/p>\n<p style=\"text-align: justify;\"><strong>Die Blumen Riviera<\/strong> verf\u00fcgt\u00a0 &#8211; Dank auch einiger bemerkenswerter Einzelinitiativen &#8211; \u00fcber ein breites Angebot f\u00fcr den <strong>Sport Tourismus<\/strong>, f\u00fcr dessen Anh\u00e4nger der <strong>Urlaub an der frischen Luft<\/strong> an erster Stelle steht. Vor allem Anh\u00e4nger von <strong>Wanderungen und Ausfl\u00fcge<\/strong> mit dem <strong>Mountainbike<\/strong> finden wir reichlich Gelegenheit und das auf abgeschiedenen kaum befahrenen oder begangenen Routen mit <strong>atemberaubenden Panoramablicken<\/strong> auf das von <strong>Natursch\u00f6nheiten<\/strong> und <strong>kunsthistorischen Kleinoden<\/strong> so reiche <strong>Hinterland von Imperia<\/strong>.<\/p>\n<p>[\/vc_column_text][\/vc_column][vc_column width=&#8221;1\/2&#8243;][vc_single_image image=&#8221;8185&#8243; img_size=&#8221;full&#8221; alignment=&#8221;center&#8221; style=&#8221;vc_box_rounded&#8221; css_animation=&#8221;appear&#8221;][vc_column_text]<\/p>\n<p style=\"text-align: justify;\">Protagonisten sind hier vor allem die <strong>Ligurischen Alpen<\/strong> mit ihrer gro\u00dfen <strong>botanischen Vielfalt<\/strong> an wild wachsenden <strong>Pflanzen<\/strong> und einer <strong>reichen Fauna<\/strong> darunter <strong>F\u00fcchse, Wildschweine, Hermeline, Steinb\u00f6cke, Alpenhasen, Murmeltiere und K\u00f6nigsadler!<\/strong> Machen wir uns also auf zur <strong>Entdeckungsreise<\/strong> dieses Gebietes, das bekannteren und ber\u00fchmteren <strong>Alpenregionen<\/strong> in nichts nach steht. Eine <strong>Entdeckungsreise<\/strong> auf <strong>Pferden<\/strong> oder auf dem Sattel des <strong>Mountainbike<\/strong> \u00fcber <strong>antike Salzstra\u00dfen<\/strong>, fr\u00fchere Milit\u00e4rstra\u00dfen oder versteckte <strong>Wanderwege<\/strong>, jedoch immer mit grandiosen <strong>Panoramablicken<\/strong> und einer Portion <strong>Abenteuergeist.<\/strong><\/p>\n<p>[\/vc_column_text][\/vc_column][\/vc_row][vc_row][vc_column][vc_separator color=&#8221;custom&#8221; border_width=&#8221;2&#8243; accent_color=&#8221;#ee3383&#8243;][\/vc_column][\/vc_row][vc_row][vc_column][vc_column_text]<\/p>\n<h1>EINMALIGER ERLEBNIS-TRAIL &#8211; VON DER SALZSTRECKE ZUM MEER<\/h1>\n<p>[\/vc_column_text][\/vc_column][\/vc_row][vc_row][vc_column][vc_separator color=&#8221;custom&#8221; border_width=&#8221;2&#8243; accent_color=&#8221;#ee3383&#8243;][\/vc_column][\/vc_row][vc_row][vc_column width=&#8221;1\/2&#8243;][vc_single_image image=&#8221;4756&#8243; img_size=&#8221;full&#8221; alignment=&#8221;center&#8221; style=&#8221;vc_box_rounded&#8221; css_animation=&#8221;appear&#8221;][vc_column_text]<\/p>\n<p style=\"text-align: justify;\"><strong>ASD Val Prino Bike<\/strong> ist ein <strong>Amateursportverband<\/strong>, der viele <strong>Idealisten, Mountainbiker, Vision\u00e4re und Enthusiasten<\/strong> mit dem Wunsch verbindet, die <strong>Schotterpfade<\/strong> und alten <strong>Maultierwege<\/strong> \u00a0des <strong>Hinterlandes von Imperia<\/strong> und des <strong>Prinotals<\/strong> neu zu entdecken, wieder zu beleben und f\u00fcr den <strong>Outdoor Sport<\/strong> zu pr\u00e4parieren.<\/p>\n<p style=\"text-align: justify;\">Die Gruppe hat es sich zur Aufgabe gemacht, dieses <strong>Gebiet Liguriens<\/strong> mit seinen <strong>fantastischen, nat\u00fcrlichen Gegebenheiten<\/strong> zu erschlie\u00dfen f\u00fcr das klassische <strong>Mountainbike<\/strong> und auch f\u00fcr die moderne Version des <strong>E-Bikes<\/strong>. <strong>Outdoor Sport<\/strong> vom Feinsten! Entdecke mit uns <strong>fantastische Offroad-Pisten<\/strong>, um <strong>unber\u00fchrte, unerforschte und unbekannte Orte<\/strong> zu erreichen und das alles \u00a0\u201eoff the beaten tracks\u201c. <em><strong>Willkommen im Prino Tal!<\/strong><\/em><\/p>\n<p>[\/vc_column_text][\/vc_column][vc_column width=&#8221;1\/2&#8243;][vc_single_image image=&#8221;6500&#8243; img_size=&#8221;full&#8221; alignment=&#8221;center&#8221; style=&#8221;vc_box_rounded&#8221; onclick=&#8221;custom_link&#8221; img_link_target=&#8221;_blank&#8221; css_animation=&#8221;appear&#8221; link=&#8221;\/maps\/valprino.pdf&#8221;][\/vc_column][\/vc_row][vc_row][vc_column][vc_separator color=&#8221;custom&#8221; border_width=&#8221;2&#8243; accent_color=&#8221;#ee3383&#8243;][\/vc_column][\/vc_row]<\/p>\n","protected":false},"excerpt":{"rendered":"<p>[vc_row][vc_column][vc_separator color=&#8221;custom&#8221; border_width=&#8221;2&#8243; accent_color=&#8221;#ee3383&#8243;][\/vc_column][\/vc_row][vc_row][vc_column][vc_column_text] HINTERLAND VON IMPERIA &#8211; BLUMENRIVIERA [\/vc_column_text][\/vc_column][\/vc_row][vc_row][vc_column][vc_separator color=&#8221;custom&#8221; border_width=&#8221;2&#8243; accent_color=&#8221;#ee3383&#8243;][\/vc_column][\/vc_row][vc_row][vc_column width=&#8221;1\/2&#8243;][vc_single_image image=&#8221;8183&#8243; img_size=&#8221;full&#8221; alignment=&#8221;center&#8221; style=&#8221;vc_box_rounded&#8221; css_animation=&#8221;appear&#8221;][vc_column_text] Die Blumen Riviera verf\u00fcgt\u00a0 &#8211; Dank auch einiger bemerkenswerter Einzelinitiativen &#8211; \u00fcber ein breites Angebot f\u00fcr den Sport Tourismus, f\u00fcr dessen Anh\u00e4nger der Urlaub an der frischen Luft an erster Stelle steht. Vor allem Anh\u00e4nger von &hellip; <\/p>\n<p class=\"link-more\"><a href=\"https:\/\/liguria-e-bike.com\/de\/\" class=\"more-link\"><span class=\"screen-reader-text\">\u201eHome DE\u201c<\/span> weiterlesen<\/a><\/p>\n","protected":false},"author":1,"featured_media":4729,"parent":0,"menu_order":0,"comment_status":"closed","ping_status":"closed","template":"","meta":{"footnotes":""},"class_list":["post-4308","page","type-page","status-publish","has-post-thumbnail","hentry"],"_links":{"self":[{"href":"https:\/\/liguria-e-bike.com\/de\/wp-json\/wp\/v2\/pages\/4308","targetHints":{"allow":["GET"]}}],"collection":[{"href":"https:\/\/liguria-e-bike.com\/de\/wp-json\/wp\/v2\/pages"}],"about":[{"href":"https:\/\/liguria-e-bike.com\/de\/wp-json\/wp\/v2\/types\/page"}],"author":[{"embeddable":true,"href":"https:\/\/liguria-e-bike.com\/de\/wp-json\/wp\/v2\/users\/1"}],"replies":[{"embeddable":true,"href":"https:\/\/liguria-e-bike.com\/de\/wp-json\/wp\/v2\/comments?post=4308"}],"version-history":[{"count":61,"href":"https:\/\/liguria-e-bike.com\/de\/wp-json\/wp\/v2\/pages\/4308\/revisions"}],"predecessor-version":[{"id":8776,"href":"https:\/\/liguria-e-bike.com\/de\/wp-json\/wp\/v2\/pages\/4308\/revisions\/8776"}],"wp:featuredmedia":[{"embeddable":true,"href":"https:\/\/liguria-e-bike.com\/de\/wp-json\/wp\/v2\/media\/4729"}],"wp:attachment":[{"href":"https:\/\/liguria-e-bike.com\/de\/wp-json\/wp\/v2\/media?parent=4308"}],"curies":[{"name":"wp","href":"https:\/\/api.w.org\/{rel}","templated":true}]}}