{"id":4343,"date":"2021-01-15T10:19:17","date_gmt":"2021-01-15T09:19:17","guid":{"rendered":"https:\/\/liguria-e-bike.com\/per-gruppi\/"},"modified":"2021-07-05T09:15:03","modified_gmt":"2021-07-05T07:15:03","slug":"agriturismi","status":"publish","type":"page","link":"https:\/\/liguria-e-bike.com\/de\/agriturismi\/","title":{"rendered":"AGRITURISMI"},"content":{"rendered":"<p>[vc_row][vc_column][vc_separator color=&#8221;custom&#8221; border_width=&#8221;2&#8243; accent_color=&#8221;#ee3383&#8243;][\/vc_column][\/vc_row][vc_row][vc_column][vc_column_text]<\/p>\n<h1>AGRITURISMI<\/h1>\n<p>[\/vc_column_text][\/vc_column][\/vc_row][vc_row][vc_column][vc_separator color=&#8221;custom&#8221; border_width=&#8221;2&#8243; accent_color=&#8221;#ee3383&#8243;][\/vc_column][\/vc_row][vc_row][vc_column width=&#8221;1\/2&#8243;][vc_column_text]<\/p>\n<p lang=\"de-DE\" style=\"text-align: justify;\">Urlaub machen in einem <strong>Agriturismo<\/strong> <span style=\"color: #000000;\">in<strong> Ligurien <\/strong><\/span>ist wie gemacht f\u00fcr <strong>Familien<\/strong> und einen gr\u00f6\u00dferen <strong>Freundeskreis<\/strong>. <span style=\"color: #000000;\">Viel Platz im Gr\u00fcnen f\u00fcr alle. <\/span>Frische Eier, eigenes <strong>Oliven\u00f6l<\/strong> und <strong>hauseigener Wein<\/strong> \u2013 kurz das <strong>sonnige Landleben<\/strong> erwartet seine G\u00e4ste im <strong>h\u00fcgeligen Prinotal<\/strong>, nur 10 km von der <strong>ligurischen K\u00fcste<\/strong> bei <strong>Imperia<\/strong> entfernt. Die Kinder k\u00f6nnen Tiere f\u00fcttern, Gem\u00fcse ernten, <span style=\"color: #000000;\">je nach Jahreszeit <\/span><strong>Zitronen<span style=\"color: #000000;\">, Kirschen und Feigen <\/span><\/strong>vom Baum pfl\u00fccken. Feinschmecker freuen sich \u00fcber l<strong>andestypische Leckerrein<\/strong> in den hauseigenen <strong>Restaurants und Bars<\/strong>. Echte <strong>Gastfreundschaft<\/strong> in den familiengef\u00fchrten Betrieben und <strong>Natur pur<\/strong> sorgen vom ersten Tag an f\u00fcr <strong>Urlaubsfreude<\/strong>.<\/p>\n<p lang=\"de-DE\" style=\"text-align: justify;\"><strong>Wandern und Mountainbiken<\/strong> mit unseren <strong>Leih-E-Bikes<\/strong> beginn<span style=\"color: #000000;\">en<\/span> gleich ab der Haust\u00fcre, entweder auf eigene Faust mit Tipps und <strong>Wanderkarten<\/strong> vom Gastgeber oder mit einem <strong>ortskundigen Guide<\/strong>, der Sie zu den spektakul\u00e4rsten Pl\u00e4tzen in den Ausl\u00e4ufern der <strong>ligurischen Seealpen<\/strong> bringt.<\/p>\n<p style=\"text-align: justify;\"><span lang=\"de-DE\">Es bleiben keine W\u00fcnsche offen, schreiben Sie uns, was <\/span><span style=\"color: #000000;\"><span lang=\"de-DE\">Sie<\/span><\/span><span lang=\"de-DE\"> gerne im Urlaub immer schon mal unternehmen wollten: <strong>Wildwasser Rafting, Ape fahren, die neuesten E-Bikes<\/strong> ausprobieren, flussaufw\u00e4rts im seichten <strong>Wildbach<\/strong> gegen den Strom wandern, am <strong>Pool<\/strong> d\u00f6sen, Kochkurse belegen, <strong>Yoga workshops<\/strong>, Geburtstage feiern, italienisch lernen, Seminare planen, <strong>Vespa<\/strong> fahren, <strong>Kr\u00e4uterwanderungen, Fototouren, Musik<\/strong> machen beim <strong>Dorffest<\/strong> auf der Piazza, Kunstworkshops, meditieren, <strong>Zelten am Lagerfeuer, Poolparties feiern, Fr\u00fchst\u00fccksbuffet<\/strong> in der Sonne, Sonnenaufgang am Gipfelkreuz mit <strong>Blick zum Meer<\/strong>, N\u00e4hkurse, im Herbst bei der <strong>Olivenernte Erntehelfer<\/strong> werden\u2026 und vieles mehr <\/span><span style=\"font-family: Wingdings;\"><span lang=\"de-DE\">J<\/span><\/span><\/p>\n<p lang=\"it-IT\" style=\"text-align: justify;\"><em><strong>Willkommen im Prinotal!<\/strong><\/em><\/p>\n<p>[\/vc_column_text][\/vc_column][vc_column width=&#8221;1\/2&#8243;][vc_single_image image=&#8221;6080&#8243; img_size=&#8221;full&#8221; alignment=&#8221;center&#8221; css_animation=&#8221;appear&#8221;][\/vc_column][\/vc_row][vc_row][vc_column][vc_separator color=&#8221;custom&#8221; border_width=&#8221;2&#8243; accent_color=&#8221;#ee3383&#8243;][\/vc_column][\/vc_row][vc_row][vc_column width=&#8221;1\/2&#8243;][vc_column_text]<\/p>\n<h1>VALLORIA<\/h1>\n<p>[\/vc_column_text][\/vc_column][vc_column width=&#8221;1\/2&#8243;][\/vc_column][\/vc_row][vc_row][vc_column][vc_separator color=&#8221;custom&#8221; border_width=&#8221;2&#8243; accent_color=&#8221;#ee3383&#8243;][\/vc_column][\/vc_row][vc_row][vc_column width=&#8221;1\/3&#8243;][vc_single_image image=&#8221;5331&#8243; img_size=&#8221;full&#8221; alignment=&#8221;center&#8221; style=&#8221;vc_box_rounded&#8221; onclick=&#8221;custom_link&#8221; img_link_target=&#8221;_blank&#8221; css_animation=&#8221;appear&#8221; link=&#8221;https:\/\/www.sangiuseppeagriturismo.com\/&#8221;][vc_column_text]<\/p>\n<h2 style=\"text-align: center;\">Agriturismo<br \/>\nSan Giuseppe<br \/>\nVLO 200<\/h2>\n<p>[\/vc_column_text][\/vc_column][vc_column width=&#8221;1\/3&#8243;][vc_single_image image=&#8221;5331&#8243; img_size=&#8221;full&#8221; alignment=&#8221;center&#8221; style=&#8221;vc_box_rounded&#8221; onclick=&#8221;custom_link&#8221; img_link_target=&#8221;_blank&#8221; css_animation=&#8221;appear&#8221; link=&#8221;https:\/\/www.sangiuseppeagriturismo.com\/&#8221;][vc_column_text]<\/p>\n<h2 style=\"text-align: center;\">Agriturismo<br \/>\nSan Giuseppe<br \/>\nAppartamento Rosa<br \/>\nVLO 201<\/h2>\n<p>[\/vc_column_text][\/vc_column][vc_column width=&#8221;1\/3&#8243;][vc_single_image image=&#8221;5331&#8243; img_size=&#8221;full&#8221; alignment=&#8221;center&#8221; style=&#8221;vc_box_rounded&#8221; onclick=&#8221;custom_link&#8221; img_link_target=&#8221;_blank&#8221; css_animation=&#8221;appear&#8221; link=&#8221;https:\/\/www.sangiuseppeagriturismo.com\/&#8221;][vc_column_text]<\/p>\n<h2 style=\"text-align: center;\">Agriturismo<br \/>\nSan Giuseppe<br \/>\nAppartamento Oleandro<br \/>\nVLO 202<\/h2>\n<p>[\/vc_column_text][\/vc_column][\/vc_row][vc_row][vc_column width=&#8221;1\/3&#8243;][vc_single_image image=&#8221;5331&#8243; img_size=&#8221;full&#8221; alignment=&#8221;center&#8221; style=&#8221;vc_box_rounded&#8221; onclick=&#8221;custom_link&#8221; img_link_target=&#8221;_blank&#8221; css_animation=&#8221;appear&#8221; link=&#8221;https:\/\/www.sangiuseppeagriturismo.com\/&#8221;][vc_column_text]<\/p>\n<h2 style=\"text-align: center;\">Agriturismo<br \/>\nSan Giuseppe<br \/>\nAppartamento Viola<br \/>\nVLO 203<\/h2>\n<p>[\/vc_column_text][\/vc_column][vc_column width=&#8221;1\/3&#8243;][vc_single_image image=&#8221;5331&#8243; img_size=&#8221;full&#8221; alignment=&#8221;center&#8221; style=&#8221;vc_box_rounded&#8221; onclick=&#8221;custom_link&#8221; img_link_target=&#8221;_blank&#8221; css_animation=&#8221;appear&#8221; link=&#8221;https:\/\/www.sangiuseppeagriturismo.com\/&#8221;][vc_column_text]<\/p>\n<h2 style=\"text-align: center;\">Agriturismo<br \/>\nSan Giuseppe<br \/>\nAppartamento Ciclamino<br \/>\nVLO 204<\/h2>\n<p>[\/vc_column_text][\/vc_column][vc_column width=&#8221;1\/3&#8243;][vc_single_image image=&#8221;5331&#8243; img_size=&#8221;full&#8221; alignment=&#8221;center&#8221; style=&#8221;vc_box_rounded&#8221; onclick=&#8221;custom_link&#8221; img_link_target=&#8221;_blank&#8221; css_animation=&#8221;appear&#8221; link=&#8221;https:\/\/www.sangiuseppeagriturismo.com\/&#8221;][vc_column_text]<\/p>\n<h2 style=\"text-align: center;\">Agriturismo<br \/>\nSan Giuseppe<br \/>\nAppartamento Giglio<br \/>\nVLO 205<\/h2>\n<p>[\/vc_column_text][\/vc_column][\/vc_row][vc_row][vc_column width=&#8221;1\/3&#8243;][vc_single_image image=&#8221;5331&#8243; img_size=&#8221;full&#8221; alignment=&#8221;center&#8221; style=&#8221;vc_box_rounded&#8221; onclick=&#8221;custom_link&#8221; img_link_target=&#8221;_blank&#8221; css_animation=&#8221;appear&#8221; link=&#8221;https:\/\/www.sangiuseppeagriturismo.com\/&#8221;][vc_column_text]<\/p>\n<h2 style=\"text-align: center;\">Agriturismo<br \/>\nSan Giuseppe<br \/>\nAppartamento Primula<br \/>\nVLO 206<\/h2>\n<p>[\/vc_column_text][\/vc_column][vc_column width=&#8221;1\/3&#8243;][vc_single_image image=&#8221;5331&#8243; img_size=&#8221;full&#8221; alignment=&#8221;center&#8221; style=&#8221;vc_box_rounded&#8221; onclick=&#8221;custom_link&#8221; img_link_target=&#8221;_blank&#8221; css_animation=&#8221;appear&#8221; link=&#8221;https:\/\/www.sangiuseppeagriturismo.com\/&#8221;][vc_column_text]<\/p>\n<h2 style=\"text-align: center;\">Agriturismo<br \/>\nSan Giuseppe<br \/>\nCasa San Giuseppe<br \/>\nVLO 210<\/h2>\n<p>[\/vc_column_text][\/vc_column][vc_column width=&#8221;1\/3&#8243;][vc_single_image image=&#8221;5384&#8243; img_size=&#8221;full&#8221; alignment=&#8221;center&#8221; style=&#8221;vc_box_rounded&#8221; onclick=&#8221;custom_link&#8221; img_link_target=&#8221;_blank&#8221; css_animation=&#8221;appear&#8221; link=&#8221;https:\/\/www.sangiuseppeagriturismo.com\/&#8221;][vc_column_text]<\/p>\n<h2 style=\"text-align: center;\">Agriturismo<br \/>\nSan Giuseppe<br \/>\nAppartamento Il Mulino<br \/>\nVLO 207<\/h2>\n<p>[\/vc_column_text][\/vc_column][\/vc_row][vc_row][vc_column width=&#8221;1\/3&#8243;][vc_single_image image=&#8221;8345&#8243; img_size=&#8221;full&#8221; alignment=&#8221;center&#8221; style=&#8221;vc_box_rounded&#8221; onclick=&#8221;custom_link&#8221; img_link_target=&#8221;_blank&#8221; css_animation=&#8221;appear&#8221; link=&#8221;https:\/\/www.sangiuseppeagriturismo.com\/villa-bellaria\/&#8221;][vc_column_text]<\/p>\n<h2 style=\"text-align: center;\">Agriturismo<br \/>\nSan Giuseppe<br \/>\nVilla Bellaria<br \/>\nVLO 190<\/h2>\n<p>[\/vc_column_text][\/vc_column][vc_column width=&#8221;1\/3&#8243;][vc_single_image image=&#8221;9477&#8243; img_size=&#8221;full&#8221; alignment=&#8221;center&#8221; style=&#8221;vc_box_rounded&#8221; onclick=&#8221;custom_link&#8221; img_link_target=&#8221;_blank&#8221; css_animation=&#8221;appear&#8221; link=&#8221;https:\/\/www.agriturismobenza.it\/&#8221;][vc_column_text]<\/p>\n<h2 style=\"text-align: center;\">Agriturismo Benza<\/h2>\n<p style=\"text-align: center;\">Apartments mit Fr\u00fchst\u00fcck<br \/>\nf\u00fcr einen unvergesslichen Urlaub<\/p>\n<p>[\/vc_column_text][\/vc_column][vc_column width=&#8221;1\/3&#8243;][\/vc_column][\/vc_row][vc_row][vc_column][vc_separator color=&#8221;custom&#8221; border_width=&#8221;2&#8243; accent_color=&#8221;#ee3383&#8243;][\/vc_column][\/vc_row][vc_row][vc_column width=&#8221;1\/2&#8243;][vc_column_text]<\/p>\n<h1>DOLCEDO<\/h1>\n<p>[\/vc_column_text][\/vc_column][vc_column width=&#8221;1\/2&#8243;][\/vc_column][\/vc_row][vc_row][vc_column][vc_separator color=&#8221;custom&#8221; border_width=&#8221;2&#8243; accent_color=&#8221;#ee3383&#8243;][\/vc_column][\/vc_row][vc_row][vc_column width=&#8221;1\/3&#8243;][vc_single_image image=&#8221;5867&#8243; img_size=&#8221;full&#8221; alignment=&#8221;center&#8221; style=&#8221;vc_box_rounded&#8221; onclick=&#8221;custom_link&#8221; img_link_target=&#8221;_blank&#8221; css_animation=&#8221;appear&#8221; link=&#8221;https:\/\/www.interchalet.it\/detail.cfm?ag=A0008881&amp;lang=it&amp;object_code=dol160&#8243;][vc_column_text]<\/p>\n<h2 style=\"text-align: center;\">Agriturismo Asplanato<br \/>\nLecchiore<br \/>\nAppartamento Asplanato<br \/>\nDOL 160<\/h2>\n<p>[\/vc_column_text][\/vc_column][vc_column width=&#8221;1\/3&#8243;][vc_single_image image=&#8221;5867&#8243; img_size=&#8221;full&#8221; alignment=&#8221;center&#8221; style=&#8221;vc_box_rounded&#8221; onclick=&#8221;custom_link&#8221; img_link_target=&#8221;_blank&#8221; css_animation=&#8221;appear&#8221; link=&#8221;https:\/\/www.interchalet.it\/detail.cfm?ag=A0008881&amp;lang=it&amp;object_code=dol161&#8243;][vc_column_text]<\/p>\n<h2 style=\"text-align: center;\">Agriturismo Asplanato<br \/>\nLecchiore<br \/>\nAppartamento Asplanato<br \/>\nDOL 161<\/h2>\n<p>[\/vc_column_text][\/vc_column][vc_column width=&#8221;1\/3&#8243;][vc_single_image image=&#8221;5892&#8243; img_size=&#8221;full&#8221; alignment=&#8221;center&#8221; style=&#8221;vc_box_rounded&#8221; onclick=&#8221;custom_link&#8221; img_link_target=&#8221;_blank&#8221; css_animation=&#8221;appear&#8221; link=&#8221;https:\/\/www.interchalet.it\/detail.cfm?ag=A0008881&amp;lang=it&amp;object_code=dol162&#8243;][vc_column_text]<\/p>\n<h2 style=\"text-align: center;\">Agriturismo Asplanato<br \/>\nLecchiore<br \/>\nAppartamento Asplanato<br \/>\nDOL 162<\/h2>\n<p>[\/vc_column_text][\/vc_column][\/vc_row][vc_row][vc_column width=&#8221;1\/3&#8243;][vc_single_image image=&#8221;5892&#8243; img_size=&#8221;full&#8221; alignment=&#8221;center&#8221; style=&#8221;vc_box_rounded&#8221; onclick=&#8221;custom_link&#8221; img_link_target=&#8221;_blank&#8221; css_animation=&#8221;appear&#8221; link=&#8221;https:\/\/www.interchalet.it\/detail.cfm?ag=A0008881&amp;lang=it&amp;object_code=dol163&#8243;][vc_column_text]<\/p>\n<h2 style=\"text-align: center;\">Agriturismo Asplanato<br \/>\nLecchiore<br \/>\nAppartamento Asplanato<br \/>\nDOL 163<\/h2>\n<p>[\/vc_column_text][\/vc_column][vc_column width=&#8221;1\/3&#8243;][vc_single_image image=&#8221;5892&#8243; img_size=&#8221;full&#8221; alignment=&#8221;center&#8221; style=&#8221;vc_box_rounded&#8221; onclick=&#8221;custom_link&#8221; img_link_target=&#8221;_blank&#8221; css_animation=&#8221;appear&#8221; link=&#8221;https:\/\/www.interchalet.it\/detail.cfm?ag=A0008881&amp;lang=it&amp;object_code=dol164&#8243;][vc_column_text]<\/p>\n<h2 style=\"text-align: center;\">Agriturismo Asplanato<br \/>\nLecchiore<br \/>\nAppartamento Asplanato<br \/>\nDOL 164<\/h2>\n<p>[\/vc_column_text][\/vc_column][vc_column width=&#8221;1\/3&#8243;][vc_single_image image=&#8221;5892&#8243; img_size=&#8221;full&#8221; alignment=&#8221;center&#8221; style=&#8221;vc_box_rounded&#8221; onclick=&#8221;custom_link&#8221; img_link_target=&#8221;_blank&#8221; css_animation=&#8221;appear&#8221; link=&#8221;https:\/\/www.interchalet.it\/detail.cfm?ag=A0008881&amp;lang=it&amp;object_code=dol166&#8243;][vc_column_text]<\/p>\n<h2 style=\"text-align: center;\">Agriturismo Asplanato<br \/>\nLecchiore<br \/>\nAppartamento Asplanato<br \/>\nDOL 166<\/h2>\n<p>[\/vc_column_text][\/vc_column][\/vc_row][vc_row][vc_column][vc_separator color=&#8221;custom&#8221; border_width=&#8221;2&#8243; accent_color=&#8221;#ee3383&#8243;][\/vc_column][\/vc_row][vc_row][vc_column width=&#8221;1\/2&#8243;][vc_column_text]<\/p>\n<h1>VASIA \/ PANTASINA<\/h1>\n<p>[\/vc_column_text][\/vc_column][vc_column width=&#8221;1\/2&#8243;][\/vc_column][\/vc_row][vc_row][vc_column][vc_separator color=&#8221;custom&#8221; border_width=&#8221;2&#8243; accent_color=&#8221;#ee3383&#8243;][\/vc_column][\/vc_row][vc_row][vc_column width=&#8221;1\/3&#8243;][vc_single_image image=&#8221;9358&#8243; img_size=&#8221;full&#8221; alignment=&#8221;center&#8221; style=&#8221;vc_box_rounded&#8221; onclick=&#8221;custom_link&#8221; img_link_target=&#8221;_blank&#8221; css_animation=&#8221;appear&#8221; link=&#8221;https:\/\/www.agricotta.com\/casa-rosa\/&#8221;][vc_column_text]<\/p>\n<h2 style=\"text-align: center;\">Agriturismo Agricotta<\/h2>\n<p style=\"text-align: center;\">Casa Rosa<\/p>\n<p>[\/vc_column_text][\/vc_column][vc_column width=&#8221;1\/3&#8243;][vc_single_image image=&#8221;9385&#8243; img_size=&#8221;full&#8221; alignment=&#8221;center&#8221; style=&#8221;vc_box_rounded&#8221; onclick=&#8221;custom_link&#8221; img_link_target=&#8221;_blank&#8221; css_animation=&#8221;appear&#8221; link=&#8221;https:\/\/www.agricotta.com\/casa-roccolo\/&#8221;][vc_column_text]<\/p>\n<h2 style=\"text-align: center;\">Agriturismo Agricotta<\/h2>\n<p style=\"text-align: center;\">Casa Roccolo<\/p>\n<p>[\/vc_column_text][\/vc_column][vc_column width=&#8221;1\/3&#8243;][vc_single_image image=&#8221;9394&#8243; img_size=&#8221;full&#8221; alignment=&#8221;center&#8221; style=&#8221;vc_box_rounded&#8221; onclick=&#8221;custom_link&#8221; img_link_target=&#8221;_blank&#8221; css_animation=&#8221;appear&#8221; link=&#8221;https:\/\/www.agricotta.com\/casa-lavanda\/&#8221;][vc_column_text]<\/p>\n<h2 style=\"text-align: center;\">Agriturismo Agricotta<\/h2>\n<p style=\"text-align: center;\">Casa Lavanda<\/p>\n<p>[\/vc_column_text][\/vc_column][\/vc_row][vc_row][vc_column][vc_separator color=&#8221;custom&#8221; border_width=&#8221;2&#8243; accent_color=&#8221;#ee3383&#8243;][\/vc_column][\/vc_row]<\/p>\n","protected":false},"excerpt":{"rendered":"<p>[vc_row][vc_column][vc_separator color=&#8221;custom&#8221; border_width=&#8221;2&#8243; accent_color=&#8221;#ee3383&#8243;][\/vc_column][\/vc_row][vc_row][vc_column][vc_column_text] AGRITURISMI [\/vc_column_text][\/vc_column][\/vc_row][vc_row][vc_column][vc_separator color=&#8221;custom&#8221; border_width=&#8221;2&#8243; accent_color=&#8221;#ee3383&#8243;][\/vc_column][\/vc_row][vc_row][vc_column width=&#8221;1\/2&#8243;][vc_column_text] Urlaub machen in einem Agriturismo in Ligurien ist wie gemacht f\u00fcr Familien und einen gr\u00f6\u00dferen Freundeskreis. Viel Platz im Gr\u00fcnen f\u00fcr alle. Frische Eier, eigenes Oliven\u00f6l und hauseigener Wein \u2013 kurz das sonnige Landleben erwartet seine G\u00e4ste im h\u00fcgeligen Prinotal, nur 10 km von der &hellip; <\/p>\n<p class=\"link-more\"><a href=\"https:\/\/liguria-e-bike.com\/de\/agriturismi\/\" class=\"more-link\"><span class=\"screen-reader-text\">\u201eAGRITURISMI\u201c<\/span> weiterlesen<\/a><\/p>\n","protected":false},"author":1,"featured_media":0,"parent":0,"menu_order":0,"comment_status":"closed","ping_status":"closed","template":"","meta":{"footnotes":""},"class_list":["post-4343","page","type-page","status-publish","hentry"],"_links":{"self":[{"href":"https:\/\/liguria-e-bike.com\/de\/wp-json\/wp\/v2\/pages\/4343","targetHints":{"allow":["GET"]}}],"collection":[{"href":"https:\/\/liguria-e-bike.com\/de\/wp-json\/wp\/v2\/pages"}],"about":[{"href":"https:\/\/liguria-e-bike.com\/de\/wp-json\/wp\/v2\/types\/page"}],"author":[{"embeddable":true,"href":"https:\/\/liguria-e-bike.com\/de\/wp-json\/wp\/v2\/users\/1"}],"replies":[{"embeddable":true,"href":"https:\/\/liguria-e-bike.com\/de\/wp-json\/wp\/v2\/comments?post=4343"}],"version-history":[{"count":38,"href":"https:\/\/liguria-e-bike.com\/de\/wp-json\/wp\/v2\/pages\/4343\/revisions"}],"predecessor-version":[{"id":9494,"href":"https:\/\/liguria-e-bike.com\/de\/wp-json\/wp\/v2\/pages\/4343\/revisions\/9494"}],"wp:attachment":[{"href":"https:\/\/liguria-e-bike.com\/de\/wp-json\/wp\/v2\/media?parent=4343"}],"curies":[{"name":"wp","href":"https:\/\/api.w.org\/{rel}","templated":true}]}}