{"id":4348,"date":"2021-01-15T10:20:07","date_gmt":"2021-01-15T09:20:07","guid":{"rendered":"https:\/\/liguria-e-bike.com\/casa-bici\/"},"modified":"2022-05-19T20:48:22","modified_gmt":"2022-05-19T18:48:22","slug":"casa-vacanza","status":"publish","type":"page","link":"https:\/\/liguria-e-bike.com\/de\/casa-vacanza\/","title":{"rendered":"FERIENH\u00c4USER"},"content":{"rendered":"<p>[vc_row][vc_column][vc_separator color=&#8221;custom&#8221; border_width=&#8221;2&#8243; accent_color=&#8221;#ee3383&#8243;][\/vc_column][\/vc_row][vc_row][vc_column][vc_column_text]<\/p>\n<h1>FERIENH\u00c4USER<\/h1>\n<p>[\/vc_column_text][\/vc_column][\/vc_row][vc_row][vc_column][vc_separator color=&#8221;custom&#8221; border_width=&#8221;2&#8243; accent_color=&#8221;#ee3383&#8243;][\/vc_column][\/vc_row][vc_row][vc_column width=&#8221;1\/2&#8243;][vc_column_text]<\/p>\n<p lang=\"de-DE\" style=\"text-align: justify;\"><span style=\"font-size: 12pt;\">Unsere <strong>Ferienh\u00e4user<\/strong> liegen in der <strong>wildromantischen Naturlandschaft<\/strong> im <strong>Hinterland<\/strong>, nahe der <strong>Str\u00e4nde von Imperia und San Lorenzo al Mare<\/strong>. Wohnen in mittelalterlichen <strong>Bergd\u00f6rfern<\/strong>, mit herrlichen <strong>Wanderwegen<\/strong> und k\u00fchlen <strong>Felswasserbecken<\/strong> in den <strong>Bergb\u00e4chen<\/strong>, die zum <strong>Baden und Rasten<\/strong> einladen.<\/span><\/p>\n<p style=\"text-align: justify;\"><span style=\"font-size: 12pt;\"><strong><span lang=\"de-DE\">Trails <\/span><span style=\"color: #000000;\"><span lang=\"de-DE\">f\u00fcr Mountainbikes <\/span><\/span><\/strong><span lang=\"de-DE\"><strong>und Wanderwege<\/strong>\u00a0 liegen direkt vor der Haust\u00fcre. Viele Unterk\u00fcnfte liegen in <strong>alten M\u00fchlen<\/strong> und <strong>Landg\u00fctern<\/strong> mit <strong>Natursteinmauern<\/strong> und <strong>Naturg\u00e4rten<\/strong>, die <strong>Wohnungen<\/strong> sind originell mit <strong>viel Liebe zum Detail<\/strong> eingerichtet. <\/span><span style=\"color: #000000;\"><span lang=\"it-IT\"><strong>Gastfreundschaft<\/strong> steht f\u00fcr uns an erster Stelle. <em><strong>Wir freuen uns auf Sie!<\/strong><\/em><\/span><\/span><\/span><\/p>\n<p style=\"text-align: justify;\"><span style=\"font-size: 12pt;\"><strong>\u00a0<\/strong><\/span><\/p>\n<p>[\/vc_column_text][\/vc_column][vc_column width=&#8221;1\/2&#8243;][vc_single_image image=&#8221;6062&#8243; img_size=&#8221;full&#8221; alignment=&#8221;center&#8221; css_animation=&#8221;appear&#8221;][\/vc_column][\/vc_row][vc_row][vc_column][vc_separator color=&#8221;custom&#8221; border_width=&#8221;2&#8243; accent_color=&#8221;#ee3383&#8243;][\/vc_column][\/vc_row][vc_row][vc_column width=&#8221;1\/2&#8243;][vc_column_text]<\/p>\n<h1>MOLINO DI PRELA<\/h1>\n<p>[\/vc_column_text][\/vc_column][vc_column width=&#8221;1\/2&#8243;][\/vc_column][\/vc_row][vc_row][vc_column][vc_separator color=&#8221;custom&#8221; border_width=&#8221;2&#8243; accent_color=&#8221;#ee3383&#8243;][\/vc_column][\/vc_row][vc_row][vc_column width=&#8221;1\/3&#8243;][vc_single_image image=&#8221;5116&#8243; img_size=&#8221;full&#8221; alignment=&#8221;center&#8221; style=&#8221;vc_box_rounded&#8221; onclick=&#8221;custom_link&#8221; img_link_target=&#8221;_blank&#8221; css_animation=&#8221;appear&#8221; link=&#8221;https:\/\/www.interchalet.it\/detail.cfm?ag=A0008881&amp;lang=it&amp;object_code=pre130&#8243;][vc_column_text]<\/p>\n<h2 style=\"text-align: center;\">Agriturismo Val Prino<br \/>\nPRE 130<\/h2>\n<p>[\/vc_column_text][\/vc_column][vc_column width=&#8221;1\/3&#8243;][vc_single_image image=&#8221;5134&#8243; img_size=&#8221;full&#8221; alignment=&#8221;center&#8221; style=&#8221;vc_box_rounded&#8221; onclick=&#8221;custom_link&#8221; img_link_target=&#8221;_blank&#8221; css_animation=&#8221;appear&#8221; link=&#8221;https:\/\/www.interchalet.it\/detail.cfm?ag=A0008881&amp;lang=it&amp;object_code=pre131&#8243;][vc_column_text]<\/p>\n<h2 style=\"text-align: center;\">Agriturismo Val Prino<br \/>\nPRE 131<\/h2>\n<p>[\/vc_column_text][\/vc_column][vc_column width=&#8221;1\/3&#8243;][vc_single_image image=&#8221;5145&#8243; img_size=&#8221;full&#8221; alignment=&#8221;center&#8221; style=&#8221;vc_box_rounded&#8221; onclick=&#8221;custom_link&#8221; img_link_target=&#8221;_blank&#8221; css_animation=&#8221;appear&#8221; link=&#8221;https:\/\/www.interchalet.it\/detail.cfm?ag=A0008881&amp;lang=it&amp;object_code=pre155&#8243;][vc_column_text]<\/p>\n<h2 style=\"text-align: center;\">Pool Villa<br \/>\nPRE 155<\/h2>\n<p>[\/vc_column_text][\/vc_column][\/vc_row][vc_row][vc_column width=&#8221;1\/3&#8243;][vc_single_image image=&#8221;5156&#8243; img_size=&#8221;full&#8221; alignment=&#8221;center&#8221; style=&#8221;vc_box_rounded&#8221; onclick=&#8221;custom_link&#8221; img_link_target=&#8221;_blank&#8221; css_animation=&#8221;appear&#8221; link=&#8221;https:\/\/www.interchalet.it\/detail.cfm?ag=A0008881&amp;lang=it&amp;object_code=pre170&#8243;][vc_column_text]<\/p>\n<h2 style=\"text-align: center;\">Appartamento Adriana<br \/>\nPRE 170<\/h2>\n<p>[\/vc_column_text][\/vc_column][vc_column width=&#8221;1\/3&#8243;][vc_single_image image=&#8221;5156&#8243; img_size=&#8221;full&#8221; alignment=&#8221;center&#8221; style=&#8221;vc_box_rounded&#8221; onclick=&#8221;custom_link&#8221; img_link_target=&#8221;_blank&#8221; css_animation=&#8221;appear&#8221; link=&#8221;https:\/\/www.interchalet.it\/detail.cfm?ag=A0008881&amp;lang=it&amp;object_code=pre171&#8243;][vc_column_text]<\/p>\n<h2 style=\"text-align: center;\">Appartamento Luca<br \/>\nPRE 171<\/h2>\n<p>[\/vc_column_text][\/vc_column][vc_column width=&#8221;1\/3&#8243;][vc_single_image image=&#8221;5156&#8243; img_size=&#8221;full&#8221; alignment=&#8221;center&#8221; style=&#8221;vc_box_rounded&#8221; onclick=&#8221;custom_link&#8221; img_link_target=&#8221;_blank&#8221; css_animation=&#8221;appear&#8221; link=&#8221;https:\/\/www.interchalet.it\/detail.cfm?ag=A0008881&amp;lang=it&amp;object_code=pre172&#8243;][vc_column_text]<\/p>\n<h2 style=\"text-align: center;\">Appartamento Marco<br \/>\nPRE 172<\/h2>\n<p>[\/vc_column_text][\/vc_column][\/vc_row][vc_row][vc_column width=&#8221;1\/3&#8243;][vc_single_image image=&#8221;5156&#8243; img_size=&#8221;full&#8221; alignment=&#8221;center&#8221; style=&#8221;vc_box_rounded&#8221; onclick=&#8221;custom_link&#8221; img_link_target=&#8221;_blank&#8221; css_animation=&#8221;appear&#8221; link=&#8221;https:\/\/www.interchalet.it\/detail.cfm?ag=A0008881&amp;lang=it&amp;object_code=pre173&#8243;][vc_column_text]<\/p>\n<h2 style=\"text-align: center;\">Appartamento Pia<br \/>\nPRE 173<\/h2>\n<p>[\/vc_column_text][\/vc_column][vc_column width=&#8221;1\/3&#8243;][vc_single_image image=&#8221;5156&#8243; img_size=&#8221;full&#8221; alignment=&#8221;center&#8221; style=&#8221;vc_box_rounded&#8221; onclick=&#8221;custom_link&#8221; img_link_target=&#8221;_blank&#8221; css_animation=&#8221;appear&#8221; link=&#8221;https:\/\/www.interchalet.it\/detail.cfm?ag=A0008881&amp;lang=it&amp;object_code=pre174&#8243;][vc_column_text]<\/p>\n<h2 style=\"text-align: center;\">Casa Adriana, Pia Luca &amp; Marco<br \/>\nPRE 174<\/h2>\n<p>[\/vc_column_text][\/vc_column][vc_column width=&#8221;1\/3&#8243;][\/vc_column][\/vc_row][vc_row][vc_column][vc_separator color=&#8221;custom&#8221; border_width=&#8221;2&#8243; accent_color=&#8221;#ee3383&#8243;][\/vc_column][\/vc_row][vc_row][vc_column width=&#8221;1\/2&#8243;][vc_column_text]<\/p>\n<h1>TAVOLE<\/h1>\n<p>[\/vc_column_text][\/vc_column][vc_column width=&#8221;1\/2&#8243;][\/vc_column][\/vc_row][vc_row][vc_column][vc_separator color=&#8221;custom&#8221; border_width=&#8221;2&#8243; accent_color=&#8221;#ee3383&#8243;][\/vc_column][\/vc_row][vc_row][vc_column width=&#8221;1\/3&#8243;][vc_single_image image=&#8221;5227&#8243; img_size=&#8221;full&#8221; alignment=&#8221;center&#8221; style=&#8221;vc_box_rounded&#8221; onclick=&#8221;custom_link&#8221; img_link_target=&#8221;_blank&#8221; css_animation=&#8221;appear&#8221; link=&#8221;https:\/\/www.interchalet.it\/detail.cfm?ag=A0008881&amp;lang=it&amp;object_code=tve150&#8243;][vc_column_text]<\/p>\n<h2 style=\"text-align: center;\">Agriturismo<br \/>\nCa\u00b4de Baudo l\u00b4Ameican<br \/>\nTVE 150<\/h2>\n<p>[\/vc_column_text][\/vc_column][vc_column width=&#8221;1\/3&#8243;][\/vc_column][vc_column width=&#8221;1\/3&#8243;][\/vc_column][\/vc_row][vc_row][vc_column width=&#8221;1\/3&#8243;][vc_single_image image=&#8221;5238&#8243; img_size=&#8221;full&#8221; alignment=&#8221;center&#8221; style=&#8221;vc_box_rounded&#8221; onclick=&#8221;custom_link&#8221; img_link_target=&#8221;_blank&#8221; css_animation=&#8221;appear&#8221; link=&#8221;https:\/\/www.interchalet.it\/detail.cfm?ag=A0008881&amp;lang=it&amp;object_code=tve170&#8243;][vc_column_text]<\/p>\n<h2 style=\"text-align: center;\">Agriturismo<br \/>\nIl vecchio mulino a Tavole<br \/>\nAppartamento Il Loggiato<br \/>\nTVE 170<\/h2>\n<p>[\/vc_column_text][\/vc_column][vc_column width=&#8221;1\/3&#8243;][vc_single_image image=&#8221;5238&#8243; img_size=&#8221;full&#8221; alignment=&#8221;center&#8221; style=&#8221;vc_box_rounded&#8221; onclick=&#8221;custom_link&#8221; img_link_target=&#8221;_blank&#8221; css_animation=&#8221;appear&#8221; link=&#8221;https:\/\/www.interchalet.it\/detail.cfm?ag=A0008881&amp;lang=it&amp;object_code=tve171&#8243;][vc_column_text]<\/p>\n<h2 style=\"text-align: center;\">Agriturismo<br \/>\nIl vecchio mulino a Tavole<br \/>\nAppartamento A Ca&#8217; de Gi\u00f9<br \/>\nTVE 171<\/h2>\n<p>[\/vc_column_text][\/vc_column][vc_column width=&#8221;1\/3&#8243;][vc_single_image image=&#8221;5238&#8243; img_size=&#8221;full&#8221; alignment=&#8221;center&#8221; style=&#8221;vc_box_rounded&#8221; onclick=&#8221;custom_link&#8221; img_link_target=&#8221;_blank&#8221; css_animation=&#8221;appear&#8221; link=&#8221;https:\/\/www.interchalet.it\/detail.cfm?ag=A0008881&amp;lang=it&amp;object_code=tve172&#8243;][vc_column_text]<\/p>\n<h2 style=\"text-align: center;\">Agriturismo<br \/>\nIl vecchio mulino a Tavole<br \/>\nAppartamento<br \/>\nLoggiato &amp; A Ca&#8217; de Gi\u00f9<br \/>\nTVE 172<\/h2>\n<p>[\/vc_column_text][\/vc_column][\/vc_row][vc_row][vc_column][vc_separator color=&#8221;custom&#8221; border_width=&#8221;2&#8243; accent_color=&#8221;#ee3383&#8243;][\/vc_column][\/vc_row][vc_row][vc_column width=&#8221;1\/2&#8243;][vc_column_text]<\/p>\n<h1>VALLORIA<\/h1>\n<p>[\/vc_column_text][\/vc_column][vc_column width=&#8221;1\/2&#8243;][\/vc_column][\/vc_row][vc_row][vc_column][vc_separator color=&#8221;custom&#8221; border_width=&#8221;2&#8243; accent_color=&#8221;#ee3383&#8243;][\/vc_column][\/vc_row][vc_row][vc_column width=&#8221;1\/3&#8243;][vc_single_image image=&#8221;5331&#8243; img_size=&#8221;full&#8221; alignment=&#8221;center&#8221; style=&#8221;vc_box_rounded&#8221; onclick=&#8221;custom_link&#8221; img_link_target=&#8221;_blank&#8221; css_animation=&#8221;appear&#8221; link=&#8221;https:\/\/www.sangiuseppeagriturismo.com\/&#8221;][vc_column_text]<\/p>\n<h2 style=\"text-align: center;\">Agriturismo<br \/>\nSan Giuseppe<br \/>\nVLO 200<\/h2>\n<p>[\/vc_column_text][\/vc_column][vc_column width=&#8221;1\/3&#8243;][vc_single_image image=&#8221;5331&#8243; img_size=&#8221;full&#8221; alignment=&#8221;center&#8221; style=&#8221;vc_box_rounded&#8221; onclick=&#8221;custom_link&#8221; img_link_target=&#8221;_blank&#8221; css_animation=&#8221;appear&#8221; link=&#8221;https:\/\/www.sangiuseppeagriturismo.com\/&#8221;][vc_column_text]<\/p>\n<h2 style=\"text-align: center;\">Agriturismo<br \/>\nSan Giuseppe<br \/>\nAppartamento Rosa<br \/>\nVLO 201<\/h2>\n<p>[\/vc_column_text][\/vc_column][vc_column width=&#8221;1\/3&#8243;][vc_single_image image=&#8221;5331&#8243; img_size=&#8221;full&#8221; alignment=&#8221;center&#8221; style=&#8221;vc_box_rounded&#8221; onclick=&#8221;custom_link&#8221; img_link_target=&#8221;_blank&#8221; css_animation=&#8221;appear&#8221; link=&#8221;https:\/\/www.sangiuseppeagriturismo.com\/&#8221;][vc_column_text]<\/p>\n<h2 style=\"text-align: center;\">Agriturismo<br \/>\nSan Giuseppe<br \/>\nAppartamento Oleandro<br \/>\nVLO 202<\/h2>\n<p>[\/vc_column_text][\/vc_column][\/vc_row][vc_row][vc_column width=&#8221;1\/3&#8243;][vc_single_image image=&#8221;5331&#8243; img_size=&#8221;full&#8221; alignment=&#8221;center&#8221; style=&#8221;vc_box_rounded&#8221; onclick=&#8221;custom_link&#8221; img_link_target=&#8221;_blank&#8221; css_animation=&#8221;appear&#8221; link=&#8221;https:\/\/www.sangiuseppeagriturismo.com\/&#8221;][vc_column_text]<\/p>\n<h2 style=\"text-align: center;\">Agriturismo<br \/>\nSan Giuseppe<br \/>\nAppartamento Viola<br \/>\nVLO 203<\/h2>\n<p>[\/vc_column_text][\/vc_column][vc_column width=&#8221;1\/3&#8243;][vc_single_image image=&#8221;5331&#8243; img_size=&#8221;full&#8221; alignment=&#8221;center&#8221; style=&#8221;vc_box_rounded&#8221; onclick=&#8221;custom_link&#8221; img_link_target=&#8221;_blank&#8221; css_animation=&#8221;appear&#8221; link=&#8221;https:\/\/www.sangiuseppeagriturismo.com\/&#8221;][vc_column_text]<\/p>\n<h2 style=\"text-align: center;\">Agriturismo<br \/>\nSan Giuseppe<br \/>\nAppartamento Ciclamino<br \/>\nVLO 204<\/h2>\n<p>[\/vc_column_text][\/vc_column][vc_column width=&#8221;1\/3&#8243;][vc_single_image image=&#8221;5331&#8243; img_size=&#8221;full&#8221; alignment=&#8221;center&#8221; style=&#8221;vc_box_rounded&#8221; onclick=&#8221;custom_link&#8221; img_link_target=&#8221;_blank&#8221; css_animation=&#8221;appear&#8221; link=&#8221;https:\/\/www.sangiuseppeagriturismo.com\/&#8221;][vc_column_text]<\/p>\n<h2 style=\"text-align: center;\">Agriturismo<br \/>\nSan Giuseppe<br \/>\nAppartamento Giglio<br \/>\nVLO 205<\/h2>\n<p>[\/vc_column_text][\/vc_column][\/vc_row][vc_row][vc_column width=&#8221;1\/3&#8243;][vc_single_image image=&#8221;5331&#8243; img_size=&#8221;full&#8221; alignment=&#8221;center&#8221; style=&#8221;vc_box_rounded&#8221; onclick=&#8221;custom_link&#8221; img_link_target=&#8221;_blank&#8221; css_animation=&#8221;appear&#8221; link=&#8221;https:\/\/www.sangiuseppeagriturismo.com\/&#8221;][vc_column_text]<\/p>\n<h2 style=\"text-align: center;\">Agriturismo<br \/>\nSan Giuseppe<br \/>\nAppartamento Primula<br \/>\nVLO 206<\/h2>\n<p>[\/vc_column_text][\/vc_column][vc_column width=&#8221;1\/3&#8243;][vc_single_image image=&#8221;5331&#8243; img_size=&#8221;full&#8221; alignment=&#8221;center&#8221; style=&#8221;vc_box_rounded&#8221; onclick=&#8221;custom_link&#8221; img_link_target=&#8221;_blank&#8221; css_animation=&#8221;appear&#8221; link=&#8221;https:\/\/www.sangiuseppeagriturismo.com\/&#8221;][vc_column_text]<\/p>\n<h2 style=\"text-align: center;\">Agriturismo<br \/>\nSan Giuseppe<br \/>\nCasa San Giuseppe<br \/>\nVLO 210<\/h2>\n<p>[\/vc_column_text][\/vc_column][vc_column width=&#8221;1\/3&#8243;][vc_single_image image=&#8221;5384&#8243; img_size=&#8221;full&#8221; alignment=&#8221;center&#8221; style=&#8221;vc_box_rounded&#8221; onclick=&#8221;custom_link&#8221; img_link_target=&#8221;_blank&#8221; css_animation=&#8221;appear&#8221; link=&#8221;https:\/\/www.sangiuseppeagriturismo.com\/&#8221;][vc_column_text]<\/p>\n<h2 style=\"text-align: center;\">Agriturismo<br \/>\nSan Giuseppe<br \/>\nAppartamento Il Mulino<br \/>\nVLO 207<\/h2>\n<p>[\/vc_column_text][\/vc_column][\/vc_row][vc_row][vc_column width=&#8221;1\/3&#8243;][vc_single_image image=&#8221;8345&#8243; img_size=&#8221;full&#8221; alignment=&#8221;center&#8221; style=&#8221;vc_box_rounded&#8221; onclick=&#8221;custom_link&#8221; img_link_target=&#8221;_blank&#8221; css_animation=&#8221;appear&#8221; link=&#8221;https:\/\/www.sangiuseppeagriturismo.com\/villa-bellaria\/&#8221;][vc_column_text]<\/p>\n<h2 style=\"text-align: center;\">Agriturismo<br \/>\nSan Giuseppe<br \/>\nVilla Bellaria<br \/>\nVLO 190<\/h2>\n<p>[\/vc_column_text][\/vc_column][vc_column width=&#8221;1\/3&#8243;][\/vc_column][vc_column width=&#8221;1\/3&#8243;][\/vc_column][\/vc_row][vc_row][vc_column width=&#8221;1\/3&#8243;][vc_single_image image=&#8221;5402&#8243; img_size=&#8221;full&#8221; alignment=&#8221;center&#8221; style=&#8221;vc_box_rounded&#8221; onclick=&#8221;custom_link&#8221; img_link_target=&#8221;_blank&#8221; css_animation=&#8221;appear&#8221; link=&#8221;https:\/\/www.interchalet.it\/detail.cfm?ag=A0008881&amp;lang=it&amp;object_code=vlo130&#8243;][vc_column_text]<\/p>\n<h2 style=\"text-align: center;\">Casa Ca&#8217; da Ciassa<br \/>\nVLO 130<\/h2>\n<p>[\/vc_column_text][\/vc_column][vc_column width=&#8221;1\/3&#8243;][vc_single_image image=&#8221;5413&#8243; img_size=&#8221;full&#8221; alignment=&#8221;center&#8221; style=&#8221;vc_box_rounded&#8221; onclick=&#8221;custom_link&#8221; img_link_target=&#8221;_blank&#8221; css_animation=&#8221;appear&#8221; link=&#8221;https:\/\/www.interchalet.it\/detail.cfm?ag=A0008881&amp;lang=it&amp;object_code=vlo131&#8243;][vc_column_text]<\/p>\n<h2 style=\"text-align: center;\">Casa Ca&#8217; da Prima Porta<br \/>\nVLO 131<\/h2>\n<p>[\/vc_column_text][\/vc_column][vc_column width=&#8221;1\/3&#8243;][vc_single_image image=&#8221;5424&#8243; img_size=&#8221;full&#8221; alignment=&#8221;center&#8221; style=&#8221;vc_box_rounded&#8221; onclick=&#8221;custom_link&#8221; img_link_target=&#8221;_blank&#8221; css_animation=&#8221;appear&#8221; link=&#8221;https:\/\/www.interchalet.it\/detail.cfm?ag=A0008881&amp;lang=it&amp;object_code=vlo132&#8243;][vc_column_text]<\/p>\n<h2 style=\"text-align: center;\">Casa<br \/>\nCa&#8217; da Ciassa<br \/>\nPrima Porta<br \/>\nVLO 132<\/h2>\n<p>[\/vc_column_text][\/vc_column][\/vc_row][vc_row][vc_column][vc_separator color=&#8221;custom&#8221; border_width=&#8221;2&#8243; accent_color=&#8221;#ee3383&#8243;][\/vc_column][\/vc_row][vc_row][vc_column width=&#8221;1\/2&#8243;][vc_column_text]<\/p>\n<h1>DOLCEDO<\/h1>\n<p>[\/vc_column_text][\/vc_column][vc_column width=&#8221;1\/2&#8243;][\/vc_column][\/vc_row][vc_row][vc_column][vc_separator color=&#8221;custom&#8221; border_width=&#8221;2&#8243; accent_color=&#8221;#ee3383&#8243;][\/vc_column][\/vc_row][vc_row][vc_column width=&#8221;1\/3&#8243;][vc_single_image image=&#8221;5821&#8243; img_size=&#8221;full&#8221; alignment=&#8221;center&#8221; style=&#8221;vc_box_rounded&#8221; onclick=&#8221;custom_link&#8221; img_link_target=&#8221;_blank&#8221; css_animation=&#8221;appear&#8221; link=&#8221;https:\/\/www.interchalet.it\/detail.cfm?ag=A0008881&amp;lang=it&amp;object_code=dol100&#8243;][vc_column_text]<\/p>\n<h2 style=\"text-align: center;\">Agriturismo<br \/>\nCasa del Cavaliere<br \/>\nCasa Angela<br \/>\nDOL 100<\/h2>\n<p>[\/vc_column_text][\/vc_column][vc_column width=&#8221;1\/3&#8243;][vc_single_image image=&#8221;5839&#8243; img_size=&#8221;full&#8221; alignment=&#8221;center&#8221; style=&#8221;vc_box_rounded&#8221; onclick=&#8221;custom_link&#8221; img_link_target=&#8221;_blank&#8221; css_animation=&#8221;appear&#8221; link=&#8221;https:\/\/www.interchalet.it\/detail.cfm?ag=A0008881&amp;lang=it&amp;object_code=dol123&#8243;][vc_column_text]<\/p>\n<h2 style=\"text-align: center;\">Agriturismo<br \/>\nCasa del Cavaliere<br \/>\nAppartamento Limone<br \/>\nDOL 123<\/h2>\n<p>[\/vc_column_text][\/vc_column][vc_column width=&#8221;1\/3&#8243;][vc_single_image image=&#8221;5856&#8243; img_size=&#8221;full&#8221; alignment=&#8221;center&#8221; style=&#8221;vc_box_rounded&#8221; onclick=&#8221;custom_link&#8221; img_link_target=&#8221;_blank&#8221; css_animation=&#8221;appear&#8221; link=&#8221;https:\/\/www.interchalet.it\/detail.cfm?ag=A0008881&amp;lang=it&amp;object_code=dol105&#8243;][vc_column_text]<\/p>\n<h2 style=\"text-align: center;\">Agriturismo<br \/>\nCasa del Cavaliere<br \/>\nAppartamento<br \/>\nCasa del Cavaliere<br \/>\nDOL 105<\/h2>\n<p>[\/vc_column_text][\/vc_column][\/vc_row][vc_row][vc_column width=&#8221;1\/3&#8243;][vc_single_image image=&#8221;8617&#8243; img_size=&#8221;full&#8221; alignment=&#8221;center&#8221; style=&#8221;vc_box_rounded&#8221; onclick=&#8221;custom_link&#8221; img_link_target=&#8221;_blank&#8221; css_animation=&#8221;appear&#8221; link=&#8221;https:\/\/www.interchalet.it\/detail.cfm?ag=A0008881&amp;lang=it&amp;object_code=dol301&#8243;][vc_column_text]<\/p>\n<h2 style=\"text-align: center;\">Borgata Vallone<br \/>\nLecchiore<br \/>\nCasa Zambo<br \/>\nDOL 301<\/h2>\n<p>[\/vc_column_text][\/vc_column][vc_column width=&#8221;1\/3&#8243;][vc_single_image image=&#8221;8617&#8243; img_size=&#8221;full&#8221; alignment=&#8221;center&#8221; style=&#8221;vc_box_rounded&#8221; onclick=&#8221;custom_link&#8221; img_link_target=&#8221;_blank&#8221; css_animation=&#8221;appear&#8221; link=&#8221;https:\/\/www.interchalet.it\/detail.cfm?ag=A0008881&amp;lang=it&amp;object_code=dol302&#8243;][vc_column_text]<\/p>\n<h2 style=\"text-align: center;\">Borgata Vallone<br \/>\nLecchiore<br \/>\nCasa Zambo<br \/>\nDOL 302<\/h2>\n<p>[\/vc_column_text][\/vc_column][vc_column width=&#8221;1\/3&#8243;][vc_single_image image=&#8221;5946&#8243; img_size=&#8221;full&#8221; alignment=&#8221;center&#8221; style=&#8221;vc_box_rounded&#8221; onclick=&#8221;custom_link&#8221; img_link_target=&#8221;_blank&#8221; css_animation=&#8221;appear&#8221; link=&#8221;https:\/\/www.interchalet.it\/detail.cfm?ag=A0008881&amp;lang=it&amp;object_code=dol303&#8243;][vc_column_text]<\/p>\n<h2 style=\"text-align: center;\">Borgata Vallone<br \/>\nLecchiore<br \/>\nCasa Zambo<br \/>\nDOL 303<\/h2>\n<p>[\/vc_column_text][\/vc_column][\/vc_row][vc_row][vc_column width=&#8221;1\/3&#8243;][vc_single_image image=&#8221;9623&#8243; img_size=&#8221;full&#8221; alignment=&#8221;center&#8221; style=&#8221;vc_box_rounded&#8221; onclick=&#8221;custom_link&#8221; img_link_target=&#8221;_blank&#8221; css_animation=&#8221;appear&#8221; link=&#8221;https:\/\/www.interchalet.de\/italien\/ligurien-riviera-ponente\/dolcedo\/ferienwohnung-daniela-dol295-it1790.645.1\/&#8221;][vc_column_text]<\/p>\n<h2 style=\"text-align: center;\">Ferienwohnung<br \/>\nDaniela<br \/>\nDOL 295<\/h2>\n<p>[\/vc_column_text][\/vc_column][\/vc_row][vc_row][vc_column][vc_separator color=&#8221;custom&#8221; border_width=&#8221;2&#8243; accent_color=&#8221;#ee3383&#8243;][\/vc_column][\/vc_row]<\/p>\n","protected":false},"excerpt":{"rendered":"<p>[vc_row][vc_column][vc_separator color=&#8221;custom&#8221; border_width=&#8221;2&#8243; accent_color=&#8221;#ee3383&#8243;][\/vc_column][\/vc_row][vc_row][vc_column][vc_column_text] FERIENH\u00c4USER [\/vc_column_text][\/vc_column][\/vc_row][vc_row][vc_column][vc_separator color=&#8221;custom&#8221; border_width=&#8221;2&#8243; accent_color=&#8221;#ee3383&#8243;][\/vc_column][\/vc_row][vc_row][vc_column width=&#8221;1\/2&#8243;][vc_column_text] Unsere Ferienh\u00e4user liegen in der wildromantischen Naturlandschaft im Hinterland, nahe der Str\u00e4nde von Imperia und San Lorenzo al Mare. Wohnen in mittelalterlichen Bergd\u00f6rfern, mit herrlichen Wanderwegen und k\u00fchlen Felswasserbecken in den Bergb\u00e4chen, die zum Baden und Rasten einladen. Trails f\u00fcr Mountainbikes und Wanderwege\u00a0 liegen direkt &hellip; <\/p>\n<p class=\"link-more\"><a href=\"https:\/\/liguria-e-bike.com\/de\/casa-vacanza\/\" class=\"more-link\"><span class=\"screen-reader-text\">\u201eFERIENH\u00c4USER\u201c<\/span> weiterlesen<\/a><\/p>\n","protected":false},"author":1,"featured_media":0,"parent":0,"menu_order":0,"comment_status":"closed","ping_status":"closed","template":"","meta":{"footnotes":""},"class_list":["post-4348","page","type-page","status-publish","hentry"],"_links":{"self":[{"href":"https:\/\/liguria-e-bike.com\/de\/wp-json\/wp\/v2\/pages\/4348","targetHints":{"allow":["GET"]}}],"collection":[{"href":"https:\/\/liguria-e-bike.com\/de\/wp-json\/wp\/v2\/pages"}],"about":[{"href":"https:\/\/liguria-e-bike.com\/de\/wp-json\/wp\/v2\/types\/page"}],"author":[{"embeddable":true,"href":"https:\/\/liguria-e-bike.com\/de\/wp-json\/wp\/v2\/users\/1"}],"replies":[{"embeddable":true,"href":"https:\/\/liguria-e-bike.com\/de\/wp-json\/wp\/v2\/comments?post=4348"}],"version-history":[{"count":48,"href":"https:\/\/liguria-e-bike.com\/de\/wp-json\/wp\/v2\/pages\/4348\/revisions"}],"predecessor-version":[{"id":9630,"href":"https:\/\/liguria-e-bike.com\/de\/wp-json\/wp\/v2\/pages\/4348\/revisions\/9630"}],"wp:attachment":[{"href":"https:\/\/liguria-e-bike.com\/de\/wp-json\/wp\/v2\/media?parent=4348"}],"curies":[{"name":"wp","href":"https:\/\/api.w.org\/{rel}","templated":true}]}}