{"id":4980,"date":"2021-01-18T12:32:47","date_gmt":"2021-01-18T11:32:47","guid":{"rendered":"https:\/\/liguria-e-bike.com\/partner\/"},"modified":"2021-04-12T16:33:16","modified_gmt":"2021-04-12T14:33:16","slug":"partner","status":"publish","type":"page","link":"https:\/\/liguria-e-bike.com\/de\/partner\/","title":{"rendered":"PARTNER"},"content":{"rendered":"<p>[vc_row][vc_column][vc_separator color=&#8221;custom&#8221; border_width=&#8221;2&#8243; accent_color=&#8221;#ee3383&#8243;][\/vc_column][\/vc_row][vc_row][vc_column][vc_column_text]<\/p>\n<h1>UNSERE SPONSOREN<\/h1>\n<p>[\/vc_column_text][\/vc_column][\/vc_row][vc_row][vc_column][vc_separator color=&#8221;custom&#8221; border_width=&#8221;2&#8243; accent_color=&#8221;#ee3383&#8243;][\/vc_column][\/vc_row][vc_row][vc_column width=&#8221;1\/2&#8243;][vc_column_text]Dank des Beitrags dieser Sponsoren k\u00f6nnen wir Ihnen helfen, die Sch\u00f6nheit, den Wert und die Gastfreundschaft unserer L\u00e4nder in Ihrem Urlaub zu entdecken.[\/vc_column_text][\/vc_column][vc_column width=&#8221;1\/2&#8243;][vc_single_image image=&#8221;4839&#8243; img_size=&#8221;full&#8221; alignment=&#8221;center&#8221; css_animation=&#8221;appear&#8221;][\/vc_column][\/vc_row][vc_row][vc_column][vc_separator color=&#8221;custom&#8221; border_width=&#8221;2&#8243; accent_color=&#8221;#ee3383&#8243;][\/vc_column][\/vc_row][vc_row][vc_column width=&#8221;1\/4&#8243;][vc_single_image image=&#8221;9034&#8243; img_size=&#8221;full&#8221; alignment=&#8221;center&#8221; style=&#8221;vc_box_rounded&#8221; onclick=&#8221;custom_link&#8221; img_link_target=&#8221;_blank&#8221; css_animation=&#8221;appear&#8221; link=&#8221;https:\/\/cinque-valli.com\/&#8221;][\/vc_column][vc_column width=&#8221;3\/4&#8243;][vc_column_text]<a href=\"https:\/\/cinque-valli.com\/\" target=\"_blank\" rel=\"noopener\"><strong>Cinque Valli<\/strong><\/a> umfasst mehr als <strong>60 St\u00e4dte und D\u00f6rfer<\/strong> in der Provinz <strong>Imperia<\/strong> und in <strong>Frankreich<\/strong>.<\/p>\n<p>Die Gegend hat viel zu bieten. <strong>Natur, Meer, Berg<\/strong>. So viele sch\u00f6ne D\u00f6rfer! <a href=\"https:\/\/cinque-valli.com\/listings\/?search_keywords=&amp;search_categories%5B%5D=38\" target=\"_blank\" rel=\"noopener\"><strong>Kultur und Essen<\/strong><\/a> und nat\u00fcrlich viele <a href=\"https:\/\/cinque-valli.com\/event-5-valli\/\" target=\"_blank\" rel=\"noopener\"><strong>Veranstaltungen<\/strong><\/a>, das ganze Jahr \u00fcber, nicht nur in der Hochsaison.<\/p>\n<p>Bevor Sie kommen, k\u00f6nnen Sie einen Blick in den Bereich <a href=\"https:\/\/cinque-valli.com\/listings\/?search_keywords=&amp;search_categories%5B%5D=40\" target=\"_blank\" rel=\"noopener\"><strong>Unterkunft<\/strong><\/a> auf der Webseite von <a href=\"https:\/\/5valli.com\" target=\"_blank\" rel=\"noopener\"><strong>Cinque Valli<\/strong><\/a> werfen und w\u00e4hrend Sie da sind, vergessen Sie nicht, einen Blick auf die vielen Restaurants und Bars zu werfen. Bitte \u00fcberpr\u00fcfen Sie unseren <a href=\"https:\/\/cinque-valli.com\/event-5-valli\/\" target=\"_blank\" rel=\"noopener\"><strong>Veranstaltungskalender<\/strong><\/a>, der einen guten \u00dcberblick \u00fcber die vielen Veranstaltungen im Laufe des Jahres bietet.<\/p>\n<p>Sie sollten sich auch den Abschnitt <a href=\"https:\/\/cinque-valli.com\/listings\/?search_keywords=&amp;search_categories%5B%5D=43\" target=\"_blank\" rel=\"noopener\"><strong>Was zu tun<\/strong><\/a> und den Abschnitt <a href=\"https:\/\/cinque-valli.com\/blog\/\" target=\"_blank\" rel=\"noopener\"><strong>Tipps und Artikel<\/strong><\/a> ansehen. Hier finden Sie gute Ideen, was Sie w\u00e4hrend Ihres Aufenthalts im <a href=\"https:\/\/cinque-valli.com\/\" target=\"_blank\" rel=\"noopener\"><strong>Cinque Valli<\/strong><\/a> unternehmen k\u00f6nnen.<\/p>\n<p>Im Bereich <a href=\"https:\/\/cinque-valli.com\/download-favorite-city-map\/\" target=\"_blank\" rel=\"noopener\"><strong>Stadtpl\u00e4ne<\/strong><\/a> haben wir einige der Stadtpl\u00e4ne gesammelt. F\u00fchlen Sie sich frei, sie <a href=\"https:\/\/cinque-valli.com\/download-favorite-city-map\/\" target=\"_blank\" rel=\"noopener\"><strong>herunterzuladen und auszudrucken<\/strong><\/a>.[\/vc_column_text][\/vc_column][\/vc_row][vc_row][vc_column][vc_separator color=&#8221;custom&#8221; border_width=&#8221;2&#8243; accent_color=&#8221;#ee3383&#8243;][\/vc_column][\/vc_row][vc_row][vc_column width=&#8221;1\/3&#8243;][vc_single_image image=&#8221;8820&#8243; img_size=&#8221;full&#8221; alignment=&#8221;center&#8221; style=&#8221;vc_box_rounded&#8221; onclick=&#8221;custom_link&#8221; img_link_target=&#8221;_blank&#8221; css_animation=&#8221;appear&#8221; link=&#8221;https:\/\/www.vdl-service.com\/&#8221;][\/vc_column][vc_column width=&#8221;1\/3&#8243;][vc_column_text]<span class=\"s1\">VDL nasce dall\u2019idea di offrire una gestione immobiliare di eccellenza. Ad oggi \u00e8 un importante punto di riferimento per i proprietari di una casa vacanze nel Ponente ligure.<\/span>[\/vc_column_text][\/vc_column][\/vc_row][vc_row][vc_column][vc_separator color=&#8221;custom&#8221; border_width=&#8221;2&#8243; accent_color=&#8221;#ee3383&#8243;][\/vc_column][\/vc_row][vc_row][vc_column width=&#8221;1\/3&#8243;][vc_single_image image=&#8221;8058&#8243; img_size=&#8221;full&#8221; alignment=&#8221;center&#8221; style=&#8221;vc_box_rounded&#8221; onclick=&#8221;custom_link&#8221; img_link_target=&#8221;_blank&#8221; css_animation=&#8221;appear&#8221; link=&#8221;https:\/\/www.facebook.com\/ASD-Horse-Mill-320231658790467\/&#8221;][\/vc_column][vc_column width=&#8221;1\/3&#8243;][vc_column_text]Das Pferdesportzentrum ASD Horse Mill befindet sich in der N\u00e4he von Dolcedo und bietet Kurse f\u00fcr Erwachsene und Kinder f\u00fcr Westernreiten sowie Unterrichtspakete f\u00fcr Touristen an.<\/p>\n<p>In den Sommermonaten organisieren wir:<\/p>\n<p>&#8220;Gr\u00fcne Wochen in der Reitschule f\u00fcr Kinder von 4 bis 14 Jahren&#8221;<\/p>\n<p>und f\u00fcr die Kleinen:<\/p>\n<p>&#8220;Kurse zur Ann\u00e4herung an die Welt der Pferde&#8221;.<\/p>\n<p>Das Zentrum nimmt an den &#8220;Pony Games&#8221; -Meisterschaften in Ligurien und Piemont teil.[\/vc_column_text][\/vc_column][vc_column width=&#8221;1\/3&#8243;][vc_single_image image=&#8221;8951&#8243; img_size=&#8221;full&#8221; alignment=&#8221;center&#8221; style=&#8221;vc_box_rounded&#8221; onclick=&#8221;custom_link&#8221; img_link_target=&#8221;_blank&#8221; css_animation=&#8221;appear&#8221; link=&#8221;https:\/\/www.facebook.com\/ASD-Horse-Mill-320231658790467\/&#8221;][\/vc_column][\/vc_row][vc_row][vc_column width=&#8221;1\/3&#8243;][vc_single_image image=&#8221;8097&#8243; img_size=&#8221;full&#8221; alignment=&#8221;center&#8221; style=&#8221;vc_box_rounded&#8221; onclick=&#8221;custom_link&#8221; img_link_target=&#8221;_blank&#8221; css_animation=&#8221;appear&#8221; link=&#8221;https:\/\/www.facebook.com\/ASD-Horse-Mill-320231658790467\/&#8221;][\/vc_column][vc_column width=&#8221;1\/3&#8243;][vc_single_image image=&#8221;8101&#8243; img_size=&#8221;full&#8221; alignment=&#8221;center&#8221; style=&#8221;vc_box_rounded&#8221; onclick=&#8221;custom_link&#8221; img_link_target=&#8221;_blank&#8221; css_animation=&#8221;appear&#8221; link=&#8221;https:\/\/www.facebook.com\/ASD-Horse-Mill-320231658790467\/&#8221;][\/vc_column][vc_column width=&#8221;1\/3&#8243;][vc_single_image image=&#8221;8103&#8243; img_size=&#8221;full&#8221; alignment=&#8221;center&#8221; style=&#8221;vc_box_rounded&#8221; onclick=&#8221;custom_link&#8221; img_link_target=&#8221;_blank&#8221; css_animation=&#8221;appear&#8221; link=&#8221;https:\/\/www.facebook.com\/ASD-Horse-Mill-320231658790467\/&#8221;][\/vc_column][\/vc_row][vc_row][vc_column][vc_separator color=&#8221;custom&#8221; border_width=&#8221;2&#8243; accent_color=&#8221;#ee3383&#8243;][\/vc_column][\/vc_row][vc_row][vc_column width=&#8221;1\/6&#8243;][vc_single_image image=&#8221;9066&#8243; img_size=&#8221;full&#8221; alignment=&#8221;center&#8221; style=&#8221;vc_box_rounded&#8221; onclick=&#8221;custom_link&#8221; img_link_target=&#8221;_blank&#8221; css_animation=&#8221;appear&#8221; link=&#8221;https:\/\/www.comune.imperia.it\/&#8221;][vc_column_text]<\/p>\n<h5 style=\"text-align: center;\"><span style=\"font-size: 14pt;\">Imperia<\/span><\/h5>\n<p>[\/vc_column_text][\/vc_column][vc_column width=&#8221;1\/6&#8243;][vc_single_image image=&#8221;7896&#8243; img_size=&#8221;full&#8221; alignment=&#8221;center&#8221; style=&#8221;vc_box_rounded&#8221; onclick=&#8221;custom_link&#8221; img_link_target=&#8221;_blank&#8221; css_animation=&#8221;appear&#8221; link=&#8221;http:\/\/www.comune.dolcedo.im.it\/&#8221;][vc_column_text]<\/p>\n<h5 style=\"text-align: center;\"><span style=\"font-size: 14pt;\">Dolcedo<\/span><\/h5>\n<p>[\/vc_column_text][\/vc_column][vc_column width=&#8221;1\/6&#8243;][vc_single_image image=&#8221;7898&#8243; img_size=&#8221;full&#8221; alignment=&#8221;center&#8221; style=&#8221;vc_box_rounded&#8221; onclick=&#8221;custom_link&#8221; img_link_target=&#8221;_blank&#8221; css_animation=&#8221;appear&#8221; link=&#8221;http:\/\/www.comune.prela.im.it\/&#8221;][vc_column_text]<\/p>\n<h5 style=\"text-align: center;\"><span style=\"font-size: 14pt;\">Prel\u00e0<\/span><\/h5>\n<p>[\/vc_column_text][\/vc_column][vc_column width=&#8221;1\/6&#8243;][vc_single_image image=&#8221;7900&#8243; img_size=&#8221;full&#8221; alignment=&#8221;center&#8221; style=&#8221;vc_box_rounded&#8221; onclick=&#8221;custom_link&#8221; img_link_target=&#8221;_blank&#8221; css_animation=&#8221;appear&#8221; link=&#8221;http:\/\/www.comune.vasia.im.it\/&#8221;][vc_column_text]<\/p>\n<h5 style=\"text-align: center;\"><span style=\"font-size: 14pt;\">Vasia<\/span><\/h5>\n<p>[\/vc_column_text][\/vc_column][vc_column width=&#8221;1\/6&#8243;][vc_single_image image=&#8221;7902&#8243; img_size=&#8221;full&#8221; alignment=&#8221;center&#8221; style=&#8221;vc_box_rounded&#8221; onclick=&#8221;custom_link&#8221; img_link_target=&#8221;_blank&#8221; css_animation=&#8221;appear&#8221; link=&#8221;http:\/\/www.comunepietrabruna.it\/&#8221;][vc_column_text]<\/p>\n<h5 style=\"text-align: center;\"><span style=\"font-size: 14pt;\">Pietrabruna<\/span><\/h5>\n<p>[\/vc_column_text][\/vc_column][vc_column width=&#8221;1\/6&#8243;][\/vc_column][\/vc_row][vc_row][vc_column][vc_separator color=&#8221;custom&#8221; border_width=&#8221;2&#8243; accent_color=&#8221;#ee3383&#8243;][\/vc_column][\/vc_row]<\/p>\n","protected":false},"excerpt":{"rendered":"<p>[vc_row][vc_column][vc_separator color=&#8221;custom&#8221; border_width=&#8221;2&#8243; accent_color=&#8221;#ee3383&#8243;][\/vc_column][\/vc_row][vc_row][vc_column][vc_column_text] UNSERE SPONSOREN [\/vc_column_text][\/vc_column][\/vc_row][vc_row][vc_column][vc_separator color=&#8221;custom&#8221; border_width=&#8221;2&#8243; accent_color=&#8221;#ee3383&#8243;][\/vc_column][\/vc_row][vc_row][vc_column width=&#8221;1\/2&#8243;][vc_column_text]Dank des Beitrags dieser Sponsoren k\u00f6nnen wir Ihnen helfen, die Sch\u00f6nheit, den Wert und die Gastfreundschaft unserer L\u00e4nder in Ihrem Urlaub zu entdecken.[\/vc_column_text][\/vc_column][vc_column width=&#8221;1\/2&#8243;][vc_single_image image=&#8221;4839&#8243; img_size=&#8221;full&#8221; alignment=&#8221;center&#8221; css_animation=&#8221;appear&#8221;][\/vc_column][\/vc_row][vc_row][vc_column][vc_separator color=&#8221;custom&#8221; border_width=&#8221;2&#8243; accent_color=&#8221;#ee3383&#8243;][\/vc_column][\/vc_row][vc_row][vc_column width=&#8221;1\/4&#8243;][vc_single_image image=&#8221;9034&#8243; img_size=&#8221;full&#8221; alignment=&#8221;center&#8221; style=&#8221;vc_box_rounded&#8221; onclick=&#8221;custom_link&#8221; img_link_target=&#8221;_blank&#8221; css_animation=&#8221;appear&#8221; link=&#8221;https:\/\/cinque-valli.com\/&#8221;][\/vc_column][vc_column width=&#8221;3\/4&#8243;][vc_column_text]Cinque Valli umfasst mehr als &hellip; <\/p>\n<p class=\"link-more\"><a href=\"https:\/\/liguria-e-bike.com\/de\/partner\/\" class=\"more-link\"><span class=\"screen-reader-text\">\u201ePARTNER\u201c<\/span> weiterlesen<\/a><\/p>\n","protected":false},"author":1,"featured_media":5533,"parent":0,"menu_order":0,"comment_status":"closed","ping_status":"closed","template":"","meta":{"footnotes":""},"class_list":["post-4980","page","type-page","status-publish","has-post-thumbnail","hentry"],"_links":{"self":[{"href":"https:\/\/liguria-e-bike.com\/de\/wp-json\/wp\/v2\/pages\/4980","targetHints":{"allow":["GET"]}}],"collection":[{"href":"https:\/\/liguria-e-bike.com\/de\/wp-json\/wp\/v2\/pages"}],"about":[{"href":"https:\/\/liguria-e-bike.com\/de\/wp-json\/wp\/v2\/types\/page"}],"author":[{"embeddable":true,"href":"https:\/\/liguria-e-bike.com\/de\/wp-json\/wp\/v2\/users\/1"}],"replies":[{"embeddable":true,"href":"https:\/\/liguria-e-bike.com\/de\/wp-json\/wp\/v2\/comments?post=4980"}],"version-history":[{"count":247,"href":"https:\/\/liguria-e-bike.com\/de\/wp-json\/wp\/v2\/pages\/4980\/revisions"}],"predecessor-version":[{"id":9133,"href":"https:\/\/liguria-e-bike.com\/de\/wp-json\/wp\/v2\/pages\/4980\/revisions\/9133"}],"wp:featuredmedia":[{"embeddable":true,"href":"https:\/\/liguria-e-bike.com\/de\/wp-json\/wp\/v2\/media\/5533"}],"wp:attachment":[{"href":"https:\/\/liguria-e-bike.com\/de\/wp-json\/wp\/v2\/media?parent=4980"}],"curies":[{"name":"wp","href":"https:\/\/api.w.org\/{rel}","templated":true}]}}