{"id":5461,"date":"2021-01-19T14:09:27","date_gmt":"2021-01-19T13:09:27","guid":{"rendered":"https:\/\/liguria-e-bike.com\/sentieri-piemonte-liguria\/"},"modified":"2021-07-19T12:04:08","modified_gmt":"2021-07-19T10:04:08","slug":"alta-via-del-sale","status":"publish","type":"page","link":"https:\/\/liguria-e-bike.com\/de\/alta-via-del-sale\/","title":{"rendered":"ALTA VIA DEL SALE"},"content":{"rendered":"<p>[vc_row][vc_column][vc_separator color=&#8221;custom&#8221; border_width=&#8221;2&#8243; accent_color=&#8221;#ee3383&#8243;][\/vc_column][\/vc_row][vc_row][vc_column][vc_column_text]<\/p>\n<h1>ALTA VIA DEL SALE (Hohe Salzstra\u00dfe)<br \/>\nDIE ALTE VERBINDUNG ZWISCHEN LIGURIA UND PIEDMONT<\/h1>\n<p>[\/vc_column_text][\/vc_column][\/vc_row][vc_row][vc_column][vc_separator color=&#8221;custom&#8221; border_width=&#8221;2&#8243; accent_color=&#8221;#ee3383&#8243;][\/vc_column][\/vc_row][vc_row][vc_column width=&#8221;1\/2&#8243;][vc_column_text]<\/p>\n<p style=\"text-align: justify;\">Unter den <strong>zahlreichen Wegen<\/strong>, die <strong>Ligurien<\/strong> fr\u00fcher mit dem <strong>Piemont<\/strong> verbanden, war eine der bekanntesten und beliebtesten die <strong>&#8220;Alta Via del Sale&#8221;<\/strong>, eine spektakul\u00e4re <strong>H\u00f6henstra\u00dfe<\/strong>, die von Bergdorf <strong>Limone Piemonte<\/strong> aus hinunter zum <strong>Meer<\/strong> f\u00fchrte.<br \/>\nSie wurde zur Zeit Karls des Gro\u00dfen erbaut und war jahrelang eine strategische Route f\u00fcr den <strong>Transit von G\u00fctern und Menschen<\/strong>.<\/p>\n<p>Warum der Name Salzstra\u00dfe <strong>&#8220;Via del Sale&#8221;<\/strong>?<br \/>\nEs sei daran erinnert, dass <strong>Salz<\/strong>, das Grundelement der menschlichen und tierischen Ern\u00e4hrung, im Laufe der Jahrhunderte kostbarer war als <strong>Gold<\/strong>.<br \/>\nIn <strong>Limone Piemonte<\/strong> hat der Handel mit diesem Rohstoff eine gro\u00dfe Bedeutung erlangt, wenn man die geografische Lage des <strong>Piemont<\/strong> betrachtet: umgeben an der einen Seite von den <strong>Alpen<\/strong> und ohne Zugang zum Meer auf der anderen Seite.<strong> Ligurien<\/strong>, einst die <strong>Republik von Genua<\/strong>, stand immer im Gegensatz zum <strong>Haus Savoyen<\/strong>. Der G\u00fcterverkehr und Handel aus <strong>Turin und Cuneo<\/strong> hielt im Allgemeinen in <strong>Limone Piemonte<\/strong> an, wo die Vierbeiner und ihre Fahrer wechselten, und fuhr dann weiter in Richtung <strong>Colle di Tenda<\/strong>. Es war eine der wenigen Verbindungsstra\u00dfen zwischen der <strong>Hochebene und dem Meer<\/strong>.<\/p>\n<p>[\/vc_column_text][\/vc_column][vc_column width=&#8221;1\/2&#8243;][vc_single_image image=&#8221;8247&#8243; img_size=&#8221;full&#8221; alignment=&#8221;center&#8221; css_animation=&#8221;appear&#8221;][\/vc_column][\/vc_row][vc_row][vc_column width=&#8221;1\/2&#8243;][vc_column_text]<\/p>\n<p style=\"text-align: justify;\">Die Karawanen mit Handelsg\u00fctern fuhren dann weiter in Richtung <strong>Colle della Boaria<\/strong> und erreichten durch die <strong>Region Carsene<\/strong> und den <strong>Colle dei Signori<\/strong> zuerst <strong>Monesi<\/strong> und dann die nachfolgenden <strong>P\u00e4sse Tanarello, Garezzo und Mezzaluna<\/strong>, um entlang der H\u00f6henk\u00e4mme in die T\u00e4ler des <strong>Argentino, des Impero und des Maro<\/strong> nach S\u00fcden zu gelangen.<\/p>\n<p>Dieser charakteristische <strong>Saumpfad<\/strong> \u00fcberschritt keine gro\u00dfen H\u00f6hen, blieb sogar ziemlich flach, \u00fcber den <strong>Colle della Boaria<\/strong> und war in der Herzogsepoche der <strong>Savoyen<\/strong> auch als <strong>Via Marenca<\/strong> (&#8220;die zum Meer f\u00fchrt&#8221;) bekannt.<br \/>\n<strong>Die Marenca-Stra\u00dfe<\/strong>, die bereits in zwei Dokumenten aus dem <strong>Jahr 1207<\/strong> erw\u00e4hnt wurde, ist daher mindestens <strong>800 Jahre<\/strong> alt und kann als eine der <strong>\u00e4ltesten Salzstra\u00dfen<\/strong> angesehen werden.<\/p>\n<p style=\"text-align: justify;\"><strong>\u00a0<\/strong><\/p>\n<p>[\/vc_column_text][\/vc_column][vc_column width=&#8221;1\/2&#8243;][vc_single_image image=&#8221;8279&#8243; img_size=&#8221;full&#8221; alignment=&#8221;center&#8221; css_animation=&#8221;appear&#8221;][\/vc_column][\/vc_row][vc_row][vc_column width=&#8221;1\/2&#8243;][vc_column_text]<\/p>\n<p style=\"text-align: justify;\">Die <strong>Via Marenca<\/strong> war daher <strong>&#8220;Stra\u00dfe zum Meer&#8221;<\/strong>, die k\u00f6nigliche Stra\u00dfe, die <strong>Handelsroute<\/strong>, die F\u00fcrstenstra\u00dfe, die Naturstra\u00dfe, eine Stra\u00dfe, die historisch von allen genutzt wurde: von <strong>Hirten und Bauern, von Prinzen und Soldaten und Pilgern<\/strong>.<br \/>\nVor dem letzten gro\u00dfen Krieg war es eine besondere Aufgabe des Milit\u00e4rs, diese <strong>antike Schotterstra\u00dfe<\/strong> so gut zu erhalten, insbesondere entlang der Strecke <strong>Colle Boaria &#8211; Passo Tanarello<\/strong>, dass sie auch heute noch sogar von <strong>Gel\u00e4ndefahrzeugen und Motorr\u00e4dern<\/strong> befahren werden kann.<\/p>\n<p>Wir folgen einem <strong>Pfad<\/strong>, der sich in <strong>Serpentinen<\/strong> in die H\u00f6he windet, in eine der <strong>spektakul\u00e4rsten und wildesten Landschaften<\/strong> unserer <strong>Alpen<\/strong>, auf alten <strong>Milit\u00e4rstra\u00dfen<\/strong> verl\u00e4uft und <strong>spektakul\u00e4re Blicke<\/strong> frei gibt.<br \/>\nAuf der Reise werden wir vom Pfeifen der <strong>Murmeltiere<\/strong> und von <strong>Steinb\u00f6cken<\/strong> begleitet, w\u00e4hrend die Meilensteine \u200b\u200bam Stra\u00dfenrand, jeweils einen Kilometer voneinander entfernt, uns die zur\u00fcckgelegte Strecke zeigen.<\/p>\n<p>[\/vc_column_text][\/vc_column][vc_column width=&#8221;1\/2&#8243;][vc_single_image image=&#8221;8270&#8243; img_size=&#8221;full&#8221; alignment=&#8221;center&#8221; css_animation=&#8221;appear&#8221;][\/vc_column][\/vc_row][vc_row][vc_column width=&#8221;1\/3&#8243;][vc_single_image image=&#8221;9543&#8243; img_size=&#8221;full&#8221; alignment=&#8221;center&#8221; css_animation=&#8221;appear&#8221;][\/vc_column][vc_column width=&#8221;1\/3&#8243;][vc_single_image image=&#8221;9541&#8243; img_size=&#8221;full&#8221; alignment=&#8221;center&#8221; css_animation=&#8221;appear&#8221;][\/vc_column][vc_column width=&#8221;1\/3&#8243;][vc_single_image image=&#8221;9539&#8243; img_size=&#8221;full&#8221; alignment=&#8221;center&#8221; css_animation=&#8221;appear&#8221;][\/vc_column][\/vc_row][vc_row][vc_column width=&#8221;1\/3&#8243;][vc_single_image image=&#8221;9539&#8243; img_size=&#8221;full&#8221; alignment=&#8221;center&#8221; css_animation=&#8221;appear&#8221;][\/vc_column][vc_column width=&#8221;1\/3&#8243;][vc_column_text]<\/p>\n<div class=\"wp-playlist wp-video-playlist wp-playlist-light\">\n\t\t<video controls=\"controls\" preload=\"none\" width=\"503\"\n\t\t height=\"277\"\t><\/video>\n\t<div class=\"wp-playlist-next\"><\/div>\n\t<div class=\"wp-playlist-prev\"><\/div>\n\t<noscript>\n\t<ol>\n\t\t<li><a href='https:\/\/liguria-e-bike.com\/wp-content\/uploads\/2021\/07\/WhatsApp-Video-2021-07-17-at-08.02.08.mp4'>WhatsApp Video 2021-07-17 at 08.02.08<\/a><\/li>\t<\/ol>\n\t<\/noscript>\n\t<script type=\"application\/json\" class=\"wp-playlist-script\">{\"type\":\"video\",\"tracklist\":true,\"tracknumbers\":true,\"images\":true,\"artists\":true,\"tracks\":[{\"src\":\"https:\/\/liguria-e-bike.com\/wp-content\/uploads\/2021\/07\/WhatsApp-Video-2021-07-17-at-08.02.08.mp4\",\"type\":\"video\/mp4\",\"title\":\"WhatsApp Video 2021-07-17 at 08.02.08\",\"caption\":\"\",\"description\":\"\",\"meta\":{\"length_formatted\":\"1:00\"},\"dimensions\":{\"original\":{\"width\":640,\"height\":352},\"resized\":{\"width\":503,\"height\":277}},\"image\":{\"src\":\"https:\/\/liguria-e-bike.com\/wp-includes\/images\/media\/video.svg\",\"width\":48,\"height\":64},\"thumb\":{\"src\":\"https:\/\/liguria-e-bike.com\/wp-includes\/images\/media\/video.svg\",\"width\":48,\"height\":64}}]}<\/script>\n<\/div>\n\t\n<p>[\/vc_column_text][\/vc_column][vc_column width=&#8221;1\/3&#8243;][vc_single_image image=&#8221;9535&#8243; img_size=&#8221;full&#8221; alignment=&#8221;center&#8221; css_animation=&#8221;appear&#8221;][\/vc_column][\/vc_row][vc_row][vc_column][vc_separator color=&#8221;custom&#8221; border_width=&#8221;2&#8243; accent_color=&#8221;#ee3383&#8243;][\/vc_column][\/vc_row][vc_row][vc_column width=&#8221;1\/2&#8243;][vc_single_image image=&#8221;8303&#8243; img_size=&#8221;full&#8221; alignment=&#8221;center&#8221; css_animation=&#8221;appear&#8221;][\/vc_column][vc_column width=&#8221;1\/2&#8243;][vc_column_text]<\/p>\n\r\n        <div class='html5_video_players' style=\"width:px;\" data-nonce=\"f2f34ff66a\" data-attributes=\"{&quot;type&quot;:&quot;block&quot;,&quot;additionalID&quot;:&quot;&quot;,&quot;options&quot;:{&quot;controls&quot;:[&quot;play-large&quot;,&quot;play&quot;,&quot;progress&quot;,&quot;current-time&quot;,&quot;mute&quot;,&quot;volume&quot;,&quot;settings&quot;,&quot;pip&quot;,&quot;download&quot;,&quot;fullscreen&quot;],&quot;tooltips&quot;:{&quot;controls&quot;:true,&quot;seek&quot;:true},&quot;seekTime&quot;:10,&quot;loop&quot;:{&quot;active&quot;:false},&quot;autoplay&quot;:false,&quot;muted&quot;:false,&quot;hideControls&quot;:true,&quot;resetOnEnd&quot;:true,&quot;captions&quot;:{&quot;active&quot;:false,&quot;update&quot;:false,&quot;language&quot;:&quot;auto&quot;},&quot;ratio&quot;:null,&quot;speed&quot;:{&quot;selected&quot;:1,&quot;options&quot;:[0.5,0.75,1,1.25,1.75]},&quot;storage&quot;:{&quot;enabled&quot;:true},&quot;urls&quot;:{&quot;enabled&quot;:false,&quot;download&quot;:null},&quot;markers&quot;:{&quot;enabled&quot;:true,&quot;points&quot;:[]},&quot;ads&quot;:{&quot;enabled&quot;:false,&quot;tagUrl&quot;:false},&quot;preload&quot;:&quot;metadata&quot;},&quot;features&quot;:{&quot;overlay&quot;:{&quot;enabled&quot;:false,&quot;items&quot;:[{&quot;color&quot;:&quot;&quot;,&quot;hoverColor&quot;:&quot;&quot;,&quot;fontSize&quot;:&quot;17px&quot;,&quot;link&quot;:&quot;&quot;,&quot;logo&quot;:&quot;&quot;,&quot;position&quot;:false,&quot;text&quot;:&quot;&quot;,&quot;type&quot;:&quot;logo&quot;,&quot;backgroundColor&quot;:false,&quot;opacity&quot;:false}]},&quot;sticky&quot;:{&quot;enabled&quot;:false,&quot;position&quot;:&quot;top_right&quot;},&quot;chapters&quot;:[],&quot;watermark&quot;:{&quot;enabled&quot;:false},&quot;thumbInPause&quot;:{&quot;enabled&quot;:false,&quot;type&quot;:&quot;default&quot;},&quot;endScreen&quot;:{&quot;enabled&quot;:false,&quot;text&quot;:false,&quot;btnText&quot;:false,&quot;btnLink&quot;:false},&quot;popup&quot;:{&quot;enabled&quot;:false,&quot;selector&quot;:&quot;&quot;,&quot;hasBtn&quot;:false,&quot;type&quot;:&quot;poster&quot;,&quot;btnText&quot;:&quot;Watch Video&quot;,&quot;btnStyle&quot;:[]},&quot;hideYoutubeUI&quot;:false,&quot;hideLoadingPlaceholder&quot;:false,&quot;playWhenVisible&quot;:false},&quot;propagans&quot;:&quot;&quot;,&quot;customDownloadURL&quot;:false,&quot;captionEnabled&quot;:false,&quot;disableDownload&quot;:false,&quot;disablePause&quot;:false,&quot;startTime&quot;:0,&quot;autoplayWhenVisible&quot;:false,&quot;saveState&quot;:false,&quot;protected&quot;:false,&quot;captions&quot;:[],&quot;qualities&quot;:[],&quot;source&quot;:&quot;https:\\\/\\\/liguria-e-bike.com\\\/wp-content\\\/uploads\\\/2021\\\/03\\\/WhatsApp-Video-2021-02-26-at-16.57.45.mp4&quot;,&quot;poster&quot;:false,&quot;hideYoutubeUI&quot;:false,&quot;branding&quot;:{&quot;enabled&quot;:false,&quot;color&quot;:&quot;#fff&quot;},&quot;styles&quot;:{&quot;plyr_wrapper&quot;:{&quot;width&quot;:&quot;px&quot;}},&quot;uniqueId&quot;:&quot;h5vp69e0d7dd4a3fb&quot;,&quot;data&quot;:[]}\">\r\n            <div class=\"preload_poster\" style=\"background: url();background-position: 50% 50%;overflow:hidden;aspect-ratio:\">\r\n                <svg width=\"36px\" height=\"36px\" viewBox=\"0 0 15 15\" fill=\"none\" xmlns=\"http:\/\/www.w3.org\/2000\/svg\">\r\n                    <path d=\"M4.79062 2.09314C4.63821 1.98427 4.43774 1.96972 4.27121 2.05542C4.10467 2.14112 4 2.31271 4 2.5V12.5C4 12.6873 4.10467 12.8589 4.27121 12.9446C4.43774 13.0303 4.63821 13.0157 4.79062 12.9069L11.7906 7.90687C11.922 7.81301 12 7.66148 12 7.5C12 7.33853 11.922 7.18699 11.7906 7.09314L4.79062 2.09314Z\" fill=\"#fff\"\/>\r\n                <\/svg>\r\n            <\/div>\r\n        <\/div>\r\n        \n<p>[\/vc_column_text][\/vc_column][\/vc_row][vc_row][vc_column][vc_separator color=&#8221;custom&#8221; border_width=&#8221;2&#8243; accent_color=&#8221;#ee3383&#8243;][\/vc_column][\/vc_row][vc_row][vc_column][vc_column_text]<\/p>\n<h1>PR\u00c4SENTATION DER VIA DEL SALE!<\/h1>\n<p>[\/vc_column_text][\/vc_column][\/vc_row][vc_row][vc_column][vc_separator color=&#8221;custom&#8221; border_width=&#8221;2&#8243; accent_color=&#8221;#ee3383&#8243;][\/vc_column][\/vc_row][vc_row][vc_column][vc_column_text]<\/p>\n\r\n        <div class='html5_video_players' style=\"width:px;\" data-nonce=\"f2f34ff66a\" data-attributes=\"{&quot;type&quot;:&quot;block&quot;,&quot;additionalID&quot;:&quot;&quot;,&quot;options&quot;:{&quot;controls&quot;:[&quot;play-large&quot;,&quot;play&quot;,&quot;progress&quot;,&quot;current-time&quot;,&quot;mute&quot;,&quot;volume&quot;,&quot;settings&quot;,&quot;pip&quot;,&quot;download&quot;,&quot;fullscreen&quot;],&quot;tooltips&quot;:{&quot;controls&quot;:true,&quot;seek&quot;:true},&quot;seekTime&quot;:10,&quot;loop&quot;:{&quot;active&quot;:false},&quot;autoplay&quot;:false,&quot;muted&quot;:false,&quot;hideControls&quot;:true,&quot;resetOnEnd&quot;:true,&quot;captions&quot;:{&quot;active&quot;:false,&quot;update&quot;:false,&quot;language&quot;:&quot;auto&quot;},&quot;ratio&quot;:null,&quot;speed&quot;:{&quot;selected&quot;:1,&quot;options&quot;:[0.5,0.75,1,1.25,1.75]},&quot;storage&quot;:{&quot;enabled&quot;:true},&quot;urls&quot;:{&quot;enabled&quot;:false,&quot;download&quot;:null},&quot;markers&quot;:{&quot;enabled&quot;:true,&quot;points&quot;:[]},&quot;ads&quot;:{&quot;enabled&quot;:false,&quot;tagUrl&quot;:false},&quot;preload&quot;:&quot;metadata&quot;},&quot;features&quot;:{&quot;overlay&quot;:{&quot;enabled&quot;:false,&quot;items&quot;:[{&quot;color&quot;:&quot;&quot;,&quot;hoverColor&quot;:&quot;&quot;,&quot;fontSize&quot;:&quot;17px&quot;,&quot;link&quot;:&quot;&quot;,&quot;logo&quot;:&quot;&quot;,&quot;position&quot;:false,&quot;text&quot;:&quot;&quot;,&quot;type&quot;:&quot;logo&quot;,&quot;backgroundColor&quot;:false,&quot;opacity&quot;:false}]},&quot;sticky&quot;:{&quot;enabled&quot;:false,&quot;position&quot;:&quot;top_right&quot;},&quot;chapters&quot;:[],&quot;watermark&quot;:{&quot;enabled&quot;:false},&quot;thumbInPause&quot;:{&quot;enabled&quot;:false,&quot;type&quot;:&quot;default&quot;},&quot;endScreen&quot;:{&quot;enabled&quot;:false,&quot;text&quot;:false,&quot;btnText&quot;:false,&quot;btnLink&quot;:false},&quot;popup&quot;:{&quot;enabled&quot;:false,&quot;selector&quot;:&quot;&quot;,&quot;hasBtn&quot;:false,&quot;type&quot;:&quot;poster&quot;,&quot;btnText&quot;:&quot;Watch Video&quot;,&quot;btnStyle&quot;:[]},&quot;hideYoutubeUI&quot;:false,&quot;hideLoadingPlaceholder&quot;:false,&quot;playWhenVisible&quot;:false},&quot;propagans&quot;:&quot;&quot;,&quot;customDownloadURL&quot;:false,&quot;captionEnabled&quot;:false,&quot;disableDownload&quot;:false,&quot;disablePause&quot;:false,&quot;startTime&quot;:0,&quot;autoplayWhenVisible&quot;:false,&quot;saveState&quot;:false,&quot;protected&quot;:false,&quot;captions&quot;:[],&quot;qualities&quot;:[],&quot;source&quot;:&quot;https:\\\/\\\/liguria-e-bike.com\\\/wp-content\\\/uploads\\\/2021\\\/03\\\/WhatsApp-Video-2021-03-01-at-08.57.44.mp4&quot;,&quot;poster&quot;:false,&quot;hideYoutubeUI&quot;:false,&quot;branding&quot;:{&quot;enabled&quot;:false,&quot;color&quot;:&quot;#fff&quot;},&quot;styles&quot;:{&quot;plyr_wrapper&quot;:{&quot;width&quot;:&quot;px&quot;}},&quot;uniqueId&quot;:&quot;h5vp69e0d7dd4aa23&quot;,&quot;data&quot;:[]}\">\r\n            <div class=\"preload_poster\" style=\"background: url();background-position: 50% 50%;overflow:hidden;aspect-ratio:\">\r\n                <svg width=\"36px\" height=\"36px\" viewBox=\"0 0 15 15\" fill=\"none\" xmlns=\"http:\/\/www.w3.org\/2000\/svg\">\r\n                    <path d=\"M4.79062 2.09314C4.63821 1.98427 4.43774 1.96972 4.27121 2.05542C4.10467 2.14112 4 2.31271 4 2.5V12.5C4 12.6873 4.10467 12.8589 4.27121 12.9446C4.43774 13.0303 4.63821 13.0157 4.79062 12.9069L11.7906 7.90687C11.922 7.81301 12 7.66148 12 7.5C12 7.33853 11.922 7.18699 11.7906 7.09314L4.79062 2.09314Z\" fill=\"#fff\"\/>\r\n                <\/svg>\r\n            <\/div>\r\n        <\/div>\r\n        \n<p>[\/vc_column_text][\/vc_column][\/vc_row][vc_row][vc_column][vc_separator color=&#8221;custom&#8221; border_width=&#8221;2&#8243; accent_color=&#8221;#ee3383&#8243;][\/vc_column][\/vc_row][vc_row][\/vc_row]<\/p>\n","protected":false},"excerpt":{"rendered":"<p>[vc_row][vc_column][vc_separator color=&#8221;custom&#8221; border_width=&#8221;2&#8243; accent_color=&#8221;#ee3383&#8243;][\/vc_column][\/vc_row][vc_row][vc_column][vc_column_text] ALTA VIA DEL SALE (Hohe Salzstra\u00dfe) DIE ALTE VERBINDUNG ZWISCHEN LIGURIA UND PIEDMONT [\/vc_column_text][\/vc_column][\/vc_row][vc_row][vc_column][vc_separator color=&#8221;custom&#8221; border_width=&#8221;2&#8243; accent_color=&#8221;#ee3383&#8243;][\/vc_column][\/vc_row][vc_row][vc_column width=&#8221;1\/2&#8243;][vc_column_text] Unter den zahlreichen Wegen, die Ligurien fr\u00fcher mit dem Piemont verbanden, war eine der bekanntesten und beliebtesten die &#8220;Alta Via del Sale&#8221;, eine spektakul\u00e4re H\u00f6henstra\u00dfe, die von Bergdorf Limone Piemonte aus hinunter zum &hellip; <\/p>\n<p class=\"link-more\"><a href=\"https:\/\/liguria-e-bike.com\/de\/alta-via-del-sale\/\" class=\"more-link\"><span class=\"screen-reader-text\">\u201eALTA VIA DEL SALE\u201c<\/span> weiterlesen<\/a><\/p>\n","protected":false},"author":1,"featured_media":0,"parent":0,"menu_order":0,"comment_status":"closed","ping_status":"closed","template":"","meta":{"footnotes":""},"class_list":["post-5461","page","type-page","status-publish","hentry"],"_links":{"self":[{"href":"https:\/\/liguria-e-bike.com\/de\/wp-json\/wp\/v2\/pages\/5461","targetHints":{"allow":["GET"]}}],"collection":[{"href":"https:\/\/liguria-e-bike.com\/de\/wp-json\/wp\/v2\/pages"}],"about":[{"href":"https:\/\/liguria-e-bike.com\/de\/wp-json\/wp\/v2\/types\/page"}],"author":[{"embeddable":true,"href":"https:\/\/liguria-e-bike.com\/de\/wp-json\/wp\/v2\/users\/1"}],"replies":[{"embeddable":true,"href":"https:\/\/liguria-e-bike.com\/de\/wp-json\/wp\/v2\/comments?post=5461"}],"version-history":[{"count":48,"href":"https:\/\/liguria-e-bike.com\/de\/wp-json\/wp\/v2\/pages\/5461\/revisions"}],"predecessor-version":[{"id":9563,"href":"https:\/\/liguria-e-bike.com\/de\/wp-json\/wp\/v2\/pages\/5461\/revisions\/9563"}],"wp:attachment":[{"href":"https:\/\/liguria-e-bike.com\/de\/wp-json\/wp\/v2\/media?parent=5461"}],"curies":[{"name":"wp","href":"https:\/\/api.w.org\/{rel}","templated":true}]}}