{"id":5680,"date":"2021-01-19T14:11:01","date_gmt":"2021-01-19T13:11:01","guid":{"rendered":"https:\/\/liguria-e-bike.com\/sentieri-nella-val-prino\/"},"modified":"2021-07-19T11:22:00","modified_gmt":"2021-07-19T09:22:00","slug":"sentieri-nella-val-prino","status":"publish","type":"page","link":"https:\/\/liguria-e-bike.com\/de\/sentieri-nella-val-prino\/","title":{"rendered":"DAS PRINOTAL"},"content":{"rendered":"<p>[vc_row][vc_column][vc_separator color=&#8221;custom&#8221; border_width=&#8221;2&#8243; accent_color=&#8221;#ee3383&#8243;][\/vc_column][\/vc_row][vc_row][vc_column][vc_column_text]<\/p>\n<h1>DAS PRINOTAL<\/h1>\n<p>[\/vc_column_text][\/vc_column][\/vc_row][vc_row][vc_column][vc_separator color=&#8221;custom&#8221; border_width=&#8221;2&#8243; accent_color=&#8221;#ee3383&#8243;][\/vc_column][\/vc_row][vc_row][vc_column width=&#8221;1\/2&#8243;][vc_column_text]<\/p>\n<p lang=\"de-DE\" style=\"text-align: justify;\"><span style=\"color: #202124; font-size: 12pt;\"><strong>Das Val Prino<\/strong> ist ein verstecktes <strong>Paradies<\/strong> f\u00fcr <strong>Outdoor-Sportarten<\/strong> und vor allem f\u00fcr <strong>Mountainbiker<\/strong> und <strong>E-Biker<\/strong>. Die Landschaft bietet <strong>h\u00fcgelige Szenarien<\/strong>, die typisch sind f\u00fcr die <strong>ligurischen Olivenhaine<\/strong>, mit der Bergkette der <strong>Voralpen<\/strong> dahinter, die diesen wundersch\u00f6nen <strong>ligurischen Golf<\/strong> umgibt und Einblicke in die Landschaft der Vergangenheit bietet, immer mit <strong>herrlichem Blick auf das Ligurische Meer<\/strong>. An vielen Tagen des Jahres, wenn der Himmel frei von Wolken ist, kann man die <strong>Silhouette von Korsika<\/strong> sehen und die <strong>K\u00fcste des Golfs von Nizza<\/strong>.<\/span><\/p>\n<p lang=\"de-DE\" style=\"text-align: justify;\"><span style=\"color: #202124; font-size: 12pt;\">Die abwechslungsreiche Landschaft zwischen s\u00e4kularen <strong>Olivenb\u00e4umen, Kastanien, aromatischen Kr\u00e4utern und Saumpfaden<\/strong>, die zu kleinen verzauberten <strong>Kapellen mit Meerblick<\/strong> f\u00fchren &#8211; da ist das <strong>Prino Tal<\/strong> &#8211; ein klassisches mediterranes Gel\u00e4nde am Fu\u00dfe der <strong>Seealpen<\/strong>, das von alten <strong>Maultierpfaden<\/strong> durchzogen, \u00fcber die <strong>Hohe Salzstra\u00dfe<\/strong> mit dem <strong>Piemont<\/strong> verbunden ist, eine Landschaft, wo sich <strong>Meer und Berge<\/strong> treffen, um ein Szenario zu schaffen, das seinesgleichen sucht.<\/span><\/p>\n<p lang=\"de-DE\" style=\"text-align: justify;\"><span style=\"color: #202124; font-size: 12pt;\">In dieser Gegend k\u00f6nnen dank des <strong>mildes Klimas<\/strong> in <strong>West-Ligurien<\/strong> das ganze Jahr \u00fcber <strong>Outdoor-Aktivit\u00e4ten<\/strong> stattfinden. Das Angebot wird allen Bed\u00fcrfnissen von Touristen und Sportlern gerecht, <strong>von Bikern \u00fcber Wanderer<\/strong> bis hin zu <strong>Familien<\/strong>, die <strong>Ruhe<\/strong> und, warum nicht, ein <strong>sch\u00f6nes Bad<\/strong> genie\u00dfen m\u00f6chten, in den <strong>\u201elaghetti\u201c<\/strong>, den kleinen <strong>Seen in den Bergb\u00e4chen<\/strong>.<\/span><\/p>\n<p lang=\"de-DE\" style=\"text-align: justify;\"><span style=\"color: #202124; font-size: 12pt;\">2021 haben wir unseren lang gehegten Traum verwirklicht, um ihn mit euch allen zu teilen: Wir bieten <strong>Gastfreundschaft<\/strong>, <strong>gutes Essen<\/strong> und Unterst\u00fctzung bei allen <strong>Ideen<\/strong>, die ihr bei uns umsetzten wollt. <strong>Willkommen<\/strong> an der <strong>Blumenriviera<\/strong> im <strong>Hinterland von Imperia<\/strong>. <em><strong>Komm und besuch uns! Lass uns Freunde werden.<\/strong><\/em><\/span><\/p>\n<p>[\/vc_column_text][\/vc_column][vc_column width=&#8221;1\/2&#8243;][vc_single_image image=&#8221;6455&#8243; img_size=&#8221;full&#8221; alignment=&#8221;center&#8221; css_animation=&#8221;appear&#8221;][\/vc_column][\/vc_row][vc_row][vc_column][vc_separator color=&#8221;custom&#8221; border_width=&#8221;2&#8243; accent_color=&#8221;#ee3383&#8243;][\/vc_column][\/vc_row][vc_row][vc_column width=&#8221;1\/2&#8243;][vc_column_text]<\/p>\n<h5 style=\"text-align: left;\"><span style=\"font-size: 12pt;\"><span style=\"font-size: 14pt;\"><span style=\"color: #003f56;\">Pettirosso Pane Laghetti<br \/>\n<\/span><span style=\"font-size: 10pt; color: #003f56;\">12,0 km<\/span><br \/>\n<\/span><\/span><span style=\"font-size: 12pt;\">\u00a0<img loading=\"lazy\" decoding=\"async\" class=\"size-full wp-image-7047 alignleft\" src=\"https:\/\/liguria-e-bike.com\/wp-content\/uploads\/2021\/02\/MTB-30.png\" alt=\"\" width=\"30\" height=\"30\" \/><\/span><\/h5>\n<h5 style=\"text-align: left;\"><span style=\"font-size: 12pt;\"><span style=\"font-size: 10pt;\">3H<\/span><br \/>\n<img loading=\"lazy\" decoding=\"async\" class=\"alignnone size-full wp-image-7496\" src=\"https:\/\/liguria-e-bike.com\/wp-content\/uploads\/2021\/02\/Clock-30.png\" alt=\"\" width=\"30\" height=\"30\" \/><\/span><\/h5>\n<p>[\/vc_column_text][vc_single_image image=&#8221;7522&#8243; img_size=&#8221;full&#8221; style=&#8221;vc_box_rounded&#8221; onclick=&#8221;custom_link&#8221; img_link_target=&#8221;_blank&#8221; css_animation=&#8221;appear&#8221; link=&#8221;\/maps\/Pettirosso_Pane_Laghetti.gpx&#8221;][vc_single_image image=&#8221;7547&#8243; img_size=&#8221;full&#8221; alignment=&#8221;center&#8221; style=&#8221;vc_box_rounded&#8221; onclick=&#8221;custom_link&#8221; img_link_target=&#8221;_blank&#8221; css_animation=&#8221;appear&#8221; link=&#8221;\/maps\/Pettirosso_Pane_Laghetti.jpg&#8221;][\/vc_column][vc_column width=&#8221;1\/2&#8243;][vc_column_text]<\/p>\n<h5 style=\"text-align: left;\"><span style=\"font-size: 12pt;\"><span style=\"font-size: 14pt;\"><span style=\"color: #003f56;\">Tuttijurni full<br \/>\n<\/span><span style=\"font-size: 10pt; color: #003f56;\">9,6 km<\/span><br \/>\n<\/span><\/span><span style=\"font-size: 12pt;\">\u00a0<img loading=\"lazy\" decoding=\"async\" class=\"size-full wp-image-7047 alignleft\" src=\"https:\/\/liguria-e-bike.com\/wp-content\/uploads\/2021\/02\/MTB-30.png\" alt=\"\" width=\"30\" height=\"30\" \/><\/span><\/h5>\n<h5 style=\"text-align: left;\"><span style=\"font-size: 12pt;\"><span style=\"font-size: 10pt;\">1H15M<\/span><br \/>\n<img loading=\"lazy\" decoding=\"async\" class=\"alignnone size-full wp-image-7496\" src=\"https:\/\/liguria-e-bike.com\/wp-content\/uploads\/2021\/02\/Clock-30.png\" alt=\"\" width=\"30\" height=\"30\" \/><\/span><\/h5>\n<p>[\/vc_column_text][vc_single_image image=&#8221;7522&#8243; img_size=&#8221;full&#8221; style=&#8221;vc_box_rounded&#8221; onclick=&#8221;custom_link&#8221; img_link_target=&#8221;_blank&#8221; css_animation=&#8221;appear&#8221; link=&#8221;\/maps\/Tuttijurni_full.gpx&#8221;][vc_single_image image=&#8221;7614&#8243; img_size=&#8221;full&#8221; alignment=&#8221;center&#8221; style=&#8221;vc_box_rounded&#8221; onclick=&#8221;custom_link&#8221; img_link_target=&#8221;_blank&#8221; css_animation=&#8221;appear&#8221; link=&#8221;\/maps\/Tuttijurni_full.jpg&#8221;][\/vc_column][\/vc_row][vc_row][vc_column][vc_separator color=&#8221;custom&#8221; border_width=&#8221;2&#8243; accent_color=&#8221;#ee3383&#8243;][\/vc_column][\/vc_row][vc_row][vc_column width=&#8221;1\/2&#8243;][vc_column_text]<\/p>\n<h5 style=\"text-align: left;\"><span style=\"font-size: 12pt;\"><span style=\"font-size: 14pt;\"><span style=\"color: #003f56;\">Giro mattutino<br \/>\n<\/span><span style=\"font-size: 10pt; color: #003f56;\">71,0 km<\/span><br \/>\n<\/span><\/span><span style=\"font-size: 12pt;\"> <img loading=\"lazy\" decoding=\"async\" class=\"size-full wp-image-7047 alignleft\" src=\"https:\/\/liguria-e-bike.com\/wp-content\/uploads\/2021\/02\/MTB-30.png\" alt=\"\" width=\"30\" height=\"30\" \/><\/span><\/h5>\n<h5 style=\"text-align: left;\"><span style=\"font-size: 12pt;\"><span style=\"font-size: 10pt;\">6H30M<\/span><br \/>\n<img loading=\"lazy\" decoding=\"async\" class=\"alignnone size-full wp-image-7496\" src=\"https:\/\/liguria-e-bike.com\/wp-content\/uploads\/2021\/02\/Clock-30.png\" alt=\"\" width=\"30\" height=\"30\" \/><\/span><\/h5>\n<p>[\/vc_column_text][vc_single_image image=&#8221;9273&#8243; img_size=&#8221;full&#8221; style=&#8221;vc_box_rounded&#8221; onclick=&#8221;custom_link&#8221; img_link_target=&#8221;_blank&#8221; css_animation=&#8221;appear&#8221; link=&#8221;https:\/\/www.strava.com\/activities\/4074918771&#8243;][vc_single_image image=&#8221;9280&#8243; img_size=&#8221;full&#8221; alignment=&#8221;center&#8221; style=&#8221;vc_box_rounded&#8221; onclick=&#8221;custom_link&#8221; img_link_target=&#8221;_blank&#8221; css_animation=&#8221;appear&#8221; link=&#8221;https:\/\/www.strava.com\/activities\/4074918771&#8243;][\/vc_column][\/vc_row][vc_row][vc_column][vc_separator color=&#8221;custom&#8221; border_width=&#8221;2&#8243; accent_color=&#8221;#ee3383&#8243;][\/vc_column][\/vc_row][vc_row][vc_column width=&#8221;1\/3&#8243;][vc_column_text]<\/p>\n<h5 style=\"text-align: left;\"><span style=\"font-size: 12pt;\"><span style=\"font-size: 14pt;\"><span style=\"color: #003f56;\">Tutti i giurni<br \/>\n<\/span><span style=\"font-size: 10pt; color: #003f56;\">7,0 km<\/span><br \/>\n<\/span><\/span><span style=\"font-size: 12pt;\">\u00a0<img loading=\"lazy\" decoding=\"async\" class=\"size-full wp-image-7047 alignleft\" src=\"https:\/\/liguria-e-bike.com\/wp-content\/uploads\/2021\/02\/MTB-30.png\" alt=\"\" width=\"30\" height=\"30\" \/><\/span><\/h5>\n<p>[\/vc_column_text][vc_single_image image=&#8221;7538&#8243; img_size=&#8221;full&#8221; style=&#8221;vc_box_rounded&#8221; onclick=&#8221;custom_link&#8221; img_link_target=&#8221;_blank&#8221; css_animation=&#8221;appear&#8221; link=&#8221;https:\/\/www.openrunner.com\/r\/12487931&#8243;][vc_single_image image=&#8221;7007&#8243; img_size=&#8221;full&#8221; alignment=&#8221;center&#8221; style=&#8221;vc_box_rounded&#8221; onclick=&#8221;custom_link&#8221; img_link_target=&#8221;_blank&#8221; css_animation=&#8221;appear&#8221; link=&#8221;https:\/\/www.openrunner.com\/r\/12487931&#8243;][\/vc_column][vc_column width=&#8221;1\/3&#8243;][vc_column_text]<\/p>\n<h5 style=\"text-align: left;\"><span style=\"font-size: 12pt;\"><span style=\"font-size: 14pt;\"><span style=\"color: #003f56;\">sasslong<br \/>\n<\/span><span style=\"font-size: 10pt; color: #003f56;\">4,0 km<\/span><br \/>\n<\/span><\/span><span style=\"font-size: 12pt;\">\u00a0<img loading=\"lazy\" decoding=\"async\" class=\"size-full wp-image-7047 alignleft\" src=\"https:\/\/liguria-e-bike.com\/wp-content\/uploads\/2021\/02\/MTB-30.png\" alt=\"\" width=\"30\" height=\"30\" \/><\/span><\/h5>\n<p>[\/vc_column_text][vc_single_image image=&#8221;7538&#8243; img_size=&#8221;full&#8221; style=&#8221;vc_box_rounded&#8221; onclick=&#8221;custom_link&#8221; img_link_target=&#8221;_blank&#8221; css_animation=&#8221;appear&#8221; link=&#8221;https:\/\/www.openrunner.com\/r\/12526898&#8243;][vc_single_image image=&#8221;7699&#8243; img_size=&#8221;full&#8221; alignment=&#8221;center&#8221; style=&#8221;vc_box_rounded&#8221; onclick=&#8221;custom_link&#8221; img_link_target=&#8221;_blank&#8221; css_animation=&#8221;appear&#8221; link=&#8221;https:\/\/www.openrunner.com\/r\/12526898&#8243;][\/vc_column][vc_column width=&#8221;1\/3&#8243;][vc_column_text]<\/p>\n<h5 style=\"text-align: left;\"><span style=\"font-size: 12pt;\"><span style=\"font-size: 14pt;\"><span style=\"color: #003f56;\">alta via del san lorenzo<br \/>\n<\/span><span style=\"font-size: 10pt; color: #003f56;\">24,5 km<\/span><br \/>\n<\/span><\/span><span style=\"font-size: 12pt;\">\u00a0<img loading=\"lazy\" decoding=\"async\" class=\"size-full wp-image-7047 alignleft\" src=\"https:\/\/liguria-e-bike.com\/wp-content\/uploads\/2021\/02\/MTB-30.png\" alt=\"\" width=\"30\" height=\"30\" \/><\/span><\/h5>\n<p>[\/vc_column_text][vc_single_image image=&#8221;7538&#8243; img_size=&#8221;full&#8221; style=&#8221;vc_box_rounded&#8221; onclick=&#8221;custom_link&#8221; img_link_target=&#8221;_blank&#8221; css_animation=&#8221;appear&#8221; link=&#8221;https:\/\/www.openrunner.com\/r\/12583416&#8243;][vc_single_image image=&#8221;7962&#8243; img_size=&#8221;full&#8221; alignment=&#8221;center&#8221; style=&#8221;vc_box_rounded&#8221; onclick=&#8221;custom_link&#8221; img_link_target=&#8221;_blank&#8221; css_animation=&#8221;appear&#8221; link=&#8221;https:\/\/www.openrunner.com\/r\/12583416&#8243;][\/vc_column][\/vc_row][vc_row][vc_column][vc_separator color=&#8221;custom&#8221; border_width=&#8221;2&#8243; accent_color=&#8221;#ee3383&#8243;][\/vc_column][\/vc_row][vc_row][vc_column][vc_single_image image=&#8221;9514&#8243; alignment=&#8221;center&#8221; style=&#8221;vc_box_rounded&#8221; onclick=&#8221;custom_link&#8221; img_link_target=&#8221;_blank&#8221; css_animation=&#8221;appear&#8221; link=&#8221;https:\/\/www.sea2020.it\/e-bike.php&#8221;][vc_single_image image=&#8221;9516&#8243; img_size=&#8221;full&#8221; alignment=&#8221;center&#8221; style=&#8221;vc_box_rounded&#8221; onclick=&#8221;custom_link&#8221; img_link_target=&#8221;_blank&#8221; css_animation=&#8221;appear&#8221; link=&#8221;https:\/\/www.sea2020.it\/e-bike.php&#8221;][\/vc_column][\/vc_row][vc_row][vc_column][vc_separator color=&#8221;custom&#8221; border_width=&#8221;2&#8243; accent_color=&#8221;#ee3383&#8243;][vc_column_text]<\/p>\n\r\n        <div class='html5_video_players' style=\"width:px;\" data-nonce=\"f2f34ff66a\" data-attributes=\"{&quot;type&quot;:&quot;block&quot;,&quot;additionalID&quot;:&quot;&quot;,&quot;options&quot;:{&quot;controls&quot;:[&quot;play-large&quot;,&quot;play&quot;,&quot;progress&quot;,&quot;current-time&quot;,&quot;mute&quot;,&quot;volume&quot;,&quot;settings&quot;,&quot;pip&quot;,&quot;download&quot;,&quot;fullscreen&quot;],&quot;tooltips&quot;:{&quot;controls&quot;:true,&quot;seek&quot;:true},&quot;seekTime&quot;:10,&quot;loop&quot;:{&quot;active&quot;:false},&quot;autoplay&quot;:false,&quot;muted&quot;:false,&quot;hideControls&quot;:true,&quot;resetOnEnd&quot;:true,&quot;captions&quot;:{&quot;active&quot;:false,&quot;update&quot;:false,&quot;language&quot;:&quot;auto&quot;},&quot;ratio&quot;:null,&quot;speed&quot;:{&quot;selected&quot;:1,&quot;options&quot;:[0.5,0.75,1,1.25,1.75]},&quot;storage&quot;:{&quot;enabled&quot;:true},&quot;urls&quot;:{&quot;enabled&quot;:false,&quot;download&quot;:null},&quot;markers&quot;:{&quot;enabled&quot;:true,&quot;points&quot;:[]},&quot;ads&quot;:{&quot;enabled&quot;:false,&quot;tagUrl&quot;:false},&quot;preload&quot;:&quot;metadata&quot;},&quot;features&quot;:{&quot;overlay&quot;:{&quot;enabled&quot;:false,&quot;items&quot;:[{&quot;color&quot;:&quot;&quot;,&quot;hoverColor&quot;:&quot;&quot;,&quot;fontSize&quot;:&quot;17px&quot;,&quot;link&quot;:&quot;&quot;,&quot;logo&quot;:&quot;&quot;,&quot;position&quot;:false,&quot;text&quot;:&quot;&quot;,&quot;type&quot;:&quot;logo&quot;,&quot;backgroundColor&quot;:false,&quot;opacity&quot;:false}]},&quot;sticky&quot;:{&quot;enabled&quot;:false,&quot;position&quot;:&quot;top_right&quot;},&quot;chapters&quot;:[],&quot;watermark&quot;:{&quot;enabled&quot;:false},&quot;thumbInPause&quot;:{&quot;enabled&quot;:false,&quot;type&quot;:&quot;default&quot;},&quot;endScreen&quot;:{&quot;enabled&quot;:false,&quot;text&quot;:false,&quot;btnText&quot;:false,&quot;btnLink&quot;:false},&quot;popup&quot;:{&quot;enabled&quot;:false,&quot;selector&quot;:&quot;&quot;,&quot;hasBtn&quot;:false,&quot;type&quot;:&quot;poster&quot;,&quot;btnText&quot;:&quot;Watch Video&quot;,&quot;btnStyle&quot;:[]},&quot;hideYoutubeUI&quot;:false,&quot;hideLoadingPlaceholder&quot;:false,&quot;playWhenVisible&quot;:false},&quot;propagans&quot;:&quot;&quot;,&quot;customDownloadURL&quot;:false,&quot;captionEnabled&quot;:false,&quot;disableDownload&quot;:false,&quot;disablePause&quot;:false,&quot;startTime&quot;:0,&quot;autoplayWhenVisible&quot;:false,&quot;saveState&quot;:false,&quot;protected&quot;:false,&quot;captions&quot;:[],&quot;qualities&quot;:[],&quot;source&quot;:&quot;https:\\\/\\\/liguria-e-bike.com\\\/wp-content\\\/uploads\\\/2021\\\/03\\\/WhatsApp-Video-2021-03-03-at-14.43.25.mp4&quot;,&quot;poster&quot;:false,&quot;hideYoutubeUI&quot;:false,&quot;branding&quot;:{&quot;enabled&quot;:false,&quot;color&quot;:&quot;#fff&quot;},&quot;styles&quot;:{&quot;plyr_wrapper&quot;:{&quot;width&quot;:&quot;px&quot;}},&quot;uniqueId&quot;:&quot;h5vp69e0f07c16449&quot;,&quot;data&quot;:[]}\">\r\n            <div class=\"preload_poster\" style=\"background: url();background-position: 50% 50%;overflow:hidden;aspect-ratio:\">\r\n                <svg width=\"36px\" height=\"36px\" viewBox=\"0 0 15 15\" fill=\"none\" xmlns=\"http:\/\/www.w3.org\/2000\/svg\">\r\n                    <path d=\"M4.79062 2.09314C4.63821 1.98427 4.43774 1.96972 4.27121 2.05542C4.10467 2.14112 4 2.31271 4 2.5V12.5C4 12.6873 4.10467 12.8589 4.27121 12.9446C4.43774 13.0303 4.63821 13.0157 4.79062 12.9069L11.7906 7.90687C11.922 7.81301 12 7.66148 12 7.5C12 7.33853 11.922 7.18699 11.7906 7.09314L4.79062 2.09314Z\" fill=\"#fff\"\/>\r\n                <\/svg>\r\n            <\/div>\r\n        <\/div>\r\n        \n<p>[\/vc_column_text][vc_separator color=&#8221;custom&#8221; border_width=&#8221;2&#8243; accent_color=&#8221;#ee3383&#8243;][\/vc_column][\/vc_row][vc_row][vc_column width=&#8221;1\/3&#8243;][vc_single_image image=&#8221;4514&#8243; img_size=&#8221;full&#8221; alignment=&#8221;center&#8221; css_animation=&#8221;appear&#8221;][\/vc_column][vc_column width=&#8221;1\/3&#8243;][vc_single_image image=&#8221;4532&#8243; img_size=&#8221;full&#8221; alignment=&#8221;center&#8221; css_animation=&#8221;appear&#8221;][\/vc_column][vc_column width=&#8221;1\/3&#8243;][vc_single_image image=&#8221;4543&#8243; img_size=&#8221;full&#8221; alignment=&#8221;center&#8221; css_animation=&#8221;appear&#8221;][\/vc_column][\/vc_row][vc_row][vc_column width=&#8221;1\/3&#8243;][vc_single_image image=&#8221;4562&#8243; img_size=&#8221;full&#8221; alignment=&#8221;center&#8221; css_animation=&#8221;appear&#8221;][\/vc_column][vc_column width=&#8221;1\/3&#8243;][vc_single_image image=&#8221;4566&#8243; img_size=&#8221;full&#8221; alignment=&#8221;center&#8221; css_animation=&#8221;appear&#8221;][\/vc_column][vc_column width=&#8221;1\/3&#8243;][vc_single_image image=&#8221;4570&#8243; img_size=&#8221;full&#8221; alignment=&#8221;center&#8221; css_animation=&#8221;appear&#8221;][\/vc_column][\/vc_row][vc_row][vc_column][vc_separator color=&#8221;custom&#8221; border_width=&#8221;2&#8243; accent_color=&#8221;#ee3383&#8243;][\/vc_column][\/vc_row]<\/p>\n","protected":false},"excerpt":{"rendered":"<p>[vc_row][vc_column][vc_separator color=&#8221;custom&#8221; border_width=&#8221;2&#8243; accent_color=&#8221;#ee3383&#8243;][\/vc_column][\/vc_row][vc_row][vc_column][vc_column_text] DAS PRINOTAL [\/vc_column_text][\/vc_column][\/vc_row][vc_row][vc_column][vc_separator color=&#8221;custom&#8221; border_width=&#8221;2&#8243; accent_color=&#8221;#ee3383&#8243;][\/vc_column][\/vc_row][vc_row][vc_column width=&#8221;1\/2&#8243;][vc_column_text] Das Val Prino ist ein verstecktes Paradies f\u00fcr Outdoor-Sportarten und vor allem f\u00fcr Mountainbiker und E-Biker. Die Landschaft bietet h\u00fcgelige Szenarien, die typisch sind f\u00fcr die ligurischen Olivenhaine, mit der Bergkette der Voralpen dahinter, die diesen wundersch\u00f6nen ligurischen Golf umgibt und Einblicke in die &hellip; <\/p>\n<p class=\"link-more\"><a href=\"https:\/\/liguria-e-bike.com\/de\/sentieri-nella-val-prino\/\" class=\"more-link\"><span class=\"screen-reader-text\">\u201eDAS PRINOTAL\u201c<\/span> weiterlesen<\/a><\/p>\n","protected":false},"author":1,"featured_media":7658,"parent":0,"menu_order":0,"comment_status":"closed","ping_status":"closed","template":"","meta":{"footnotes":""},"class_list":["post-5680","page","type-page","status-publish","has-post-thumbnail","hentry"],"_links":{"self":[{"href":"https:\/\/liguria-e-bike.com\/de\/wp-json\/wp\/v2\/pages\/5680","targetHints":{"allow":["GET"]}}],"collection":[{"href":"https:\/\/liguria-e-bike.com\/de\/wp-json\/wp\/v2\/pages"}],"about":[{"href":"https:\/\/liguria-e-bike.com\/de\/wp-json\/wp\/v2\/types\/page"}],"author":[{"embeddable":true,"href":"https:\/\/liguria-e-bike.com\/de\/wp-json\/wp\/v2\/users\/1"}],"replies":[{"embeddable":true,"href":"https:\/\/liguria-e-bike.com\/de\/wp-json\/wp\/v2\/comments?post=5680"}],"version-history":[{"count":115,"href":"https:\/\/liguria-e-bike.com\/de\/wp-json\/wp\/v2\/pages\/5680\/revisions"}],"predecessor-version":[{"id":9527,"href":"https:\/\/liguria-e-bike.com\/de\/wp-json\/wp\/v2\/pages\/5680\/revisions\/9527"}],"wp:featuredmedia":[{"embeddable":true,"href":"https:\/\/liguria-e-bike.com\/de\/wp-json\/wp\/v2\/media\/7658"}],"wp:attachment":[{"href":"https:\/\/liguria-e-bike.com\/de\/wp-json\/wp\/v2\/media?parent=5680"}],"curies":[{"name":"wp","href":"https:\/\/api.w.org\/{rel}","templated":true}]}}