{"id":6623,"date":"2021-01-26T12:31:16","date_gmt":"2021-01-26T11:31:16","guid":{"rendered":"https:\/\/liguria-e-bike.com\/valloria\/"},"modified":"2021-03-12T10:32:55","modified_gmt":"2021-03-12T09:32:55","slug":"valloria","status":"publish","type":"page","link":"https:\/\/liguria-e-bike.com\/de\/valloria\/","title":{"rendered":"VALLORIA"},"content":{"rendered":"<p>[vc_row][vc_column][vc_separator color=&#8221;custom&#8221; border_width=&#8221;2&#8243; accent_color=&#8221;#ee3383&#8243;][\/vc_column][\/vc_row][vc_row][vc_column][vc_column_text]<\/p>\n<h1>VALLORIA<\/h1>\n<p>[\/vc_column_text][\/vc_column][\/vc_row][vc_row][vc_column][vc_separator color=&#8221;custom&#8221; border_width=&#8221;2&#8243; accent_color=&#8221;#ee3383&#8243;][\/vc_column][\/vc_row][vc_row][vc_column width=&#8221;1\/2&#8243;][vc_column_text]<\/p>\n<p lang=\"de-DE\" style=\"text-align: justify;\"><span style=\"color: #202124; font-size: 12pt;\"><strong>Willkommen in Valloria!<\/strong><br \/>\nAuf dem zentralen <strong>Dorfplatz von Valloria<\/strong> befindet sich eine <strong>sympathische, familiengef\u00fchrte Trattoria<\/strong>, die auch als <strong>Bar<\/strong> dient. Hier k\u00f6nnen sie zu <strong>fairen Preisen<\/strong> ausgezeichnete, <strong>typische Gerichte<\/strong> und <strong>spezielle Men\u00fcs<\/strong> f\u00fcr <strong>Mountainbiker<\/strong> probieren. Sitzpl\u00e4tze gibt es auf einer <strong>gro\u00dfen Terrasse<\/strong> mit Unterbringung der Mountainbikes nebenan, <strong>Waschstation<\/strong>, <strong>freies, kostenloses WI-FI<\/strong> und eine E<strong>-Bike-Ladestation<\/strong>. <\/span><\/p>\n<p lang=\"de-DE\" style=\"text-align: justify;\"><span style=\"color: #202124; font-size: 12pt;\">Auf dieser <strong>sch\u00f6nen Piazza<\/strong> beginnt ein Weg, der zun\u00e4chst \u00fcber 60 Stufen zur <strong>Kapelle San Giuseppe<\/strong> hinauff\u00fchrt. Oben angekommen wird man mit einem <strong>atemberaubenden Blick<\/strong> \u00fcber das gesamte <strong>Val Prino<\/strong> bis hin zum <strong>Meer<\/strong> belohnt. Weiter geht\u2019s sanft bergauf bis zu einem <strong>Eisenkreuz<\/strong>, von dort erreicht man auf einem kleinen <strong>Trampelpfad Richtung Passo della Valle<\/strong> eine suggestive Bank mit <strong>Panoramablick<\/strong>, eine ideale Ecke f\u00fcr einen Zwischenstopp mit <strong>Meditation<\/strong>. Von dort geht\u00b4s hinunter zum <strong>Passo della Valle<\/strong>, um zur <strong>Madonna del Tuvo<\/strong> zu gelangen, einem <strong>malerischen Kirchlein<\/strong> mit der gro\u00dfen, alten <strong>Eisenglocke<\/strong> an der Seite, die heute noch in Gebrauch ist und einst gel\u00e4utet wurde, um den Bauern anzuk\u00fcndigen, dass es Mittag war. Von dort geht es weiter auf einem breiten Weg zur\u00fcck nach <strong>Valloria<\/strong>.<\/span><\/p>\n<p lang=\"de-DE\" style=\"text-align: justify;\"><span style=\"color: #202124; font-size: 12pt;\"><strong>Valloria<\/strong> ist ein kleines Dorf hoch \u00fcber dem <strong>Prinotal<\/strong>, auf einem gr\u00fcnen H\u00fcgel gelegen, eingebettet in <strong>Olivenw\u00e4lder<\/strong> und inmitten wundersch\u00f6ner, intakter <strong>Naturlandschaft<\/strong>. Aber Valloria ist nicht nur ein klassisches Dorf im <strong>ligurischen Hinterland<\/strong>, sondern auch ein Ort, der eng mit der <strong>Kunst<\/strong> verbunden ist. Beim Durchstreifen der <strong>autofreien Gassen<\/strong> \u00a0k\u00f6nnen \u00fcber <strong>150 bemalte T\u00fcren<\/strong> bewundert werden, die von <strong>unterschiedlichen K\u00fcnstlern<\/strong> gestaltet wurden. Eine Besonderheit, der der Ort seinen Ruf als das <strong>&#8220;Dorf der bemalten T\u00fcren&#8221;<\/strong> verdankt. Heute ist \u00a0das <strong>\u201eOpen Air Museum\u201c<\/strong> weit \u00fcber die Grenzen <strong>Ligurien<\/strong> hinaus bekannt.<\/span><\/p>\n<p>[\/vc_column_text][\/vc_column][vc_column width=&#8221;1\/2&#8243;][vc_single_image image=&#8221;6630&#8243; img_size=&#8221;full&#8221; alignment=&#8221;center&#8221; style=&#8221;vc_box_rounded&#8221; css_animation=&#8221;appear&#8221;][\/vc_column][\/vc_row][vc_row][vc_column width=&#8221;1\/2&#8243;][vc_column_text]<\/p>\n<p lang=\"de-DE\" style=\"text-align: justify;\"><span style=\"color: #202124; font-size: 12pt;\">Bei der <strong>Kunst<\/strong> handelt es sich um <strong>handgemachte Gem\u00e4lde<\/strong> direkt auf den <strong>Haust\u00fcren und Stallt\u00fcren,<\/strong> die verschiedene Themen wie <strong>Frauenportr\u00e4ts, Landschaften, heilige oder allt\u00e4gliche Szenen, T\u00e4nzer, Fischer, Dichter und Musiker<\/strong> darstellen. Jede T\u00fcr wird nach einer anderen <strong>Maltechnik<\/strong> hergestellt, sowohl von <strong>bekannten K\u00fcnstlern<\/strong> als auch von <strong>vielversprechenden jungen Menschen<\/strong>, die sich jedes Jahr im <strong>Sommer<\/strong> treffen, um die <strong>Gassen und Hausfassaden<\/strong> eines der <strong>sch\u00f6nsten D\u00f6rfer Liguriens<\/strong> zu versch\u00f6nern und zu bemalen.<\/span><\/p>\n<p lang=\"de-DE\" style=\"text-align: justify;\"><span style=\"color: #202124; font-size: 12pt;\">Um die <strong>T\u00fcren<\/strong> zu bewundern, brauchen Sie keine Karte. Verlieren Sie sich einfach in den <strong>Gassen<\/strong>, die sich auf einem <strong>Spaziergang<\/strong> von alleine anbieten, um Ihre pers\u00f6nliche sch\u00f6nste und eindrucksvollste T\u00fcr zu entdecken.<\/span><\/p>\n<p lang=\"de-DE\" style=\"text-align: justify;\"><span style=\"color: #202124; font-size: 12pt;\"><strong>Valloria<\/strong> verdient es sicherlich, nicht nur wegen seiner wunderbaren T\u00fcren besucht zu werden, sondern auch wegen des <strong>\u201eMuseums f\u00fcr vergessene Dinge\u201c<\/strong>, einem bemerkenswerten kleinen Ort, an dem <strong>Gegenst\u00e4nde aus der Vergangenheit<\/strong>, dem <strong>h\u00e4uslichen und b\u00e4uerlichen<\/strong> Leben gesammelt werden, die mit dem Aufkommen von Technologie und Moderne ihren Einsatz im t\u00e4glichen Leben heute verloren haben.<\/span><\/p>\n<p>[\/vc_column_text][\/vc_column][vc_column width=&#8221;1\/2&#8243;][vc_single_image image=&#8221;6646&#8243; img_size=&#8221;full&#8221; alignment=&#8221;center&#8221; style=&#8221;vc_box_rounded&#8221; css_animation=&#8221;appear&#8221;][\/vc_column][\/vc_row][vc_row][vc_column][vc_separator color=&#8221;custom&#8221; border_width=&#8221;2&#8243; accent_color=&#8221;#ee3383&#8243;][\/vc_column][\/vc_row][vc_row][vc_column][vc_column_text]<\/p>\n<h1>ESSEN UND \u00dcBERNACHTEN IN VALLORIA<\/h1>\n<p>[\/vc_column_text][\/vc_column][\/vc_row][vc_row][vc_column][vc_separator color=&#8221;custom&#8221; border_width=&#8221;2&#8243; accent_color=&#8221;#ee3383&#8243;][\/vc_column][\/vc_row][vc_row][vc_column width=&#8221;1\/2&#8243;][vc_single_image image=&#8221;6757&#8243; img_size=&#8221;full&#8221; alignment=&#8221;center&#8221; style=&#8221;vc_box_rounded&#8221; onclick=&#8221;custom_link&#8221; img_link_target=&#8221;_blank&#8221; css_animation=&#8221;appear&#8221; link=&#8221;https:\/\/www.sangiuseppeagriturismo.com\/restaurant\/&#8221;][vc_column_text]<\/p>\n<p style=\"text-align: center;\"><span lang=\"IT\">Ristorante Antiche Bont\u00e0<br \/>\nPiazza Vittorio Emanuele 2<br \/>\n18020 Valloria (IM)<br \/>\nTelefono 0039-335-5200573<\/span><\/p>\n<p>[\/vc_column_text][vc_separator color=&#8221;custom&#8221; border_width=&#8221;2&#8243; accent_color=&#8221;#ee3383&#8243;][\/vc_column][vc_column width=&#8221;1\/2&#8243;][vc_single_image image=&#8221;6742&#8243; img_size=&#8221;full&#8221; alignment=&#8221;center&#8221; style=&#8221;vc_box_rounded&#8221; onclick=&#8221;custom_link&#8221; img_link_target=&#8221;_blank&#8221; css_animation=&#8221;appear&#8221; link=&#8221;https:\/\/www.sangiuseppeagriturismo.com\/&#8221;][vc_column_text]<\/p>\n<p style=\"text-align: center;\"><span lang=\"IT\">Agriturismo San Giuseppe<br \/>\ncon 7 appartamenti<br \/>\npiscina a jacuzzi<br \/>\ntelefono 0039-335-5200573<\/span><\/p>\n<p>[\/vc_column_text][vc_separator color=&#8221;custom&#8221; border_width=&#8221;2&#8243; accent_color=&#8221;#ee3383&#8243;][\/vc_column][\/vc_row][vc_row][vc_column][vc_single_image image=&#8221;6664&#8243; img_size=&#8221;full&#8221; alignment=&#8221;center&#8221; css_animation=&#8221;appear&#8221;][\/vc_column][\/vc_row][vc_row][vc_column][vc_separator color=&#8221;custom&#8221; border_width=&#8221;2&#8243; accent_color=&#8221;#ee3383&#8243;][\/vc_column][\/vc_row][vc_row][\/vc_row]<\/p>\n","protected":false},"excerpt":{"rendered":"<p>[vc_row][vc_column][vc_separator color=&#8221;custom&#8221; border_width=&#8221;2&#8243; accent_color=&#8221;#ee3383&#8243;][\/vc_column][\/vc_row][vc_row][vc_column][vc_column_text] VALLORIA [\/vc_column_text][\/vc_column][\/vc_row][vc_row][vc_column][vc_separator color=&#8221;custom&#8221; border_width=&#8221;2&#8243; accent_color=&#8221;#ee3383&#8243;][\/vc_column][\/vc_row][vc_row][vc_column width=&#8221;1\/2&#8243;][vc_column_text] Willkommen in Valloria! Auf dem zentralen Dorfplatz von Valloria befindet sich eine sympathische, familiengef\u00fchrte Trattoria, die auch als Bar dient. Hier k\u00f6nnen sie zu fairen Preisen ausgezeichnete, typische Gerichte und spezielle Men\u00fcs f\u00fcr Mountainbiker probieren. Sitzpl\u00e4tze gibt es auf einer gro\u00dfen Terrasse mit Unterbringung der &hellip; <\/p>\n<p class=\"link-more\"><a href=\"https:\/\/liguria-e-bike.com\/de\/valloria\/\" class=\"more-link\"><span class=\"screen-reader-text\">\u201eVALLORIA\u201c<\/span> weiterlesen<\/a><\/p>\n","protected":false},"author":1,"featured_media":6635,"parent":0,"menu_order":0,"comment_status":"closed","ping_status":"closed","template":"","meta":{"footnotes":""},"class_list":["post-6623","page","type-page","status-publish","has-post-thumbnail","hentry"],"_links":{"self":[{"href":"https:\/\/liguria-e-bike.com\/de\/wp-json\/wp\/v2\/pages\/6623","targetHints":{"allow":["GET"]}}],"collection":[{"href":"https:\/\/liguria-e-bike.com\/de\/wp-json\/wp\/v2\/pages"}],"about":[{"href":"https:\/\/liguria-e-bike.com\/de\/wp-json\/wp\/v2\/types\/page"}],"author":[{"embeddable":true,"href":"https:\/\/liguria-e-bike.com\/de\/wp-json\/wp\/v2\/users\/1"}],"replies":[{"embeddable":true,"href":"https:\/\/liguria-e-bike.com\/de\/wp-json\/wp\/v2\/comments?post=6623"}],"version-history":[{"count":47,"href":"https:\/\/liguria-e-bike.com\/de\/wp-json\/wp\/v2\/pages\/6623\/revisions"}],"predecessor-version":[{"id":8765,"href":"https:\/\/liguria-e-bike.com\/de\/wp-json\/wp\/v2\/pages\/6623\/revisions\/8765"}],"wp:featuredmedia":[{"embeddable":true,"href":"https:\/\/liguria-e-bike.com\/de\/wp-json\/wp\/v2\/media\/6635"}],"wp:attachment":[{"href":"https:\/\/liguria-e-bike.com\/de\/wp-json\/wp\/v2\/media?parent=6623"}],"curies":[{"name":"wp","href":"https:\/\/api.w.org\/{rel}","templated":true}]}}