{"id":6883,"date":"2021-01-29T10:23:47","date_gmt":"2021-01-29T09:23:47","guid":{"rendered":"https:\/\/liguria-e-bike.com\/dolcedo\/"},"modified":"2022-05-19T20:45:49","modified_gmt":"2022-05-19T18:45:49","slug":"dolcedo","status":"publish","type":"page","link":"https:\/\/liguria-e-bike.com\/de\/dolcedo\/","title":{"rendered":"DOLCEDO"},"content":{"rendered":"<p>[vc_row][vc_column][vc_separator color=&#8221;custom&#8221; border_width=&#8221;2&#8243; accent_color=&#8221;#ee3383&#8243;][\/vc_column][\/vc_row][vc_row][vc_column][vc_column_text]<\/p>\n<h1>DOLCEDO<\/h1>\n<p>[\/vc_column_text][\/vc_column][\/vc_row][vc_row][vc_column][vc_separator color=&#8221;custom&#8221; border_width=&#8221;2&#8243; accent_color=&#8221;#ee3383&#8243;][\/vc_column][\/vc_row][vc_row][vc_column width=&#8221;1\/2&#8243;][vc_column_text]<\/p>\n<p style=\"text-align: justify;\"><span style=\"color: #202124;\"><strong>Dolcedo<\/strong> ist ein <strong>mittelalterliches Dorf<\/strong>, das aus acht Ortsteilen und verschiedenen, an den H\u00fcgeln des <strong>Prinotals<\/strong> verstreuten Weilern besteht. Der <strong>Hauptort &#8220;Piazza&#8221;<\/strong> f\u00fcllt sich im Sommer mit quirligem Leben von Einheimischen und vielen internationalen Touristen, die ihren <strong>Urlaub in Ferienh\u00e4usern, Agriturismi und Bed &amp; Breakfast<\/strong> genie\u00dfen. Einige <strong>Bars<\/strong>, vier <strong>Restaurants<\/strong> und <strong>Pizzerien<\/strong>, ein <strong>Lebensmittelgesch\u00e4ft<\/strong>, eine <strong>Apotheke<\/strong>, eine <strong>B\u00e4ckerei<\/strong>, ein <strong>Tabakladen<\/strong> und eine <strong>Eisdiele<\/strong> bieten alles f\u00fcr einen wundersch\u00f6nen Urlaub. Der <\/span><span style=\"color: #000000;\">Laden <strong>&#8220;<\/strong><\/span><strong><span style=\"color: #202124;\">Pietra Antica<\/span><span style=\"color: #000000;\">&#8220;<\/span><\/strong><span style=\"color: #202124;\"> bietet Souvenirs, gut sortierte <strong>Weine, Oliven\u00f6l<\/strong> und viele Schnitzereien aus Olivenholz.<\/span><\/p>\n<p>[\/vc_column_text][\/vc_column][vc_column width=&#8221;1\/2&#8243;][vc_single_image image=&#8221;6911&#8243; img_size=&#8221;full&#8221; alignment=&#8221;center&#8221; style=&#8221;vc_box_rounded&#8221; css_animation=&#8221;appear&#8221;][\/vc_column][\/vc_row][vc_row][vc_column width=&#8221;1\/2&#8243;][vc_column_text]<\/p>\n<p style=\"text-align: justify;\"><strong>Dolcedo<\/strong> ist ber\u00fchmt f\u00fcr seine <strong>zahlreichen Br\u00fccken<\/strong>, die die verschiedenen Ortsteile verbinden, darunter die <strong>1292 erbaute Ponte Grande<\/strong> der Malteser Ritter.<\/p>\n<p style=\"text-align: justify;\"><strong>Dolcedo<\/strong> ist auch bekannt f\u00fcr seine <strong>zahlreichen \u00d6lm\u00fchlen<\/strong>, von denen 119 entlang den Fl\u00fcssen und B\u00e4chen im ganzen <strong>Prinotal<\/strong> verstreut sind. Tats\u00e4chlich war <strong>Dolcedo<\/strong> am Zusammenfluss des <strong>Rio dei Boschi<\/strong> mit dem <strong>Fl\u00fcsschen Prino<\/strong> ein ausgezeichnetes Gebiet f\u00fcr den Bau von <strong>Wasserm\u00fchlen<\/strong>.<\/p>\n<p>[\/vc_column_text][\/vc_column][vc_column width=&#8221;1\/2&#8243;][vc_single_image image=&#8221;6915&#8243; img_size=&#8221;full&#8221; alignment=&#8221;center&#8221; style=&#8221;vc_box_rounded&#8221; css_animation=&#8221;appear&#8221;][\/vc_column][\/vc_row][vc_row][vc_column][vc_separator color=&#8221;custom&#8221; border_width=&#8221;2&#8243; accent_color=&#8221;#ee3383&#8243;][\/vc_column][\/vc_row][vc_row][vc_column][vc_single_image image=&#8221;8521&#8243; img_size=&#8221;full&#8221; alignment=&#8221;center&#8221; style=&#8221;vc_box_rounded&#8221; css_animation=&#8221;appear&#8221;][\/vc_column][\/vc_row][vc_row][vc_column][vc_separator color=&#8221;custom&#8221; border_width=&#8221;2&#8243; accent_color=&#8221;#ee3383&#8243;][\/vc_column][\/vc_row][vc_row][vc_column][vc_column_text]<\/p>\n<h1>ESSEN UND \u00dcBERNACHTEN IN DOLCEDO<\/h1>\n<p>[\/vc_column_text][\/vc_column][\/vc_row][vc_row][vc_column][vc_separator color=&#8221;custom&#8221; border_width=&#8221;2&#8243; accent_color=&#8221;#ee3383&#8243;][\/vc_column][\/vc_row][vc_row][vc_column width=&#8221;1\/3&#8243;][vc_single_image image=&#8221;5788&#8243; img_size=&#8221;full&#8221; alignment=&#8221;center&#8221; style=&#8221;vc_box_rounded&#8221; onclick=&#8221;custom_link&#8221; img_link_target=&#8221;_blank&#8221; css_animation=&#8221;appear&#8221; link=&#8221;https:\/\/www.facebook.com\/Pizzeria-la-fontanella-205465232805119\/&#8221;][vc_column_text]<\/p>\n<h2 style=\"text-align: center;\">Pizzeria la Fontanella<\/h2>\n<p>[\/vc_column_text][\/vc_column][vc_column width=&#8221;1\/3&#8243;][vc_single_image image=&#8221;5799&#8243; img_size=&#8221;full&#8221; alignment=&#8221;center&#8221; style=&#8221;vc_box_rounded&#8221; onclick=&#8221;custom_link&#8221; css_animation=&#8221;appear&#8221; link=&#8221;https:\/\/www.facebook.com\/ristorantetunu\/&#8221;][vc_column_text]<\/p>\n<h2 class=\"gmql0nx0 l94mrbxd p1ri9a11 lzcic4wl d2edcug0 hpfvmrgz\" dir=\"auto\" style=\"text-align: center;\"><span class=\"d2edcug0 hpfvmrgz qv66sw1b c1et5uql rrkovp55 a8c37x1j keod5gw0 nxhoafnm aigsh9s9 embtmqzv fe6kdd0r mau55g9w c8b282yb hrzyx87i m6dqt4wy h7mekvxk hnhda86s oo9gr5id hzawbc8m\" dir=\"auto\">Ristorante Tun\u00f9<\/span><\/h2>\n<p>[\/vc_column_text][\/vc_column][vc_column width=&#8221;1\/3&#8243;][vc_single_image image=&#8221;9623&#8243; img_size=&#8221;full&#8221; alignment=&#8221;center&#8221; style=&#8221;vc_box_rounded&#8221; onclick=&#8221;custom_link&#8221; img_link_target=&#8221;_blank&#8221; css_animation=&#8221;appear&#8221; link=&#8221;https:\/\/www.interchalet.de\/italien\/ligurien-riviera-ponente\/dolcedo\/ferienwohnung-daniela-dol295-it1790.645.1\/&#8221;][vc_column_text]<\/p>\n<h2 style=\"text-align: center;\">Daniela<br \/>\nFerienwohnung<br \/>\nDOL 295<\/h2>\n<p>[\/vc_column_text][\/vc_column][\/vc_row][vc_row][vc_column width=&#8221;1\/3&#8243;][vc_single_image image=&#8221;5755&#8243; img_size=&#8221;full&#8221; alignment=&#8221;center&#8221; style=&#8221;vc_box_rounded&#8221; onclick=&#8221;custom_link&#8221; img_link_target=&#8221;_blank&#8221; css_animation=&#8221;appear&#8221; link=&#8221;http:\/\/www.lacasadelcaco.it\/it\/&#8221;][vc_column_text]<\/p>\n<h2 style=\"text-align: center;\">B&amp;B la casa del Caco<\/h2>\n<p>[\/vc_column_text][\/vc_column][vc_column width=&#8221;1\/3&#8243;][vc_single_image image=&#8221;5766&#8243; img_size=&#8221;full&#8221; alignment=&#8221;center&#8221; style=&#8221;vc_box_rounded&#8221; onclick=&#8221;custom_link&#8221; css_animation=&#8221;appear&#8221; link=&#8221;https:\/\/www.agriturismochiarina.com\/&#8221;][vc_column_text]<\/p>\n<h2 class=\"gmql0nx0 l94mrbxd p1ri9a11 lzcic4wl d2edcug0 hpfvmrgz\" dir=\"auto\" style=\"text-align: center;\"><span class=\"d2edcug0 hpfvmrgz qv66sw1b c1et5uql rrkovp55 a8c37x1j keod5gw0 nxhoafnm aigsh9s9 embtmqzv fe6kdd0r mau55g9w c8b282yb hrzyx87i m6dqt4wy h7mekvxk hnhda86s oo9gr5id hzawbc8m\" dir=\"auto\">Agriturismo Chiarina<\/span><\/h2>\n<p>[\/vc_column_text][\/vc_column][vc_column width=&#8221;1\/3&#8243;][vc_single_image image=&#8221;5982&#8243; img_size=&#8221;full&#8221; alignment=&#8221;center&#8221; style=&#8221;vc_box_rounded&#8221; onclick=&#8221;custom_link&#8221; img_link_target=&#8221;_blank&#8221; css_animation=&#8221;appear&#8221; link=&#8221;http:\/\/www.sanmicheleagriturismo.net\/home.htm&#8221;][vc_column_text]<\/p>\n<h2 style=\"text-align: center;\">Agriturismo San Michele<\/h2>\n<p>[\/vc_column_text][\/vc_column][\/vc_row][vc_row][vc_column width=&#8221;1\/3&#8243;][vc_single_image image=&#8221;5821&#8243; img_size=&#8221;full&#8221; alignment=&#8221;center&#8221; style=&#8221;vc_box_rounded&#8221; onclick=&#8221;custom_link&#8221; img_link_target=&#8221;_blank&#8221; css_animation=&#8221;appear&#8221; link=&#8221;https:\/\/www.interchalet.it\/detail.cfm?ag=A0008881&amp;lang=it&amp;object_code=dol100&#8243;][vc_column_text]<\/p>\n<h2 style=\"text-align: center;\">Agriturismo<br \/>\nCasa del Cavaliere<br \/>\nCasa Angela<br \/>\nDOL 100<\/h2>\n<p>[\/vc_column_text][\/vc_column][vc_column width=&#8221;1\/3&#8243;][vc_single_image image=&#8221;5839&#8243; img_size=&#8221;full&#8221; alignment=&#8221;center&#8221; style=&#8221;vc_box_rounded&#8221; onclick=&#8221;custom_link&#8221; img_link_target=&#8221;_blank&#8221; css_animation=&#8221;appear&#8221; link=&#8221;https:\/\/www.interchalet.it\/detail.cfm?ag=A0008881&amp;lang=it&amp;object_code=dol123&#8243;][vc_column_text]<\/p>\n<h2 style=\"text-align: center;\">Agriturismo<br \/>\nCasa del Cavaliere<br \/>\nAppartamento Limone<br \/>\nDOL 123<\/h2>\n<p>[\/vc_column_text][\/vc_column][vc_column width=&#8221;1\/3&#8243;][vc_single_image image=&#8221;5856&#8243; img_size=&#8221;full&#8221; alignment=&#8221;center&#8221; style=&#8221;vc_box_rounded&#8221; onclick=&#8221;custom_link&#8221; img_link_target=&#8221;_blank&#8221; css_animation=&#8221;appear&#8221; link=&#8221;https:\/\/www.interchalet.it\/detail.cfm?ag=A0008881&amp;lang=it&amp;object_code=dol105&#8243;][vc_column_text]<\/p>\n<h2 style=\"text-align: center;\">Agriturismo<br \/>\nCasa del Cavaliere<br \/>\nAppartamento<br \/>\nCasa del Cavaliere<br \/>\nDOL 105<\/h2>\n<p>[\/vc_column_text][\/vc_column][\/vc_row][vc_row][vc_column width=&#8221;1\/3&#8243;][vc_single_image image=&#8221;5867&#8243; img_size=&#8221;full&#8221; alignment=&#8221;center&#8221; style=&#8221;vc_box_rounded&#8221; onclick=&#8221;custom_link&#8221; img_link_target=&#8221;_blank&#8221; css_animation=&#8221;appear&#8221; link=&#8221;https:\/\/www.interchalet.it\/detail.cfm?ag=A0008881&amp;lang=it&amp;object_code=dol160&#8243;][vc_column_text]<\/p>\n<h2 style=\"text-align: center;\">Agriturismo Asplanato<br \/>\nLecchiore<br \/>\nAppartamento Asplanato<br \/>\nDOL 160<\/h2>\n<p>[\/vc_column_text][\/vc_column][vc_column width=&#8221;1\/3&#8243;][vc_single_image image=&#8221;5867&#8243; img_size=&#8221;full&#8221; alignment=&#8221;center&#8221; style=&#8221;vc_box_rounded&#8221; onclick=&#8221;custom_link&#8221; img_link_target=&#8221;_blank&#8221; css_animation=&#8221;appear&#8221; link=&#8221;https:\/\/www.interchalet.it\/detail.cfm?ag=A0008881&amp;lang=it&amp;object_code=dol161&#8243;][vc_column_text]<\/p>\n<h2 style=\"text-align: center;\">Agriturismo Asplanato<br \/>\nLecchiore<br \/>\nAppartamento Asplanato<br \/>\nDOL 161<\/h2>\n<p>[\/vc_column_text][\/vc_column][vc_column width=&#8221;1\/3&#8243;][vc_single_image image=&#8221;5892&#8243; img_size=&#8221;full&#8221; alignment=&#8221;center&#8221; style=&#8221;vc_box_rounded&#8221; onclick=&#8221;custom_link&#8221; img_link_target=&#8221;_blank&#8221; css_animation=&#8221;appear&#8221; link=&#8221;https:\/\/www.interchalet.it\/detail.cfm?ag=A0008881&amp;lang=it&amp;object_code=dol162&#8243;][vc_column_text]<\/p>\n<h2 style=\"text-align: center;\">Agriturismo Asplanato<br \/>\nLecchiore<br \/>\nAppartamento Asplanato<br \/>\nDOL 162<\/h2>\n<p>[\/vc_column_text][\/vc_column][\/vc_row][vc_row][vc_column width=&#8221;1\/3&#8243;][vc_single_image image=&#8221;5892&#8243; img_size=&#8221;full&#8221; alignment=&#8221;center&#8221; style=&#8221;vc_box_rounded&#8221; onclick=&#8221;custom_link&#8221; img_link_target=&#8221;_blank&#8221; css_animation=&#8221;appear&#8221; link=&#8221;https:\/\/www.interchalet.it\/detail.cfm?ag=A0008881&amp;lang=it&amp;object_code=dol163&#8243;][vc_column_text]<\/p>\n<h2 style=\"text-align: center;\">Agriturismo Asplanato<br \/>\nLecchiore<br \/>\nAppartamento Asplanato<br \/>\nDOL 163<\/h2>\n<p>[\/vc_column_text][\/vc_column][vc_column width=&#8221;1\/3&#8243;][vc_single_image image=&#8221;5892&#8243; img_size=&#8221;full&#8221; alignment=&#8221;center&#8221; style=&#8221;vc_box_rounded&#8221; onclick=&#8221;custom_link&#8221; img_link_target=&#8221;_blank&#8221; css_animation=&#8221;appear&#8221; link=&#8221;https:\/\/www.interchalet.it\/detail.cfm?ag=A0008881&amp;lang=it&amp;object_code=dol164&#8243;][vc_column_text]<\/p>\n<h2 style=\"text-align: center;\">Agriturismo Asplanato<br \/>\nLecchiore<br \/>\nAppartamento Asplanato<br \/>\nDOL 164<\/h2>\n<p>[\/vc_column_text][\/vc_column][vc_column width=&#8221;1\/3&#8243;][vc_single_image image=&#8221;5892&#8243; img_size=&#8221;full&#8221; alignment=&#8221;center&#8221; style=&#8221;vc_box_rounded&#8221; onclick=&#8221;custom_link&#8221; img_link_target=&#8221;_blank&#8221; css_animation=&#8221;appear&#8221; link=&#8221;https:\/\/www.interchalet.it\/detail.cfm?ag=A0008881&amp;lang=it&amp;object_code=dol166&#8243;][vc_column_text]<\/p>\n<h2 style=\"text-align: center;\">Agriturismo Asplanato<br \/>\nLecchiore<br \/>\nAppartamento Asplanato<br \/>\nDOL 166<\/h2>\n<p>[\/vc_column_text][\/vc_column][\/vc_row][vc_row][vc_column width=&#8221;1\/3&#8243;][vc_single_image image=&#8221;5924&#8243; img_size=&#8221;full&#8221; alignment=&#8221;center&#8221; style=&#8221;vc_box_rounded&#8221; onclick=&#8221;custom_link&#8221; img_link_target=&#8221;_blank&#8221; css_animation=&#8221;appear&#8221; link=&#8221;https:\/\/www.interchalet.it\/detail.cfm?ag=A0008881&amp;lang=it&amp;object_code=dol301&#8243;][vc_column_text]<\/p>\n<h2 style=\"text-align: center;\">Borgata Vallone<br \/>\nLecchiore<br \/>\nCasa Zambo<br \/>\nDOL 301<\/h2>\n<p>[\/vc_column_text][\/vc_column][vc_column width=&#8221;1\/3&#8243;][vc_single_image image=&#8221;5935&#8243; img_size=&#8221;full&#8221; alignment=&#8221;center&#8221; style=&#8221;vc_box_rounded&#8221; onclick=&#8221;custom_link&#8221; img_link_target=&#8221;_blank&#8221; css_animation=&#8221;appear&#8221; link=&#8221;https:\/\/www.interchalet.it\/detail.cfm?ag=A0008881&amp;lang=it&amp;object_code=dol302&#8243;][vc_column_text]<\/p>\n<h2 style=\"text-align: center;\">Borgata Vallone<br \/>\nLecchiore<br \/>\nCasa Zambo<br \/>\nDOL 302<\/h2>\n<p>[\/vc_column_text][\/vc_column][vc_column width=&#8221;1\/3&#8243;][vc_single_image image=&#8221;5946&#8243; img_size=&#8221;full&#8221; alignment=&#8221;center&#8221; style=&#8221;vc_box_rounded&#8221; onclick=&#8221;custom_link&#8221; img_link_target=&#8221;_blank&#8221; css_animation=&#8221;appear&#8221; link=&#8221;https:\/\/www.interchalet.it\/detail.cfm?ag=A0008881&amp;lang=it&amp;object_code=dol303&#8243;][vc_column_text]<\/p>\n<h2 style=\"text-align: center;\">Borgata Vallone<br \/>\nLecchiore<br \/>\nCasa Zambo<br \/>\nDOL 303<\/h2>\n<p>[\/vc_column_text][\/vc_column][\/vc_row][vc_row][vc_column][vc_separator color=&#8221;custom&#8221; border_width=&#8221;2&#8243; accent_color=&#8221;#ee3383&#8243;][\/vc_column][\/vc_row][vc_row][vc_column][vc_single_image image=&#8221;7240&#8243; img_size=&#8221;full&#8221; alignment=&#8221;center&#8221; css_animation=&#8221;appear&#8221;][\/vc_column][\/vc_row][vc_row][vc_column][vc_separator color=&#8221;custom&#8221; border_width=&#8221;2&#8243; accent_color=&#8221;#ee3383&#8243;][\/vc_column][\/vc_row]<\/p>\n","protected":false},"excerpt":{"rendered":"<p>[vc_row][vc_column][vc_separator color=&#8221;custom&#8221; border_width=&#8221;2&#8243; accent_color=&#8221;#ee3383&#8243;][\/vc_column][\/vc_row][vc_row][vc_column][vc_column_text] DOLCEDO [\/vc_column_text][\/vc_column][\/vc_row][vc_row][vc_column][vc_separator color=&#8221;custom&#8221; border_width=&#8221;2&#8243; accent_color=&#8221;#ee3383&#8243;][\/vc_column][\/vc_row][vc_row][vc_column width=&#8221;1\/2&#8243;][vc_column_text] Dolcedo ist ein mittelalterliches Dorf, das aus acht Ortsteilen und verschiedenen, an den H\u00fcgeln des Prinotals verstreuten Weilern besteht. Der Hauptort &#8220;Piazza&#8221; f\u00fcllt sich im Sommer mit quirligem Leben von Einheimischen und vielen internationalen Touristen, die ihren Urlaub in Ferienh\u00e4usern, Agriturismi und Bed &amp; Breakfast &hellip; <\/p>\n<p class=\"link-more\"><a href=\"https:\/\/liguria-e-bike.com\/de\/dolcedo\/\" class=\"more-link\"><span class=\"screen-reader-text\">\u201eDOLCEDO\u201c<\/span> weiterlesen<\/a><\/p>\n","protected":false},"author":1,"featured_media":8509,"parent":0,"menu_order":0,"comment_status":"closed","ping_status":"closed","template":"","meta":{"footnotes":""},"class_list":["post-6883","page","type-page","status-publish","has-post-thumbnail","hentry"],"_links":{"self":[{"href":"https:\/\/liguria-e-bike.com\/de\/wp-json\/wp\/v2\/pages\/6883","targetHints":{"allow":["GET"]}}],"collection":[{"href":"https:\/\/liguria-e-bike.com\/de\/wp-json\/wp\/v2\/pages"}],"about":[{"href":"https:\/\/liguria-e-bike.com\/de\/wp-json\/wp\/v2\/types\/page"}],"author":[{"embeddable":true,"href":"https:\/\/liguria-e-bike.com\/de\/wp-json\/wp\/v2\/users\/1"}],"replies":[{"embeddable":true,"href":"https:\/\/liguria-e-bike.com\/de\/wp-json\/wp\/v2\/comments?post=6883"}],"version-history":[{"count":37,"href":"https:\/\/liguria-e-bike.com\/de\/wp-json\/wp\/v2\/pages\/6883\/revisions"}],"predecessor-version":[{"id":9629,"href":"https:\/\/liguria-e-bike.com\/de\/wp-json\/wp\/v2\/pages\/6883\/revisions\/9629"}],"wp:featuredmedia":[{"embeddable":true,"href":"https:\/\/liguria-e-bike.com\/de\/wp-json\/wp\/v2\/media\/8509"}],"wp:attachment":[{"href":"https:\/\/liguria-e-bike.com\/de\/wp-json\/wp\/v2\/media?parent=6883"}],"curies":[{"name":"wp","href":"https:\/\/api.w.org\/{rel}","templated":true}]}}