{"id":7166,"date":"2021-01-19T14:11:46","date_gmt":"2021-01-19T13:11:46","guid":{"rendered":"https:\/\/liguria-e-bike.com\/monte-faudo\/"},"modified":"2021-03-12T10:07:25","modified_gmt":"2021-03-12T09:07:25","slug":"monte-faudo","status":"publish","type":"page","link":"https:\/\/liguria-e-bike.com\/de\/monte-faudo\/","title":{"rendered":"MONTE FAUDO"},"content":{"rendered":"<p>[vc_row][vc_column][vc_separator color=&#8221;custom&#8221; border_width=&#8221;2&#8243; accent_color=&#8221;#ee3383&#8243;][\/vc_column][\/vc_row][vc_row][vc_column][vc_column_text]<\/p>\n<h1>MONTE FAUDO<\/h1>\n<p>[\/vc_column_text][\/vc_column][\/vc_row][vc_row][vc_column][vc_separator color=&#8221;custom&#8221; border_width=&#8221;2&#8243; accent_color=&#8221;#ee3383&#8243;][\/vc_column][\/vc_row][vc_row][vc_column width=&#8221;1\/2&#8243;][vc_column_text]<\/p>\n<p style=\"text-align: justify;\"><span style=\"color: #202124;\">Der <strong>Monte Faudo<\/strong> ist einzigartig f\u00fcr seine relative N\u00e4he zum Meer und seine H\u00f6he von <strong>1149 Metern<\/strong>. Von seinem Gipfel aus kann man die gesamte <strong>ligurische K\u00fcste von Cervo bis Ventimiglia<\/strong> und einen Gro\u00dfteil der nahen <strong>Cot\u00e9 d\u00b4Azur<\/strong> sehen. Dar\u00fcber hinaus ist er dank seiner besonderen H\u00f6he und Form von jedem anderen Berg in den <strong>ligurischen Alpen<\/strong> aus sichtbar. Auf dem <strong>Gipfel<\/strong> befindet sich eine <strong>kleine Kirche<\/strong> und ein riesiges <strong>Metallkreuz<\/strong>. Die <strong>Aussicht<\/strong> da oben ist <strong>fantastisch<\/strong> und entsch\u00e4digt f\u00fcr den anspruchsvolle<\/span><span style=\"color: #000000;\">n<\/span><span style=\"color: #202124;\"> Aufstieg \u00fcber eine unbefestigte Stra\u00dfe und einen Schleichweg. Die <\/span><span style=\"color: #202124;\"><b>Faudo-Trails<\/b><\/span><span style=\"color: #202124;\"> sind in <strong>2 Kategorien<\/strong> unterteilt. <strong>Ein Teil<\/strong> verl\u00e4uft entlang alter <strong>Saumpfade<\/strong>, die <strong>Dolcedo<\/strong> und den <strong>Gipfel<\/strong> verbinden, der als einzige Verbindung mit den anderen <strong>Nachbard\u00f6rfern<\/strong> dient, und <strong>andere<\/strong>, die auf <strong>alten Wegen<\/strong> gebaut wurden, die f\u00fcr die <strong>Jagd<\/strong>, das <strong>Pilzesuchen<\/strong> und die <strong>Sammlung von Holz<\/strong> zur Umwandlung in <strong>Holzkohle<\/strong> genutzt wurden.<\/span><\/p>\n<p style=\"text-align: justify;\"><span lang=\"IT\">\u00a0<\/span><\/p>\n<p>[\/vc_column_text][\/vc_column][vc_column width=&#8221;1\/2&#8243;][vc_single_image image=&#8221;8498&#8243; img_size=&#8221;full&#8221; alignment=&#8221;center&#8221; css_animation=&#8221;appear&#8221;][\/vc_column][\/vc_row][vc_row][vc_column width=&#8221;1\/2&#8243;][vc_column_text]<\/p>\n<p style=\"text-align: justify;\"><span style=\"color: #202124;\">Der <strong>bekannteste Weg<\/strong> ist der des <strong>alten Saumkamms<\/strong>, der auch bei Wanderern und L\u00e4ufern von <strong>Trail-Rennen<\/strong> mit einem <strong>wahnsinnigen Blick auf das Meer<\/strong> sehr beliebt ist. Dann gibt es zahlreiche, sehr <strong>technische Trails<\/strong> wie <strong>Pettirosso<\/strong>, <strong>Sasslong<\/strong>, <strong>Hangover<\/strong> mit technischen Spr\u00fcngen und steilen Passagen, die in den W\u00e4ldern des Naturschutzgebiets der <strong>Gemeinde Dolcedo<\/strong> verlaufen. Es gibt auch einen anderen Pfad in der Gegend, der entlang des Saumpfads, <strong>&#8220;Trail del Pane&#8221;<\/strong> f\u00fchrt, der <strong>Lecchiore<\/strong> erreicht und damit die <strong>Felswasserbecken von Acqua Santa<\/strong>. In der <strong>Santa Brigida<\/strong> Gegend gibt es dann <strong>2 Wanderwege<\/strong>, die in <strong>Richtung Civezza<\/strong> hinunter f\u00fchren, den <strong>Boazzo Trail<\/strong> \u00a0und den <strong>Overlord<\/strong>, beide sehr schnell als auch <strong>technisch herausfordernd<\/strong>, aber daf\u00fcr hat man immer <strong>das Meer im Blick<\/strong>.<\/span><\/p>\n<p>[\/vc_column_text][\/vc_column][vc_column width=&#8221;1\/2&#8243;][vc_single_image image=&#8221;7200&#8243; img_size=&#8221;full&#8221; alignment=&#8221;center&#8221; css_animation=&#8221;appear&#8221;][\/vc_column][\/vc_row][vc_row][vc_column][vc_separator color=&#8221;custom&#8221; border_width=&#8221;2&#8243; accent_color=&#8221;#ee3383&#8243;][\/vc_column][\/vc_row][vc_row][vc_column][vc_single_image image=&#8221;7229&#8243; img_size=&#8221;full&#8221; alignment=&#8221;center&#8221; css_animation=&#8221;appear&#8221;][vc_separator color=&#8221;custom&#8221; border_width=&#8221;2&#8243; accent_color=&#8221;#ee3383&#8243;][\/vc_column][\/vc_row][vc_row][\/vc_row]<\/p>\n","protected":false},"excerpt":{"rendered":"<p>[vc_row][vc_column][vc_separator color=&#8221;custom&#8221; border_width=&#8221;2&#8243; accent_color=&#8221;#ee3383&#8243;][\/vc_column][\/vc_row][vc_row][vc_column][vc_column_text] MONTE FAUDO [\/vc_column_text][\/vc_column][\/vc_row][vc_row][vc_column][vc_separator color=&#8221;custom&#8221; border_width=&#8221;2&#8243; accent_color=&#8221;#ee3383&#8243;][\/vc_column][\/vc_row][vc_row][vc_column width=&#8221;1\/2&#8243;][vc_column_text] Der Monte Faudo ist einzigartig f\u00fcr seine relative N\u00e4he zum Meer und seine H\u00f6he von 1149 Metern. Von seinem Gipfel aus kann man die gesamte ligurische K\u00fcste von Cervo bis Ventimiglia und einen Gro\u00dfteil der nahen Cot\u00e9 d\u00b4Azur sehen. Dar\u00fcber hinaus ist er dank &hellip; <\/p>\n<p class=\"link-more\"><a href=\"https:\/\/liguria-e-bike.com\/de\/monte-faudo\/\" class=\"more-link\"><span class=\"screen-reader-text\">\u201eMONTE FAUDO\u201c<\/span> weiterlesen<\/a><\/p>\n","protected":false},"author":1,"featured_media":8496,"parent":0,"menu_order":0,"comment_status":"closed","ping_status":"closed","template":"","meta":{"footnotes":""},"class_list":["post-7166","page","type-page","status-publish","has-post-thumbnail","hentry"],"_links":{"self":[{"href":"https:\/\/liguria-e-bike.com\/de\/wp-json\/wp\/v2\/pages\/7166","targetHints":{"allow":["GET"]}}],"collection":[{"href":"https:\/\/liguria-e-bike.com\/de\/wp-json\/wp\/v2\/pages"}],"about":[{"href":"https:\/\/liguria-e-bike.com\/de\/wp-json\/wp\/v2\/types\/page"}],"author":[{"embeddable":true,"href":"https:\/\/liguria-e-bike.com\/de\/wp-json\/wp\/v2\/users\/1"}],"replies":[{"embeddable":true,"href":"https:\/\/liguria-e-bike.com\/de\/wp-json\/wp\/v2\/comments?post=7166"}],"version-history":[{"count":16,"href":"https:\/\/liguria-e-bike.com\/de\/wp-json\/wp\/v2\/pages\/7166\/revisions"}],"predecessor-version":[{"id":8759,"href":"https:\/\/liguria-e-bike.com\/de\/wp-json\/wp\/v2\/pages\/7166\/revisions\/8759"}],"wp:featuredmedia":[{"embeddable":true,"href":"https:\/\/liguria-e-bike.com\/de\/wp-json\/wp\/v2\/media\/8496"}],"wp:attachment":[{"href":"https:\/\/liguria-e-bike.com\/de\/wp-json\/wp\/v2\/media?parent=7166"}],"curies":[{"name":"wp","href":"https:\/\/api.w.org\/{rel}","templated":true}]}}