{"id":7253,"date":"2021-02-04T11:33:24","date_gmt":"2021-02-04T10:33:24","guid":{"rendered":"https:\/\/liguria-e-bike.com\/valloria-2\/"},"modified":"2021-03-12T11:51:29","modified_gmt":"2021-03-12T10:51:29","slug":"tavole","status":"publish","type":"page","link":"https:\/\/liguria-e-bike.com\/de\/tavole\/","title":{"rendered":"TAVOLE"},"content":{"rendered":"<p>[vc_row][vc_column][vc_separator color=&#8221;custom&#8221; border_width=&#8221;2&#8243; accent_color=&#8221;#ee3383&#8243;][\/vc_column][\/vc_row][vc_row][vc_column][vc_column_text]<\/p>\n<h1>TAVOLE<\/h1>\n<p>[\/vc_column_text][\/vc_column][\/vc_row][vc_row][vc_column][vc_separator color=&#8221;custom&#8221; border_width=&#8221;2&#8243; accent_color=&#8221;#ee3383&#8243;][\/vc_column][\/vc_row][vc_row][vc_column width=&#8221;1\/2&#8243;][vc_column_text]<\/p>\n<p style=\"text-align: justify;\"><strong>Tavole<\/strong> liegt auf <strong>430 m<\/strong> \u00fcber dem Meeresspiegel. Das <strong>Bergdorf<\/strong> ist in drei Ortsteile unterteilt, <strong>Novelli, Revelli und Villa<\/strong>, der Hauptort, in dem sich die <strong>sch\u00f6ne Kirche\u00a0 San Carlo<\/strong> befindet. <strong>Das Restaurant &#8220;Il Teatro&#8221;<\/strong>\u00a0 mit sympathischer <strong>Bar und sch\u00f6ner Terrasse<\/strong> in Villa liegt direkt unter dem Platz, auf dem der <strong>ber\u00fchmte ligurisch-piemontesische Faustball<\/strong> gespielt wird und bietet ausgezeichnete Gerichte der <strong>ligurischen K\u00fcche<\/strong>.<br \/>\n<strong>Tavole<\/strong> ist von viel Gr\u00fcn und jahrhundertealten Kastanienb\u00e4umen umgeben, so dass die Menschen der nahe gelegenen K\u00fcste seit der Antike einen <strong>Teil des Sommers<\/strong> in der <strong>K\u00fchle von Tavole<\/strong> verbrachten. Tats\u00e4chlich wurde es das <strong>kleine &#8220;Ormea&#8221;<\/strong> genannt, nach einer Stadt im nahe gelegenen <strong>Piemont<\/strong>, die f\u00fcr ihr angenehm k\u00fchles <strong>Sommerklima<\/strong> bekannt ist.<\/p>\n<p>[\/vc_column_text][\/vc_column][vc_column width=&#8221;1\/2&#8243;][vc_single_image image=&#8221;7283&#8243; img_size=&#8221;full&#8221; alignment=&#8221;center&#8221; style=&#8221;vc_box_rounded&#8221; css_animation=&#8221;appear&#8221;][\/vc_column][\/vc_row][vc_row][vc_column width=&#8221;1\/2&#8243;][vc_column_text]<\/p>\n<p style=\"text-align: justify;\">F\u00fcr <strong>Mountainbiker<\/strong> gibt es <strong>zahlreiche Routen<\/strong>, die f\u00fcr <strong>alle Schwierigkeitsgrade<\/strong> geeignet sind, mit Wegen inmitten von <strong>W\u00e4ldern, Wiesen und Bergk\u00e4mmen<\/strong>. F\u00fcr die Wagemutigen, gibt es die M\u00f6glichkeit, in den wundersch\u00f6nen, <strong>kleinen Bergseen<\/strong> in der N\u00e4he von <strong>Tavole<\/strong> zu baden. Ein besonders malerischer See liegt im Wald an der <strong>romantischen Ruine<\/strong> einer alten Kalksteinm\u00fchle.<br \/>\nZwei weitere <strong>Trails<\/strong> f\u00fchren zur nahe gelegenen <strong>Kapelle Madonna del Piano,<\/strong> mit rustikalem <strong>Picknick Tisch<\/strong> auf einer wundersch\u00f6nen Hochebene mit sagenhaftem <strong>Blick auf das Meer bei Imperia<\/strong>. Ein weiterer <strong>Trail und Wanderweg<\/strong> f\u00fchrt durch Kastanienw\u00e4ldern teils auf Schotterpisten hinauf zur <strong>Kapelle Santa Marta<\/strong>, in eine typische Berglandschaft der Ausl\u00e4ufer der <strong>ligurischen Seealpen<\/strong>. Auch bei <strong>Santa Marta<\/strong> laden <strong>Tische<\/strong>, ein <strong>Grillplatz<\/strong> und sogar eine <strong>Wasserquelle<\/strong> zu einer Pause ein.<\/p>\n<p>[\/vc_column_text][\/vc_column][vc_column width=&#8221;1\/2&#8243;][vc_single_image image=&#8221;7260&#8243; img_size=&#8221;full&#8221; alignment=&#8221;center&#8221; style=&#8221;vc_box_rounded&#8221; css_animation=&#8221;appear&#8221;][\/vc_column][\/vc_row][vc_row][vc_column][vc_separator color=&#8221;custom&#8221; border_width=&#8221;2&#8243; accent_color=&#8221;#ee3383&#8243;][\/vc_column][\/vc_row][vc_row][vc_column][vc_column_text]<\/p>\n<h1>ESSEN UND \u00dcBERNACHTEN IN TAVOLE<\/h1>\n<p>[\/vc_column_text][\/vc_column][\/vc_row][vc_row][vc_column][vc_separator color=&#8221;custom&#8221; border_width=&#8221;2&#8243; accent_color=&#8221;#ee3383&#8243;][\/vc_column][\/vc_row][vc_row][vc_column width=&#8221;1\/3&#8243;][vc_single_image image=&#8221;5216&#8243; img_size=&#8221;full&#8221; alignment=&#8221;center&#8221; style=&#8221;vc_box_rounded&#8221; css_animation=&#8221;appear&#8221;][vc_column_text]<\/p>\n<h2 style=\"text-align: center;\">Ristorante il Teatro<\/h2>\n<p>[\/vc_column_text][\/vc_column][vc_column width=&#8221;1\/3&#8243;][vc_single_image image=&#8221;5227&#8243; img_size=&#8221;full&#8221; alignment=&#8221;center&#8221; style=&#8221;vc_box_rounded&#8221; onclick=&#8221;custom_link&#8221; img_link_target=&#8221;_blank&#8221; css_animation=&#8221;appear&#8221; link=&#8221;https:\/\/www.interchalet.it\/detail.cfm?ag=A0008881&amp;lang=it&amp;object_code=tve150&#8243;][vc_column_text]<\/p>\n<h2 style=\"text-align: center;\">Agriturismo<br \/>\nCa\u00b4de Baudo l\u00b4Ameican<br \/>\nTVE 150<\/h2>\n<p>[\/vc_column_text][\/vc_column][vc_column width=&#8221;1\/3&#8243;][\/vc_column][\/vc_row][vc_row][vc_column width=&#8221;1\/3&#8243;][vc_single_image image=&#8221;5238&#8243; img_size=&#8221;full&#8221; alignment=&#8221;center&#8221; style=&#8221;vc_box_rounded&#8221; onclick=&#8221;custom_link&#8221; img_link_target=&#8221;_blank&#8221; css_animation=&#8221;appear&#8221; link=&#8221;https:\/\/www.interchalet.it\/detail.cfm?ag=A0008881&amp;lang=it&amp;object_code=tve170&#8243;][vc_column_text]<\/p>\n<h2 style=\"text-align: center;\">Agriturismo<br \/>\nIl vecchio mulino a Tavole<br \/>\nAppartamento Il Loggiato<br \/>\nTVE 170<\/h2>\n<p>[\/vc_column_text][\/vc_column][vc_column width=&#8221;1\/3&#8243;][vc_single_image image=&#8221;5238&#8243; img_size=&#8221;full&#8221; alignment=&#8221;center&#8221; style=&#8221;vc_box_rounded&#8221; onclick=&#8221;custom_link&#8221; img_link_target=&#8221;_blank&#8221; css_animation=&#8221;appear&#8221; link=&#8221;https:\/\/www.interchalet.it\/detail.cfm?ag=A0008881&amp;lang=it&amp;object_code=tve171&#8243;][vc_column_text]<\/p>\n<h2 style=\"text-align: center;\">Agriturismo<br \/>\nIl vecchio mulino a Tavole<br \/>\nAppartamento A Ca&#8217; de Gi\u00f9<br \/>\nTVE 171<\/h2>\n<p>[\/vc_column_text][\/vc_column][vc_column width=&#8221;1\/3&#8243;][vc_single_image image=&#8221;5238&#8243; img_size=&#8221;full&#8221; alignment=&#8221;center&#8221; style=&#8221;vc_box_rounded&#8221; onclick=&#8221;custom_link&#8221; img_link_target=&#8221;_blank&#8221; css_animation=&#8221;appear&#8221; link=&#8221;https:\/\/www.interchalet.it\/detail.cfm?ag=A0008881&amp;lang=it&amp;object_code=tve172&#8243;][vc_column_text]<\/p>\n<h2 style=\"text-align: center;\">Agriturismo<br \/>\nIl vecchio mulino a Tavole<br \/>\nAppartamento<br \/>\nLoggiato &amp; A Ca&#8217; de Gi\u00f9<br \/>\nTVE 172<\/h2>\n<p>[\/vc_column_text][\/vc_column][\/vc_row][vc_row][vc_column][vc_separator color=&#8221;custom&#8221; border_width=&#8221;2&#8243; accent_color=&#8221;#ee3383&#8243;][\/vc_column][\/vc_row][vc_row][\/vc_row]<\/p>\n","protected":false},"excerpt":{"rendered":"<p>[vc_row][vc_column][vc_separator color=&#8221;custom&#8221; border_width=&#8221;2&#8243; accent_color=&#8221;#ee3383&#8243;][\/vc_column][\/vc_row][vc_row][vc_column][vc_column_text] TAVOLE [\/vc_column_text][\/vc_column][\/vc_row][vc_row][vc_column][vc_separator color=&#8221;custom&#8221; border_width=&#8221;2&#8243; accent_color=&#8221;#ee3383&#8243;][\/vc_column][\/vc_row][vc_row][vc_column width=&#8221;1\/2&#8243;][vc_column_text] Tavole liegt auf 430 m \u00fcber dem Meeresspiegel. Das Bergdorf ist in drei Ortsteile unterteilt, Novelli, Revelli und Villa, der Hauptort, in dem sich die sch\u00f6ne Kirche\u00a0 San Carlo befindet. Das Restaurant &#8220;Il Teatro&#8221;\u00a0 mit sympathischer Bar und sch\u00f6ner Terrasse in Villa liegt direkt unter &hellip; <\/p>\n<p class=\"link-more\"><a href=\"https:\/\/liguria-e-bike.com\/de\/tavole\/\" class=\"more-link\"><span class=\"screen-reader-text\">\u201eTAVOLE\u201c<\/span> weiterlesen<\/a><\/p>\n","protected":false},"author":1,"featured_media":7279,"parent":0,"menu_order":0,"comment_status":"closed","ping_status":"closed","template":"","meta":{"footnotes":""},"class_list":["post-7253","page","type-page","status-publish","has-post-thumbnail","hentry"],"_links":{"self":[{"href":"https:\/\/liguria-e-bike.com\/de\/wp-json\/wp\/v2\/pages\/7253","targetHints":{"allow":["GET"]}}],"collection":[{"href":"https:\/\/liguria-e-bike.com\/de\/wp-json\/wp\/v2\/pages"}],"about":[{"href":"https:\/\/liguria-e-bike.com\/de\/wp-json\/wp\/v2\/types\/page"}],"author":[{"embeddable":true,"href":"https:\/\/liguria-e-bike.com\/de\/wp-json\/wp\/v2\/users\/1"}],"replies":[{"embeddable":true,"href":"https:\/\/liguria-e-bike.com\/de\/wp-json\/wp\/v2\/comments?post=7253"}],"version-history":[{"count":25,"href":"https:\/\/liguria-e-bike.com\/de\/wp-json\/wp\/v2\/pages\/7253\/revisions"}],"predecessor-version":[{"id":8785,"href":"https:\/\/liguria-e-bike.com\/de\/wp-json\/wp\/v2\/pages\/7253\/revisions\/8785"}],"wp:featuredmedia":[{"embeddable":true,"href":"https:\/\/liguria-e-bike.com\/de\/wp-json\/wp\/v2\/media\/7279"}],"wp:attachment":[{"href":"https:\/\/liguria-e-bike.com\/de\/wp-json\/wp\/v2\/media?parent=7253"}],"curies":[{"name":"wp","href":"https:\/\/api.w.org\/{rel}","templated":true}]}}