{"id":7374,"date":"2021-02-04T12:44:35","date_gmt":"2021-02-04T11:44:35","guid":{"rendered":"https:\/\/liguria-e-bike.com\/molini-de-prela\/"},"modified":"2021-03-12T10:01:45","modified_gmt":"2021-03-12T09:01:45","slug":"molini-de-prela","status":"publish","type":"page","link":"https:\/\/liguria-e-bike.com\/de\/molini-de-prela\/","title":{"rendered":"MOLINI DE PREL\u00c1"},"content":{"rendered":"<p>[vc_row][vc_column][vc_separator color=&#8221;custom&#8221; border_width=&#8221;2&#8243; accent_color=&#8221;#ee3383&#8243;][\/vc_column][\/vc_row][vc_row][vc_column][vc_column_text]<\/p>\n<h1>MOLINI DE PREL\u00c1<\/h1>\n<p>[\/vc_column_text][\/vc_column][\/vc_row][vc_row][vc_column][vc_separator color=&#8221;custom&#8221; border_width=&#8221;2&#8243; accent_color=&#8221;#ee3383&#8243;][\/vc_column][\/vc_row][vc_row][vc_column width=&#8221;1\/2&#8243;][vc_column_text]<\/p>\n<p lang=\"de-DE\" style=\"text-align: justify;\"><span style=\"color: #202124;\"><strong>Prel\u00e0<\/strong> oder <strong>Molini di Prel\u00e0<\/strong> ist die <strong>Hauptort<\/strong> des <strong>Prinotals<\/strong> und der Sitz der Gemeinde. Das Dorf liegt im Talboden entlang des <strong>Prino-Baches<\/strong>, ideal f\u00fcr den Bau der ber\u00fchmten <strong>\u00d6lm\u00fchlen<\/strong> zum Mahlen von Oliven.<\/span><\/p>\n<p lang=\"de-DE\" style=\"text-align: justify;\"><span style=\"color: #202124;\">Der <strong>Olivenanbau<\/strong> <strong>(Taggiasca-Sorte)<\/strong> ist die wichtigste landwirtschaftliche Aktivit\u00e4t des Gebiets, aus den vielen Olivenw\u00e4ldern im <strong>Prinotal<\/strong> wird das <strong>k\u00f6stliche Oliven\u00f6l extra vergine<\/strong> hergestellt.<\/span><\/p>\n<p>[\/vc_column_text][\/vc_column][vc_column width=&#8221;1\/2&#8243;][vc_single_image image=&#8221;7399&#8243; img_size=&#8221;full&#8221; alignment=&#8221;center&#8221; style=&#8221;vc_box_rounded&#8221; css_animation=&#8221;appear&#8221;][\/vc_column][\/vc_row][vc_row][vc_column width=&#8221;1\/2&#8243;][vc_column_text]<\/p>\n<p lang=\"de-DE\" style=\"text-align: justify;\"><span style=\"color: #202124;\">F\u00fcr <strong>Mountainbiker<\/strong> ist <strong>Molini di Prel\u00e0<\/strong> der ideale Ort f\u00fcr eine <strong>erfrischende Pause<\/strong> in einer der <strong>zahlreichen Trattorien, Bars und Pizzerien<\/strong>, <strong>Il Charly<\/strong>, <strong>Il Bar di Prel\u00e0<\/strong> und das <strong>Ristorante Val Prino<\/strong>, das f\u00fcr sein feines und <strong>\u00fcppiges Probiermenu<\/strong> bekannt ist. <strong>Prel\u00e1<\/strong> bietet sich aber auch f\u00fcr eine kulturelle Pause an mit einem Besuch der <strong>historischen \u00d6lm\u00fchlen<\/strong>, der <strong>mittelalterlichen Br\u00fccke<\/strong> oder der Architektur der <strong>zahlreichen Kirchen<\/strong>, unter denen die Kirche <strong>San Giovanni del Groppo<\/strong> heraus sticht, die im <strong>15. Jahrhundert<\/strong> erbaut wurde und mit <strong>wertvollen Gem\u00e4lden<\/strong> aus dem Jahr 1500 <strong>(Agostino da Casanova)<\/strong> geschm\u00fcckt ist.<\/span><\/p>\n<p lang=\"de-DE\" style=\"text-align: justify;\"><span style=\"color: #202124;\">Einen Besuch wert sind au\u00dferdem der <strong>Weiler Canneto<\/strong>, der sich durch das beste <strong>Wintermikroklima<\/strong> in der gesamten Region auszeichnet, und der <strong>Weiler Praelo<\/strong>, von dem man einen <strong>bezaubernden Blick<\/strong> auf das Tal genie\u00dft.<\/span><\/p>\n<p>[\/vc_column_text][\/vc_column][vc_column width=&#8221;1\/2&#8243;][vc_single_image image=&#8221;7403&#8243; img_size=&#8221;full&#8221; alignment=&#8221;center&#8221; style=&#8221;vc_box_rounded&#8221; css_animation=&#8221;appear&#8221;][\/vc_column][\/vc_row][vc_row][vc_column][vc_separator color=&#8221;custom&#8221; border_width=&#8221;2&#8243; accent_color=&#8221;#ee3383&#8243;][\/vc_column][\/vc_row][vc_row][vc_column][vc_column_text]<\/p>\n<h1>ESSEN UND \u00dcBERNACHTEN IN MOLINI DE PREL\u00c1<\/h1>\n<p>[\/vc_column_text][\/vc_column][\/vc_row][vc_row][vc_column][vc_separator color=&#8221;custom&#8221; border_width=&#8221;2&#8243; accent_color=&#8221;#ee3383&#8243;][\/vc_column][\/vc_row][vc_row][vc_column width=&#8221;1\/3&#8243;][vc_single_image image=&#8221;4971&#8243; img_size=&#8221;full&#8221; alignment=&#8221;center&#8221; style=&#8221;vc_box_rounded&#8221; onclick=&#8221;custom_link&#8221; img_link_target=&#8221;_blank&#8221; css_animation=&#8221;appear&#8221; link=&#8221;https:\/\/www.facebook.com\/Hostaria-Pizzeria-Bar-Prela-2501067209919679\/&#8221;][vc_column_text]<\/p>\n<h2 style=\"text-align: center;\">Bar Prela<\/h2>\n<p>[\/vc_column_text][\/vc_column][vc_column width=&#8221;1\/3&#8243;][vc_single_image image=&#8221;5063&#8243; img_size=&#8221;full&#8221; alignment=&#8221;center&#8221; style=&#8221;vc_box_rounded&#8221; onclick=&#8221;custom_link&#8221; img_link_target=&#8221;_blank&#8221; css_animation=&#8221;appear&#8221; link=&#8221;https:\/\/www.facebook.com\/pages\/Bar-Pizzeria-Il-Charlie-\/454437054568762&#8243;][vc_column_text]<\/p>\n<h2 class=\"gmql0nx0 l94mrbxd p1ri9a11 lzcic4wl d2edcug0 hpfvmrgz\" dir=\"auto\" style=\"text-align: center;\"><span class=\"d2edcug0 hpfvmrgz qv66sw1b c1et5uql rrkovp55 a8c37x1j keod5gw0 nxhoafnm aigsh9s9 embtmqzv fe6kdd0r mau55g9w c8b282yb hrzyx87i m6dqt4wy h7mekvxk hnhda86s oo9gr5id hzawbc8m\" dir=\"auto\">Bar Pizzeria &#8221;Il Charlie&#8221;<\/span><\/h2>\n<p>[\/vc_column_text][\/vc_column][vc_column width=&#8221;1\/3&#8243;][\/vc_column][\/vc_row][vc_row][vc_column width=&#8221;1\/3&#8243;][vc_single_image image=&#8221;5116&#8243; img_size=&#8221;full&#8221; alignment=&#8221;center&#8221; style=&#8221;vc_box_rounded&#8221; onclick=&#8221;custom_link&#8221; img_link_target=&#8221;_blank&#8221; css_animation=&#8221;appear&#8221; link=&#8221;https:\/\/www.interchalet.it\/detail.cfm?ag=A0008881&amp;lang=it&amp;object_code=pre130&#8243;][vc_column_text]<\/p>\n<h2 style=\"text-align: center;\">Agriturismo Val Prino<br \/>\nPRE 130<\/h2>\n<p>[\/vc_column_text][\/vc_column][vc_column width=&#8221;1\/3&#8243;][vc_single_image image=&#8221;5134&#8243; img_size=&#8221;full&#8221; alignment=&#8221;center&#8221; style=&#8221;vc_box_rounded&#8221; onclick=&#8221;custom_link&#8221; img_link_target=&#8221;_blank&#8221; css_animation=&#8221;appear&#8221; link=&#8221;https:\/\/www.interchalet.it\/detail.cfm?ag=A0008881&amp;lang=it&amp;object_code=pre131&#8243;][vc_column_text]<\/p>\n<h2 style=\"text-align: center;\">Agriturismo Val Prino<br \/>\nPRE 131<\/h2>\n<p>[\/vc_column_text][\/vc_column][vc_column width=&#8221;1\/3&#8243;][vc_single_image image=&#8221;5145&#8243; img_size=&#8221;full&#8221; alignment=&#8221;center&#8221; style=&#8221;vc_box_rounded&#8221; onclick=&#8221;custom_link&#8221; img_link_target=&#8221;_blank&#8221; css_animation=&#8221;appear&#8221; link=&#8221;https:\/\/www.interchalet.it\/detail.cfm?ag=A0008881&amp;lang=it&amp;object_code=pre155&#8243;][vc_column_text]<\/p>\n<h2 style=\"text-align: center;\">Agriturismo Val Prino<br \/>\nPRE 155<\/h2>\n<p>[\/vc_column_text][\/vc_column][\/vc_row][vc_row][vc_column width=&#8221;1\/3&#8243;][vc_single_image image=&#8221;5156&#8243; img_size=&#8221;full&#8221; alignment=&#8221;center&#8221; style=&#8221;vc_box_rounded&#8221; onclick=&#8221;custom_link&#8221; img_link_target=&#8221;_blank&#8221; css_animation=&#8221;appear&#8221; link=&#8221;https:\/\/www.interchalet.it\/detail.cfm?ag=A0008881&amp;lang=it&amp;object_code=pre170&#8243;][vc_column_text]<\/p>\n<h2 style=\"text-align: center;\">Agriturismo Val Prino<br \/>\nAppartamento Adriana<br \/>\nPRE 170<\/h2>\n<p>[\/vc_column_text][\/vc_column][vc_column width=&#8221;1\/3&#8243;][vc_single_image image=&#8221;5156&#8243; img_size=&#8221;full&#8221; alignment=&#8221;center&#8221; style=&#8221;vc_box_rounded&#8221; onclick=&#8221;custom_link&#8221; img_link_target=&#8221;_blank&#8221; css_animation=&#8221;appear&#8221; link=&#8221;https:\/\/www.interchalet.it\/detail.cfm?ag=A0008881&amp;lang=it&amp;object_code=pre171&#8243;][vc_column_text]<\/p>\n<h2 style=\"text-align: center;\">Agriturismo Val Prino<br \/>\nAppartamento Luca<br \/>\nPRE 171<\/h2>\n<p>[\/vc_column_text][\/vc_column][vc_column width=&#8221;1\/3&#8243;][vc_single_image image=&#8221;5156&#8243; img_size=&#8221;full&#8221; alignment=&#8221;center&#8221; style=&#8221;vc_box_rounded&#8221; onclick=&#8221;custom_link&#8221; img_link_target=&#8221;_blank&#8221; css_animation=&#8221;appear&#8221; link=&#8221;https:\/\/www.interchalet.it\/detail.cfm?ag=A0008881&amp;lang=it&amp;object_code=pre172&#8243;][vc_column_text]<\/p>\n<h2 style=\"text-align: center;\">Agriturismo Val Prino<br \/>\nAppartamento Marco<br \/>\nPRE 172<\/h2>\n<p>[\/vc_column_text][\/vc_column][\/vc_row][vc_row][vc_column width=&#8221;1\/3&#8243;][vc_single_image image=&#8221;5156&#8243; img_size=&#8221;full&#8221; alignment=&#8221;center&#8221; style=&#8221;vc_box_rounded&#8221; onclick=&#8221;custom_link&#8221; img_link_target=&#8221;_blank&#8221; css_animation=&#8221;appear&#8221; link=&#8221;https:\/\/www.interchalet.it\/detail.cfm?ag=A0008881&amp;lang=it&amp;object_code=pre173&#8243;][vc_column_text]<\/p>\n<h2 style=\"text-align: center;\">Agriturismo Val Prino<br \/>\nAppartamento Pia<br \/>\nPRE 173<\/h2>\n<p>[\/vc_column_text][\/vc_column][vc_column width=&#8221;1\/3&#8243;][vc_single_image image=&#8221;5156&#8243; img_size=&#8221;full&#8221; alignment=&#8221;center&#8221; style=&#8221;vc_box_rounded&#8221; onclick=&#8221;custom_link&#8221; img_link_target=&#8221;_blank&#8221; css_animation=&#8221;appear&#8221; link=&#8221;https:\/\/www.interchalet.it\/detail.cfm?ag=A0008881&amp;lang=it&amp;object_code=pre174&#8243;][vc_column_text]<\/p>\n<h2 style=\"text-align: center;\">Agriturismo Val Prino<br \/>\nCasa Adriana, Pia Luca &amp; Marco<br \/>\nPRE 174<\/h2>\n<p>[\/vc_column_text][\/vc_column][vc_column width=&#8221;1\/3&#8243;][\/vc_column][\/vc_row][vc_row][vc_column][vc_separator color=&#8221;custom&#8221; border_width=&#8221;2&#8243; accent_color=&#8221;#ee3383&#8243;][\/vc_column][\/vc_row][vc_row][\/vc_row]<\/p>\n","protected":false},"excerpt":{"rendered":"<p>[vc_row][vc_column][vc_separator color=&#8221;custom&#8221; border_width=&#8221;2&#8243; accent_color=&#8221;#ee3383&#8243;][\/vc_column][\/vc_row][vc_row][vc_column][vc_column_text] MOLINI DE PREL\u00c1 [\/vc_column_text][\/vc_column][\/vc_row][vc_row][vc_column][vc_separator color=&#8221;custom&#8221; border_width=&#8221;2&#8243; accent_color=&#8221;#ee3383&#8243;][\/vc_column][\/vc_row][vc_row][vc_column width=&#8221;1\/2&#8243;][vc_column_text] Prel\u00e0 oder Molini di Prel\u00e0 ist die Hauptort des Prinotals und der Sitz der Gemeinde. Das Dorf liegt im Talboden entlang des Prino-Baches, ideal f\u00fcr den Bau der ber\u00fchmten \u00d6lm\u00fchlen zum Mahlen von Oliven. Der Olivenanbau (Taggiasca-Sorte) ist die wichtigste landwirtschaftliche Aktivit\u00e4t des &hellip; <\/p>\n<p class=\"link-more\"><a href=\"https:\/\/liguria-e-bike.com\/de\/molini-de-prela\/\" class=\"more-link\"><span class=\"screen-reader-text\">\u201eMOLINI DE PREL\u00c1\u201c<\/span> weiterlesen<\/a><\/p>\n","protected":false},"author":1,"featured_media":7395,"parent":0,"menu_order":0,"comment_status":"closed","ping_status":"closed","template":"","meta":{"footnotes":""},"class_list":["post-7374","page","type-page","status-publish","has-post-thumbnail","hentry"],"_links":{"self":[{"href":"https:\/\/liguria-e-bike.com\/de\/wp-json\/wp\/v2\/pages\/7374","targetHints":{"allow":["GET"]}}],"collection":[{"href":"https:\/\/liguria-e-bike.com\/de\/wp-json\/wp\/v2\/pages"}],"about":[{"href":"https:\/\/liguria-e-bike.com\/de\/wp-json\/wp\/v2\/types\/page"}],"author":[{"embeddable":true,"href":"https:\/\/liguria-e-bike.com\/de\/wp-json\/wp\/v2\/users\/1"}],"replies":[{"embeddable":true,"href":"https:\/\/liguria-e-bike.com\/de\/wp-json\/wp\/v2\/comments?post=7374"}],"version-history":[{"count":22,"href":"https:\/\/liguria-e-bike.com\/de\/wp-json\/wp\/v2\/pages\/7374\/revisions"}],"predecessor-version":[{"id":8756,"href":"https:\/\/liguria-e-bike.com\/de\/wp-json\/wp\/v2\/pages\/7374\/revisions\/8756"}],"wp:featuredmedia":[{"embeddable":true,"href":"https:\/\/liguria-e-bike.com\/de\/wp-json\/wp\/v2\/media\/7395"}],"wp:attachment":[{"href":"https:\/\/liguria-e-bike.com\/de\/wp-json\/wp\/v2\/media?parent=7374"}],"curies":[{"name":"wp","href":"https:\/\/api.w.org\/{rel}","templated":true}]}}