{"id":7912,"date":"2021-02-17T10:58:42","date_gmt":"2021-02-17T09:58:42","guid":{"rendered":"https:\/\/liguria-e-bike.com\/pantasina\/"},"modified":"2021-03-12T11:05:45","modified_gmt":"2021-03-12T10:05:45","slug":"pantasina","status":"publish","type":"page","link":"https:\/\/liguria-e-bike.com\/de\/pantasina\/","title":{"rendered":"PANTASINA"},"content":{"rendered":"<p>[vc_row][vc_column][vc_separator color=&#8221;custom&#8221; border_width=&#8221;2&#8243; accent_color=&#8221;#ee3383&#8243;][\/vc_column][\/vc_row][vc_row][vc_column][vc_column_text]<\/p>\n<h1>PANTASINA<\/h1>\n<p>[\/vc_column_text][\/vc_column][\/vc_row][vc_row][vc_column][vc_separator color=&#8221;custom&#8221; border_width=&#8221;2&#8243; accent_color=&#8221;#ee3383&#8243;][\/vc_column][\/vc_row][vc_row][vc_column width=&#8221;1\/2&#8243;][vc_column_text]<\/p>\n<p lang=\"de-DE\" style=\"text-align: justify;\"><span style=\"color: #202124; font-size: 12pt;\"><strong>Pantasina<\/strong> liegt im <strong>oberen Prino-Tal auf 430 m<\/strong> \u00fcber dem Meeresspiegel. Der Orf genie\u00dft eine <strong>wundersch\u00f6ne Lage<\/strong> mit <strong>herrlichem Blick \u00fcber das Tal<\/strong> bis zum <strong>Meer<\/strong>. Ein <strong>Panorama-Haltepunkt<\/strong>, den Sie nicht verpassen sollten, ist ein Stopp bei der <strong>Kapelle Madonna della Guardia<\/strong>, etwa 1 km au\u00dferhalb des Dorfes an der Provinzstra\u00dfe zum <strong>Colle d&#8217;Oggia.<\/strong><\/span><\/p>\n<p style=\"text-align: justify;\"><span style=\"font-size: 12pt;\"><span style=\"color: #202124;\"><span lang=\"de-DE\">F\u00fcr die <strong>erfahreneren Biker<\/strong>, die <strong>Freeride<\/strong> lieben, ist der alte <strong>Saumpfad<\/strong> (gekennzeichnet mit den <strong>\u201eTuttijurni\u201c<\/strong>-Schildern, in Dialekt, was auf deutsch soviel hei\u00df, wie <strong>\u201eder Trail, den man jeden Tag machen sollte\u201c <\/strong><\/span><\/span><span style=\"color: #202124;\"><span style=\"font-family: Wingdings;\"><span lang=\"de-DE\">J<\/span><\/span><\/span><span style=\"color: #202124;\"><span lang=\"de-DE\">), der <strong>Pantasina<\/strong> mit den D\u00f6rfern <strong>Canneto<\/strong> und <strong>Prel\u00e0<\/strong> verbindet, sehr sch\u00f6n.<\/span><\/span><\/span><\/p>\n<p>[\/vc_column_text][\/vc_column][vc_column width=&#8221;1\/2&#8243;][vc_single_image image=&#8221;7924&#8243; img_size=&#8221;full&#8221; alignment=&#8221;center&#8221; style=&#8221;vc_box_rounded&#8221; css_animation=&#8221;appear&#8221;][\/vc_column][\/vc_row][vc_row][vc_column width=&#8221;1\/2&#8243;][vc_column_text]<\/p>\n<p lang=\"de-DE\" style=\"text-align: justify;\"><span style=\"color: #202124;\"><span style=\"font-size: medium;\">Etwa <strong>2,5 km oberhalb<\/strong> von <strong>Pantasina<\/strong> gibt es eine unbefestigte Stra\u00dfe, die auch f\u00fcr <strong>Anf\u00e4nger<\/strong> und <strong>E-Bikes<\/strong> geeignet ist und mit der Sie <strong>Villatalla<\/strong> in etwa 20\/30 Minuten erreichen k\u00f6nnen. Haltepunkt an der <strong>Kapelle von San Bernardo<\/strong> mit dem gleichnamigen Brunnen, um sich mit <strong>frischem Quellwasser<\/strong> zu versorgen.<\/span><\/span><\/p>\n<p lang=\"de-DE\" style=\"text-align: justify;\"><span style=\"color: #202124;\"><span style=\"font-size: medium;\">Von <strong>Pantasina<\/strong> aus erreichen Sie vom <strong>Passo del Maro<\/strong> aus den Gipfel des <strong>Monte Acquarone<\/strong> und die Ort <strong>Lucinasco<\/strong> \u00fcber eine kleine Stra\u00dfe, die teilweise aus Beton und teilweise aus Asphalt besteht.<\/span><\/span><\/p>\n<p>[\/vc_column_text][\/vc_column][vc_column width=&#8221;1\/2&#8243;][vc_single_image image=&#8221;7926&#8243; img_size=&#8221;full&#8221; alignment=&#8221;center&#8221; style=&#8221;vc_box_rounded&#8221; css_animation=&#8221;appear&#8221;][\/vc_column][\/vc_row][vc_row][vc_column][vc_separator color=&#8221;custom&#8221; border_width=&#8221;2&#8243; accent_color=&#8221;#ee3383&#8243;][\/vc_column][\/vc_row][vc_row][vc_column][vc_column_text]<\/p>\n<h1>LEBENSMITTELGESCH\u00c4FT IN PANTASINA<\/h1>\n<p>[\/vc_column_text][\/vc_column][\/vc_row][vc_row][vc_column][vc_separator color=&#8221;custom&#8221; border_width=&#8221;2&#8243; accent_color=&#8221;#ee3383&#8243;][\/vc_column][\/vc_row][vc_row][vc_column width=&#8221;1\/3&#8243;][vc_single_image image=&#8221;7937&#8243; img_size=&#8221;full&#8221; alignment=&#8221;center&#8221; style=&#8221;vc_box_rounded&#8221; onclick=&#8221;custom_link&#8221; img_link_target=&#8221;_blank&#8221; css_animation=&#8221;appear&#8221; link=&#8221;https:\/\/www.facebook.com\/alimentari.pantasina\/&#8221;][vc_column_text]<\/p>\n<h2 style=\"text-align: center;\">A bitega du Paise<\/h2>\n<p style=\"text-align: center;\"><span style=\"font-size: 14pt;\">Piazza 11 Febbraio, Pantasina<\/span><\/p>\n<p style=\"text-align: center;\"><span style=\"font-size: 12pt;\">Ideale per un piccolo spuntino<\/span><br \/>\n<span style=\"font-size: 12pt;\">Negozio con pane fresco, formaggi e salumi locali, bibite, focaccia e Brioche, snacks<\/span><\/p>\n<p>[\/vc_column_text][\/vc_column][vc_column width=&#8221;1\/3&#8243;][\/vc_column][vc_column width=&#8221;1\/3&#8243;][\/vc_column][\/vc_row][vc_row][vc_column][vc_separator color=&#8221;custom&#8221; border_width=&#8221;2&#8243; accent_color=&#8221;#ee3383&#8243;][\/vc_column][\/vc_row][vc_row][\/vc_row]<\/p>\n","protected":false},"excerpt":{"rendered":"<p>[vc_row][vc_column][vc_separator color=&#8221;custom&#8221; border_width=&#8221;2&#8243; accent_color=&#8221;#ee3383&#8243;][\/vc_column][\/vc_row][vc_row][vc_column][vc_column_text] PANTASINA [\/vc_column_text][\/vc_column][\/vc_row][vc_row][vc_column][vc_separator color=&#8221;custom&#8221; border_width=&#8221;2&#8243; accent_color=&#8221;#ee3383&#8243;][\/vc_column][\/vc_row][vc_row][vc_column width=&#8221;1\/2&#8243;][vc_column_text] Pantasina liegt im oberen Prino-Tal auf 430 m \u00fcber dem Meeresspiegel. Der Orf genie\u00dft eine wundersch\u00f6ne Lage mit herrlichem Blick \u00fcber das Tal bis zum Meer. Ein Panorama-Haltepunkt, den Sie nicht verpassen sollten, ist ein Stopp bei der Kapelle Madonna della Guardia, etwa 1 km &hellip; <\/p>\n<p class=\"link-more\"><a href=\"https:\/\/liguria-e-bike.com\/de\/pantasina\/\" class=\"more-link\"><span class=\"screen-reader-text\">\u201ePANTASINA\u201c<\/span> weiterlesen<\/a><\/p>\n","protected":false},"author":1,"featured_media":7922,"parent":0,"menu_order":0,"comment_status":"closed","ping_status":"closed","template":"","meta":{"footnotes":""},"class_list":["post-7912","page","type-page","status-publish","has-post-thumbnail","hentry"],"_links":{"self":[{"href":"https:\/\/liguria-e-bike.com\/de\/wp-json\/wp\/v2\/pages\/7912","targetHints":{"allow":["GET"]}}],"collection":[{"href":"https:\/\/liguria-e-bike.com\/de\/wp-json\/wp\/v2\/pages"}],"about":[{"href":"https:\/\/liguria-e-bike.com\/de\/wp-json\/wp\/v2\/types\/page"}],"author":[{"embeddable":true,"href":"https:\/\/liguria-e-bike.com\/de\/wp-json\/wp\/v2\/users\/1"}],"replies":[{"embeddable":true,"href":"https:\/\/liguria-e-bike.com\/de\/wp-json\/wp\/v2\/comments?post=7912"}],"version-history":[{"count":18,"href":"https:\/\/liguria-e-bike.com\/de\/wp-json\/wp\/v2\/pages\/7912\/revisions"}],"predecessor-version":[{"id":8773,"href":"https:\/\/liguria-e-bike.com\/de\/wp-json\/wp\/v2\/pages\/7912\/revisions\/8773"}],"wp:featuredmedia":[{"embeddable":true,"href":"https:\/\/liguria-e-bike.com\/de\/wp-json\/wp\/v2\/media\/7922"}],"wp:attachment":[{"href":"https:\/\/liguria-e-bike.com\/de\/wp-json\/wp\/v2\/media?parent=7912"}],"curies":[{"name":"wp","href":"https:\/\/api.w.org\/{rel}","templated":true}]}}