{"id":7979,"date":"2021-02-23T09:25:11","date_gmt":"2021-02-23T08:25:11","guid":{"rendered":"https:\/\/liguria-e-bike.com\/vasia\/"},"modified":"2021-03-12T11:55:35","modified_gmt":"2021-03-12T10:55:35","slug":"vasia","status":"publish","type":"page","link":"https:\/\/liguria-e-bike.com\/de\/vasia\/","title":{"rendered":"VASIA"},"content":{"rendered":"<p>[vc_row][vc_column][vc_separator color=&#8221;custom&#8221; border_width=&#8221;2&#8243; accent_color=&#8221;#ee3383&#8243;][\/vc_column][\/vc_row][vc_row][vc_column][vc_column_text]<\/p>\n<h1>VASIA<\/h1>\n<p>[\/vc_column_text][\/vc_column][\/vc_row][vc_row][vc_column][vc_separator color=&#8221;custom&#8221; border_width=&#8221;2&#8243; accent_color=&#8221;#ee3383&#8243;][\/vc_column][\/vc_row][vc_row][vc_column width=&#8221;1\/2&#8243;][vc_column_text]<\/p>\n<p style=\"text-align: justify;\"><span style=\"color: #202124;\"><span style=\"font-size: medium;\"><span lang=\"de-DE\">Die Gemeinde <strong>Vasia<\/strong> mit den Ortsteilen \u00a0<strong>Prela Castello<\/strong><\/span><\/span><\/span><strong><span style=\"font-size: medium;\"><span lang=\"de-DE\">, <\/span><\/span><a href=\"https:\/\/de.wikipedia.org\/wiki\/Pantasina\" target=\"_blank\" rel=\"noopener\"><span style=\"font-size: medium;\"><span lang=\"de-DE\">Pantasina<\/span><\/span><\/a><span style=\"font-size: medium;\"><span lang=\"de-DE\">, Pianavia, Prel\u00e0 Castello und Torretta.<\/span><\/span><\/strong><\/p>\n<p lang=\"de-DE\" style=\"text-align: justify;\"><span style=\"color: #202124;\"><span style=\"font-size: medium;\"><strong>Vasia<\/strong> ist eine der Gemeinden in den H\u00fcgeln des <strong>Prino-Tals<\/strong> und liegt etwa <strong>330 m<\/strong> \u00fcber dem Meeresspiegel. Der kleine, nette Ort <strong>Vasia<\/strong> hat ein <strong>Lebensmittelgesch\u00e4ft<\/strong> und eine <strong>Trattoria<\/strong>, ideal f\u00fcr <strong>Biker<\/strong> zum <strong>Zwischenstopp<\/strong> f\u00fcr eine <strong>Bier<\/strong> und ein paar <strong>Snacks<\/strong>. Es gibt <strong>zahlreiche Wege<\/strong> und Schotterpisten, die durch die <strong>Olivenhaine<\/strong> und <strong>Eichenw\u00e4lder<\/strong> f\u00fchren, immer wieder mit <strong>gigantischen Blicken zur K\u00fcste<\/strong>.<\/span><\/span><\/p>\n<p>[\/vc_column_text][\/vc_column][vc_column width=&#8221;1\/2&#8243;][vc_single_image image=&#8221;8012&#8243; img_size=&#8221;full&#8221; alignment=&#8221;center&#8221; style=&#8221;vc_box_rounded&#8221; css_animation=&#8221;appear&#8221;][\/vc_column][\/vc_row][vc_row][vc_column width=&#8221;1\/2&#8243;][vc_column_text]<\/p>\n<p lang=\"de-DE\" style=\"text-align: justify;\"><span style=\"color: #202124;\"><span style=\"font-size: medium;\">Ein f\u00fcr <strong>alle Biker<\/strong> geeigneter <strong>Trail<\/strong> f\u00fchrt von <strong>Vasia nach Moltedo<\/strong>. Landeinw\u00e4rts Richtung <strong>Molini di Prel\u00e1<\/strong> lohnt sich eine Abstecher nach <strong>Prela Castellomit<\/strong> seiner sagenumwobenen, \u00a0<strong>alten Burgruine<\/strong>.<br \/>\nVon <strong>Vasia<\/strong> aus beginnt die Stra\u00dfe zum <strong>Monte Acquarone<\/strong>, einem <strong>wundersch\u00f6nen Panoramapunkt<\/strong> \u00fcber dem gesamten <strong>Prino Tal<\/strong>.<\/span><\/span><\/p>\n<p style=\"text-align: justify;\"><span lang=\"IT\">\u00a0<\/span><\/p>\n<p>[\/vc_column_text][\/vc_column][vc_column width=&#8221;1\/2&#8243;][vc_single_image image=&#8221;8014&#8243; img_size=&#8221;full&#8221; alignment=&#8221;center&#8221; style=&#8221;vc_box_rounded&#8221; css_animation=&#8221;appear&#8221;][\/vc_column][\/vc_row][vc_row][vc_column][vc_separator color=&#8221;custom&#8221; border_width=&#8221;2&#8243; accent_color=&#8221;#ee3383&#8243;][\/vc_column][\/vc_row][vc_row][vc_column][vc_column_text]<\/p>\n<h1>ESSEN IN VASIA<\/h1>\n<p>[\/vc_column_text][\/vc_column][\/vc_row][vc_row][vc_column][vc_separator color=&#8221;custom&#8221; border_width=&#8221;2&#8243; accent_color=&#8221;#ee3383&#8243;][\/vc_column][\/vc_row][vc_row][vc_column width=&#8221;1\/3&#8243;][vc_single_image image=&#8221;7999&#8243; img_size=&#8221;full&#8221; alignment=&#8221;center&#8221; style=&#8221;vc_box_rounded&#8221; css_animation=&#8221;appear&#8221;][vc_column_text]<\/p>\n<h2 style=\"text-align: center;\">Osteria Gir\u00f2<\/h2>\n<p style=\"text-align: center;\"><span style=\"font-size: 14pt;\">Via Imperia 2\/a, Vasia<\/span><\/p>\n<p style=\"text-align: center;\"><span style=\"font-size: 12pt;\"><span lang=\"IT\">Tel 0183 33185<\/span><\/span><\/p>\n<p>[\/vc_column_text][\/vc_column][vc_column width=&#8221;1\/3&#8243;][\/vc_column][vc_column width=&#8221;1\/3&#8243;][\/vc_column][\/vc_row][vc_row][vc_column][vc_separator color=&#8221;custom&#8221; border_width=&#8221;2&#8243; accent_color=&#8221;#ee3383&#8243;][\/vc_column][\/vc_row][vc_row][vc_column][vc_column_text]<\/p>\n<h1>LEBENSMITTEL-SHOP IN VASIA<\/h1>\n<p>[\/vc_column_text][\/vc_column][\/vc_row][vc_row][vc_column][vc_separator color=&#8221;custom&#8221; border_width=&#8221;2&#8243; accent_color=&#8221;#ee3383&#8243;][\/vc_column][\/vc_row][vc_row][vc_column width=&#8221;1\/3&#8243;][vc_single_image image=&#8221;8036&#8243; img_size=&#8221;full&#8221; alignment=&#8221;center&#8221; style=&#8221;vc_box_rounded&#8221; css_animation=&#8221;appear&#8221;][vc_column_text]<\/p>\n<h2 style=\"text-align: center;\"><span lang=\"IT\">Alimentari Guido<\/span><\/h2>\n<p style=\"text-align: center;\"><span style=\"font-size: 14pt;\"><span lang=\"IT\">Via Imperia 4<\/span>, Vasia<\/span><\/p>\n<p style=\"text-align: center;\"><span style=\"font-size: 12pt;\"><span lang=\"IT\">Pane fresco, salumi e formaggi, bibite<\/span><\/span><\/p>\n<p>[\/vc_column_text][\/vc_column][vc_column width=&#8221;1\/3&#8243;][\/vc_column][vc_column width=&#8221;1\/3&#8243;][\/vc_column][\/vc_row][vc_row][vc_column][vc_separator color=&#8221;custom&#8221; border_width=&#8221;2&#8243; accent_color=&#8221;#ee3383&#8243;][\/vc_column][\/vc_row][vc_row][\/vc_row]<\/p>\n","protected":false},"excerpt":{"rendered":"<p>[vc_row][vc_column][vc_separator color=&#8221;custom&#8221; border_width=&#8221;2&#8243; accent_color=&#8221;#ee3383&#8243;][\/vc_column][\/vc_row][vc_row][vc_column][vc_column_text] VASIA [\/vc_column_text][\/vc_column][\/vc_row][vc_row][vc_column][vc_separator color=&#8221;custom&#8221; border_width=&#8221;2&#8243; accent_color=&#8221;#ee3383&#8243;][\/vc_column][\/vc_row][vc_row][vc_column width=&#8221;1\/2&#8243;][vc_column_text] Die Gemeinde Vasia mit den Ortsteilen \u00a0Prela Castello, Pantasina, Pianavia, Prel\u00e0 Castello und Torretta. Vasia ist eine der Gemeinden in den H\u00fcgeln des Prino-Tals und liegt etwa 330 m \u00fcber dem Meeresspiegel. Der kleine, nette Ort Vasia hat ein Lebensmittelgesch\u00e4ft und eine Trattoria, ideal f\u00fcr &hellip; <\/p>\n<p class=\"link-more\"><a href=\"https:\/\/liguria-e-bike.com\/de\/vasia\/\" class=\"more-link\"><span class=\"screen-reader-text\">\u201eVASIA\u201c<\/span> weiterlesen<\/a><\/p>\n","protected":false},"author":1,"featured_media":7995,"parent":0,"menu_order":0,"comment_status":"closed","ping_status":"closed","template":"","meta":{"footnotes":""},"class_list":["post-7979","page","type-page","status-publish","has-post-thumbnail","hentry"],"_links":{"self":[{"href":"https:\/\/liguria-e-bike.com\/de\/wp-json\/wp\/v2\/pages\/7979","targetHints":{"allow":["GET"]}}],"collection":[{"href":"https:\/\/liguria-e-bike.com\/de\/wp-json\/wp\/v2\/pages"}],"about":[{"href":"https:\/\/liguria-e-bike.com\/de\/wp-json\/wp\/v2\/types\/page"}],"author":[{"embeddable":true,"href":"https:\/\/liguria-e-bike.com\/de\/wp-json\/wp\/v2\/users\/1"}],"replies":[{"embeddable":true,"href":"https:\/\/liguria-e-bike.com\/de\/wp-json\/wp\/v2\/comments?post=7979"}],"version-history":[{"count":27,"href":"https:\/\/liguria-e-bike.com\/de\/wp-json\/wp\/v2\/pages\/7979\/revisions"}],"predecessor-version":[{"id":8788,"href":"https:\/\/liguria-e-bike.com\/de\/wp-json\/wp\/v2\/pages\/7979\/revisions\/8788"}],"wp:featuredmedia":[{"embeddable":true,"href":"https:\/\/liguria-e-bike.com\/de\/wp-json\/wp\/v2\/media\/7995"}],"wp:attachment":[{"href":"https:\/\/liguria-e-bike.com\/de\/wp-json\/wp\/v2\/media?parent=7979"}],"curies":[{"name":"wp","href":"https:\/\/api.w.org\/{rel}","templated":true}]}}