{"id":8892,"date":"2021-03-20T08:51:44","date_gmt":"2021-03-20T07:51:44","guid":{"rendered":"https:\/\/liguria-e-bike.com\/altre-attivita\/"},"modified":"2021-07-19T11:44:29","modified_gmt":"2021-07-19T09:44:29","slug":"altre-attivita","status":"publish","type":"page","link":"https:\/\/liguria-e-bike.com\/de\/altre-attivita\/","title":{"rendered":"AUSFL\u00dcGE UND UNTERNEHMUNGEN"},"content":{"rendered":"<p>[vc_row][vc_column][vc_separator color=&#8221;custom&#8221; border_width=&#8221;2&#8243; accent_color=&#8221;#ee3383&#8243;][\/vc_column][\/vc_row][vc_row][vc_column][vc_column_text]<\/p>\n<h1>AUSFL\u00dcGE UND UNTERNEHMUNGEN<\/h1>\n<p>[\/vc_column_text][\/vc_column][\/vc_row][vc_row][vc_column][vc_separator color=&#8221;custom&#8221; border_width=&#8221;2&#8243; accent_color=&#8221;#ee3383&#8243;][\/vc_column][\/vc_row][vc_row][vc_column width=&#8221;1\/2&#8243;][vc_column_text]<\/p>\n<p style=\"text-align: justify;\"><span lang=\"DE\">Au\u00dferdem bieten wir andere sportliche und kulturelle Aktivit\u00e4ten an wie <strong>Olivenernte<\/strong>, <strong>gef\u00fchrte Wanderungen<\/strong> in den Ausl\u00e4ufern der <strong>Seealpen<\/strong>, <strong>Reiten<\/strong> und <strong>Pferdetrekking<\/strong> und <strong>Bootsfahrten<\/strong> zum Beobachten von <strong>Walen und Delfinen<\/strong>.<\/span><\/p>\n<p>[\/vc_column_text][\/vc_column][vc_column width=&#8221;1\/2&#8243;][vc_single_image image=&#8221;9434&#8243; img_size=&#8221;full&#8221; alignment=&#8221;center&#8221; css_animation=&#8221;appear&#8221;][\/vc_column][\/vc_row][vc_row][vc_column][vc_separator color=&#8221;custom&#8221; border_width=&#8221;2&#8243; accent_color=&#8221;#ee3383&#8243;][\/vc_column][\/vc_row][vc_row][vc_column][vc_single_image image=&#8221;9529&#8243; img_size=&#8221;full&#8221; alignment=&#8221;center&#8221; style=&#8221;vc_box_rounded&#8221; onclick=&#8221;custom_link&#8221; img_link_target=&#8221;_blank&#8221; css_animation=&#8221;appear&#8221; link=&#8221;https:\/\/www.sangiuseppeagriturismo.com\/de\/olivenernte\/&#8221;][\/vc_column][\/vc_row][vc_row][vc_column][vc_separator color=&#8221;custom&#8221; border_width=&#8221;2&#8243; accent_color=&#8221;#ee3383&#8243;][\/vc_column][\/vc_row][vc_row][vc_column width=&#8221;1\/3&#8243;][vc_single_image image=&#8221;8058&#8243; img_size=&#8221;full&#8221; alignment=&#8221;center&#8221; style=&#8221;vc_box_rounded&#8221; onclick=&#8221;custom_link&#8221; img_link_target=&#8221;_blank&#8221; css_animation=&#8221;appear&#8221; link=&#8221;https:\/\/www.facebook.com\/ASD-Horse-Mill-320231658790467\/&#8221;][\/vc_column][vc_column width=&#8221;1\/3&#8243;][vc_column_text]Das Pferdesportzentrum ASD Horse Mill befindet sich in der N\u00e4he von Dolcedo und bietet Kurse f\u00fcr Erwachsene und Kinder f\u00fcr Westernreiten sowie Unterrichtspakete f\u00fcr Touristen an.<\/p>\n<p>In den Sommermonaten organisieren wir:<\/p>\n<p>&#8220;Gr\u00fcne Wochen in der Reitschule f\u00fcr Kinder von 4 bis 14 Jahren&#8221;<\/p>\n<p>und f\u00fcr die Kleinen:<\/p>\n<p>&#8220;Kurse zur Ann\u00e4herung an die Welt der Pferde&#8221;.<\/p>\n<p>Das Zentrum nimmt an den &#8220;Pony Games&#8221; -Meisterschaften in Ligurien und Piemont teil.[\/vc_column_text][\/vc_column][vc_column width=&#8221;1\/3&#8243;][vc_single_image image=&#8221;8951&#8243; img_size=&#8221;full&#8221; alignment=&#8221;center&#8221; style=&#8221;vc_box_rounded&#8221; onclick=&#8221;custom_link&#8221; img_link_target=&#8221;_blank&#8221; css_animation=&#8221;appear&#8221; link=&#8221;https:\/\/www.facebook.com\/ASD-Horse-Mill-320231658790467\/&#8221;][\/vc_column][\/vc_row][vc_row][vc_column width=&#8221;1\/3&#8243;][vc_single_image image=&#8221;8097&#8243; img_size=&#8221;full&#8221; alignment=&#8221;center&#8221; style=&#8221;vc_box_rounded&#8221; onclick=&#8221;custom_link&#8221; img_link_target=&#8221;_blank&#8221; css_animation=&#8221;appear&#8221; link=&#8221;https:\/\/www.facebook.com\/ASD-Horse-Mill-320231658790467\/&#8221;][\/vc_column][vc_column width=&#8221;1\/3&#8243;][vc_single_image image=&#8221;8101&#8243; img_size=&#8221;full&#8221; alignment=&#8221;center&#8221; style=&#8221;vc_box_rounded&#8221; onclick=&#8221;custom_link&#8221; img_link_target=&#8221;_blank&#8221; css_animation=&#8221;appear&#8221; link=&#8221;https:\/\/www.facebook.com\/ASD-Horse-Mill-320231658790467\/&#8221;][\/vc_column][vc_column width=&#8221;1\/3&#8243;][vc_single_image image=&#8221;8103&#8243; img_size=&#8221;full&#8221; alignment=&#8221;center&#8221; style=&#8221;vc_box_rounded&#8221; onclick=&#8221;custom_link&#8221; img_link_target=&#8221;_blank&#8221; css_animation=&#8221;appear&#8221; link=&#8221;https:\/\/www.facebook.com\/ASD-Horse-Mill-320231658790467\/&#8221;][\/vc_column][\/vc_row][vc_row][vc_column][vc_separator color=&#8221;custom&#8221; border_width=&#8221;2&#8243; accent_color=&#8221;#ee3383&#8243;][\/vc_column][\/vc_row]<\/p>\n","protected":false},"excerpt":{"rendered":"<p>[vc_row][vc_column][vc_separator color=&#8221;custom&#8221; border_width=&#8221;2&#8243; accent_color=&#8221;#ee3383&#8243;][\/vc_column][\/vc_row][vc_row][vc_column][vc_column_text] AUSFL\u00dcGE UND UNTERNEHMUNGEN [\/vc_column_text][\/vc_column][\/vc_row][vc_row][vc_column][vc_separator color=&#8221;custom&#8221; border_width=&#8221;2&#8243; accent_color=&#8221;#ee3383&#8243;][\/vc_column][\/vc_row][vc_row][vc_column width=&#8221;1\/2&#8243;][vc_column_text] Au\u00dferdem bieten wir andere sportliche und kulturelle Aktivit\u00e4ten an wie Olivenernte, gef\u00fchrte Wanderungen in den Ausl\u00e4ufern der Seealpen, Reiten und Pferdetrekking und Bootsfahrten zum Beobachten von Walen und Delfinen. [\/vc_column_text][\/vc_column][vc_column width=&#8221;1\/2&#8243;][vc_single_image image=&#8221;9434&#8243; img_size=&#8221;full&#8221; alignment=&#8221;center&#8221; css_animation=&#8221;appear&#8221;][\/vc_column][\/vc_row][vc_row][vc_column][vc_separator color=&#8221;custom&#8221; border_width=&#8221;2&#8243; accent_color=&#8221;#ee3383&#8243;][\/vc_column][\/vc_row][vc_row][vc_column][vc_single_image image=&#8221;9529&#8243; img_size=&#8221;full&#8221; alignment=&#8221;center&#8221; style=&#8221;vc_box_rounded&#8221; onclick=&#8221;custom_link&#8221; &hellip; <\/p>\n<p class=\"link-more\"><a href=\"https:\/\/liguria-e-bike.com\/de\/altre-attivita\/\" class=\"more-link\"><span class=\"screen-reader-text\">\u201eAUSFL\u00dcGE UND UNTERNEHMUNGEN\u201c<\/span> weiterlesen<\/a><\/p>\n","protected":false},"author":1,"featured_media":0,"parent":0,"menu_order":0,"comment_status":"closed","ping_status":"closed","template":"","meta":{"footnotes":""},"class_list":["post-8892","page","type-page","status-publish","hentry"],"_links":{"self":[{"href":"https:\/\/liguria-e-bike.com\/de\/wp-json\/wp\/v2\/pages\/8892","targetHints":{"allow":["GET"]}}],"collection":[{"href":"https:\/\/liguria-e-bike.com\/de\/wp-json\/wp\/v2\/pages"}],"about":[{"href":"https:\/\/liguria-e-bike.com\/de\/wp-json\/wp\/v2\/types\/page"}],"author":[{"embeddable":true,"href":"https:\/\/liguria-e-bike.com\/de\/wp-json\/wp\/v2\/users\/1"}],"replies":[{"embeddable":true,"href":"https:\/\/liguria-e-bike.com\/de\/wp-json\/wp\/v2\/comments?post=8892"}],"version-history":[{"count":20,"href":"https:\/\/liguria-e-bike.com\/de\/wp-json\/wp\/v2\/pages\/8892\/revisions"}],"predecessor-version":[{"id":9531,"href":"https:\/\/liguria-e-bike.com\/de\/wp-json\/wp\/v2\/pages\/8892\/revisions\/9531"}],"wp:attachment":[{"href":"https:\/\/liguria-e-bike.com\/de\/wp-json\/wp\/v2\/media?parent=8892"}],"curies":[{"name":"wp","href":"https:\/\/api.w.org\/{rel}","templated":true}]}}