{"id":9102,"date":"2021-04-06T10:06:45","date_gmt":"2021-04-06T08:06:45","guid":{"rendered":"https:\/\/liguria-e-bike.com\/cookie-policy\/"},"modified":"2021-04-06T10:25:30","modified_gmt":"2021-04-06T08:25:30","slug":"cookie-policy","status":"publish","type":"page","link":"https:\/\/liguria-e-bike.com\/de\/cookie-policy\/","title":{"rendered":"Datenschutz"},"content":{"rendered":"<div class=\"l-main\">\n<div class=\"l-main-h i-cf\">\n<section class=\"l-section\">\n<div class=\"l-section-h i-cf\">\n<h2 data-lineheight=\"40\" data-fontsize=\"32\">Geltungsbereich<\/h2>\n<p>Diese Datenschutzerkl\u00e4rung soll die Nutzer dieser Website gem\u00e4\u00df Bundesdatenschutzgesetz und Telemediengesetz \u00fcber die Art, den Umfang und den Zweck der Erhebung und Verwendung personenbezogener Daten durch den Websitebetreiber A.S.D. Val Prino Bike<br \/>\nPiazza Vittorio Emanuele 1<br \/>\n18020 Prel\u00e0<\/p>\n<p>Der Websitebetreiber nimmt Ihren Datenschutz sehr ernst und behandelt Ihre personenbezogenen Daten vertraulich und entsprechend der gesetzlichen Vorschriften.<\/p>\n<p>Bedenken Sie, dass die Daten\u00fcbertragung im Internet grunds\u00e4tzlich mit Sicherheitsl\u00fccken bedacht sein kann. Ein vollumf\u00e4nglicher Schutz vor dem Zugriff durch Fremde ist nicht realisierbar.<\/p>\n<h2 data-lineheight=\"40\" data-fontsize=\"32\">Umgang mit personenbezogenen Daten<\/h2>\n<p>Personenbezogene Daten sind Informationen, mit deren Hilfe eine Person bestimmbar ist, also Angaben, die zur\u00fcck zu einer Person verfolgt werden k\u00f6nnen. Dazu geh\u00f6ren der Name, die Emailadresse oder die Telefonnummer.<\/p>\n<p>Personenbezogene Daten werden vom Websitebetreiber nur dann erhoben, genutzt und weiter gegeben, wenn dies gesetzlich erlaubt ist oder die Nutzer in die Datenerhebung einwilligen.<\/p>\n<h2 data-lineheight=\"40\" data-fontsize=\"32\">Kontaktaufnahme<\/h2>\n<p>Bei der Kontaktaufnahme mit dem Websitebetreiber (zum Beispiel per Kontaktformular oder E-Mail) werden die Angaben des Nutzers zwecks Bearbeitung der Anfrage sowie f\u00fcr den Fall, dass Anschlussfragen entstehen, gespeichert.<\/p>\n<h2 data-lineheight=\"40\" data-fontsize=\"32\">Einbindung von Diensten und Inhalten Dritter<\/h2>\n<p>Es kann vorkommen, dass innerhalb dieses Onlineangebotes Inhalte Dritter, wie zum Beispiel Videos von YouTube, Kartenmaterial von Google-Maps, RSS-Feeds oder Grafiken von anderen Webseiten eingebunden werden. Dies setzt immer voraus, dass die Anbieter dieser Inhalte (nachfolgend bezeichnet als \u201eDritt-Anbieter\u201c) die IP-Adresse der Nutzer wahr nehmen. Denn ohne die IP-Adresse, k\u00f6nnten sie die Inhalte nicht an den Browser des jeweiligen Nutzers senden. Die IP-Adresse ist damit f\u00fcr die Darstellung dieser Inhalte erforderlich. Wir bem\u00fchen uns nur solche Inhalte zu verwenden, deren jeweilige Anbieter die IP-Adresse lediglich zur Auslieferung der Inhalte verwenden. Jedoch haben wir keinen Einfluss darauf, falls die Dritt-Anbieter die IP-Adresse z.B. f\u00fcr statistische Zwecke speichern. Soweit dies uns bekannt ist, kl\u00e4ren wir die Nutzer dar\u00fcber auf.<\/p>\n<h2 data-lineheight=\"40\" data-fontsize=\"32\">Google Analytics<\/h2>\n<p>Diese Website nutzt den Dienst \u201eGoogle Analytics\u201c, welcher von der Google Inc. (1600 Amphitheatre Parkway Mountain View, CA 94043, USA) angeboten wird, zur Analyse der Websitebenutzung durch Nutzer. Der Dienst verwendet \u201eCookies\u201c \u2013 Textdateien, welche auf Ihrem Endger\u00e4t gespeichert werden. Die durch die Cookies gesammelten Informationen werden im Regelfall an einen Google-Server in den USA gesandt und dort gespeichert.<\/p>\n<p>Auf dieser Website greift die IP-Anonymisierung. Die IP-Adresse der Nutzer wird innerhalb der Mitgliedsstaaten der EU und des Europ\u00e4ischen Wirtschaftsraum gek\u00fcrzt. Durch diese K\u00fcrzung entf\u00e4llt der Personenbezug Ihrer IP-Adresse. Im Rahmen der Vereinbarung zur Auftragsdatenvereinbarung, welche die Websitebetreiber mit der Google Inc. geschlossen haben, erstellt diese mithilfe der gesammelten Informationen eine Auswertung der Websitenutzung und der Websiteaktivit\u00e4t und erbringt mit der Internetnutzung verbundene Dienstleistungen.<\/p>\n<p>Sie haben die M\u00f6glichkeit, die Speicherung des Cookies auf Ihrem Ger\u00e4t zu verhindern, indem Sie in Ihrem Browser entsprechende Einstellungen vornehmen. Es ist nicht gew\u00e4hrleistet, dass Sie auf alle Funktionen dieser Website ohne Einschr\u00e4nkungen zugreifen k\u00f6nnen, wenn Ihr Browser keine Cookies zul\u00e4sst.<\/p>\n<p>Weiterhin k\u00f6nnen Sie durch ein Browser-Plugin verhindern, dass die durch Cookies gesammelten Informationen (inklusive Ihrer IP-Adresse) an die Google Inc. gesendet und von der Google Inc. genutzt werden. Folgender Link f\u00fchrt Sie zu dem entsprechenden Plugin:<br \/>\n<a href=\"https:\/\/tools.google.com\/dlpage\/gaoptout?hl=de\"> https:\/\/tools.google.com\/dlpage\/gaoptout?hl=de<\/a><\/p>\n<p>Hier finden Sie weitere Informationen zur Datennutzung durch die Google Inc.:<br \/>\n<a href=\"https:\/\/support.google.com\/analytics\/answer\/6004245?hl=de\"> https:\/\/support.google.com\/analytics\/answer\/6004245?hl=de<\/a><\/p>\n<h2>YouTube<\/h2>\n<p>Unsere Website nutzt Plugins der von Google betriebenen Seite YouTube. Betreiber der Seiten ist die YouTube, LLC, 901 Cherry Ave., San Bruno, CA 94066, USA.<\/p>\n<p>Wenn Sie eine unserer mit einem YouTube-Plugin ausgestatteten Seiten besuchen, wird eine Verbindung zu den Servern von YouTube hergestellt. Dabei wird dem YouTube-Server mitgeteilt, welche unserer Seiten Sie besucht haben.<\/p>\n<p>Wenn Sie in Ihrem YouTube-Account eingeloggt sind, erm\u00f6glichen Sie YouTube, Ihr Surfverhalten direkt Ihrem pers\u00f6nlichen Profil zuzuordnen. Dies k\u00f6nnen Sie verhindern, indem Sie sich aus Ihrem YouTube-Account ausloggen.<\/p>\n<p>Die Nutzung von YouTube erfolgt im Interesse einer ansprechenden Darstellung unserer Online-Angebote. Dies stellt ein berechtigtes Interesse im Sinne von Art. 6 Abs. 1 lit. f DSGVO dar.<\/p>\n<p>Weitere Informationen zum Umgang mit Nutzerdaten finden Sie in der Datenschutzerkl\u00e4rung von YouTube unter: <a href=\"https:\/\/www.google.de\/intl\/de\/policies\/privacy\">https:\/\/www.google.de\/intl\/de\/policies\/privacy<\/a>.<\/p>\n<h2>Google Web Fonts<\/h2>\n<p>Diese Seite nutzt zur einheitlichen Darstellung von Schriftarten so genannte Web Fonts, die von Google bereitgestellt werden. Beim Aufruf einer Seite l\u00e4dt Ihr Browser die ben\u00f6tigten Web Fonts in ihren Browsercache, um Texte und Schriftarten korrekt anzuzeigen.<\/p>\n<p>Zu diesem Zweck muss der von Ihnen verwendete Browser Verbindung zu den Servern von Google aufnehmen. Hierdurch erlangt Google Kenntnis dar\u00fcber, dass \u00fcber Ihre IP-Adresse unsere Website aufgerufen wurde. Die Nutzung von Google Web Fonts erfolgt im Interesse einer einheitlichen und ansprechenden Darstellung unserer Online-Angebote. Dies stellt ein berechtigtes Interesse im Sinne von Art. 6 Abs. 1 lit. f DSGVO dar.<\/p>\n<p>Wenn Ihr Browser Web Fonts nicht unterst\u00fctzt, wird eine Standardschrift von Ihrem Computer genutzt.<\/p>\n<p>Weitere Informationen zu Google Web Fonts finden Sie unter <a href=\"https:\/\/developers.google.com\/fonts\/faq\">https:\/\/developers.google.com\/fonts\/faq<\/a> und in der Datenschutzerkl\u00e4rung von Google: <a href=\"https:\/\/www.google.com\/policies\/privacy\/\">https:\/\/www.google.com\/policies\/privacy\/<\/a>.<\/p>\n<h2>Google Maps<\/h2>\n<p>Diese Seite nutzt \u00fcber eine API den Kartendienst Google Maps. Anbieter ist die Google Inc., 1600 Amphitheatre Parkway, Mountain View, CA 94043, USA.<\/p>\n<p>Zur Nutzung der Funktionen von Google Maps ist es notwendig, Ihre IP Adresse zu speichern. Diese Informationen werden in der Regel an einen Server von Google in den USA \u00fcbertragen und dort gespeichert. Der Anbieter dieser Seite hat keinen Einfluss auf diese Daten\u00fcbertragung.<\/p>\n<p>Die Nutzung von Google Maps erfolgt im Interesse einer ansprechenden Darstellung unserer Online-Angebote und an einer leichten Auffindbarkeit der von uns auf der Website angegebenen Orte. Dies stellt ein berechtigtes Interesse im Sinne von Art. 6 Abs. 1 lit. f DSGVO dar.<\/p>\n<p>Mehr Informationen zum Umgang mit Nutzerdaten finden Sie in der Datenschutzerkl\u00e4rung von Google: <a href=\"https:\/\/www.google.de\/intl\/de\/policies\/privacy\/\">https:\/\/www.google.de\/intl\/de\/policies\/privacy\/<\/a>.<\/p>\n<h2>Socialmedia Plugins<\/h2>\n<p>Auf unserer Homepage werden sogenannte Social Plugins (\u201ePlugins\u201c) des sozialen Netzwerks Facebook verwendet. Diese Dienste werden von dem Unternehmen Facebook Inc. angeboten. Facebook wird betrieben von der Facebook Inc., 1601 S. California Ave, Palo Alto, CA 94304, USA (\u201cFacebook\u201d).<\/p>\n<p>Wenn Sie eine Seite unseres Internet-Auftritts aufrufen, die ein solches Plugin enth\u00e4lt, und Sie dieses Plugin durch einen Klick aktivieren, baut Ihr Browser eine direkte Verbindung zu den Servern von Facebook auf. Der Inhalt des Plugins wird dann von Facebook direkt an Ihren Browser \u00fcbermittelt und in die Seite eingebunden. Durch die Einbindung der Plugins erh\u00e4lt Facebook im Falle Ihrer Aktivierung \u00fcber den Switch-Button die Information, dass Ihr Browser die entsprechende Seite unseres Webauftritts aufgerufen hat, auch wenn Sie kein Profil bei dem entsprechenden sozialen Netzwerk besitzen oder gerade nicht eingeloggt sind. Diese Information (einschlie\u00dflich Ihrer IP-Adresse) wird von Ihrem Browser direkt an einen Server von Facebook in die USA \u00fcbermittelt und dort gespeichert.<\/p>\n<p>Sind Sie bei Facebook eingeloggt und haben das Plugin auf unserer Homepage durch einen Klick auf den Switch-Button aktiviert, kann Facebook den Besuch unserer Website Ihrem Profil auf Facebook unmittelbar zuordnen. Wenn Sie mit den aktivierten Plugins interagieren, zum Beispiel den \u201eGef\u00e4llt mir\u201c- Button bet\u00e4tigen, wird die entsprechende Information ebenfalls direkt an einen Server von Facebook \u00fcbermittelt und dort gespeichert. Die Informationen werden au\u00dferdem in dem sozialen Netzwerk ver\u00f6ffentlicht und dort Ihren Kontakten angezeigt.<\/p>\n<p>Zweck und Umfang der Datenerhebung und die weitere Verarbeitung und Nutzung der Daten durch Facebook sowie Ihre diesbez\u00fcglichen Rechte und Einstellungsm\u00f6glichkeiten zum Schutz Ihrer Privatsph\u00e4re entnehmen Sie bitte den Datenschutzhinweisen von Facebook.<\/p>\n<p>Datenschutzhinweise von Facebook: http:\/\/www.facebook.com\/policy.php<\/p>\n<h2>Social-Media-Kan\u00e4le<\/h2>\n<p>Au\u00dferdem gibt es Verlinkung zu den sozialen Netzwerken Facebook, Xing, LinkedIn, Google+ sowie dem Kurznachrichtendienste Twitter. Die Verlinkungen erkennen Sie am Logo von Facebook, Xing, LinkedIn, Twitter und Google+ auf der jeweiligen Seite.<\/p>\n<p>Durch Anklicken der Links werden die entsprechenden Social-Media-Seiten ge\u00f6ffnet, auf denen unsere Datenschutzbestimmungen nicht mehr gelten. Einzelheiten zu den dort geltenden Bestimmungen entnehmen Sie bitte den entsprechenden Datenschutzerkl\u00e4rungen der einzelnen Diensteanbieter. Sie finden diese unter:<\/p>\n<p>http:\/\/www.facebook.com\/policy.php<br \/>\nhttps:\/\/www.google.com\/intl\/de\/policies\/<br \/>\nhttp:\/\/twitter.com\/privacy<\/p>\n<h2>\u00c4nderungen dieser Datenschutzerkl\u00e4rung<\/h2>\n<p>Wir behalten uns das Recht vor, diese Datenschutzerkl\u00e4rung jederzeit mit Wirkung f\u00fcr die Zukunft zu \u00e4ndern. Eine jeweils aktuelle Version ist direkt \u00fcber das Online-Angebot abrufbar. Bitte suchen Sie das Online-Angebot regelm\u00e4\u00dfig auf und informieren Sie sich \u00fcber die geltende Datenschutzerkl\u00e4rung.<\/p>\n<h2>SSL- bzw. TLS-Verschl\u00fcsselung<\/h2>\n<p>Diese Seite nutzt aus Sicherheitsgr\u00fcnden und zum Schutz der \u00dcbertragung vertraulicher Inhalte, wie zum Beispiel Anfragen, die Sie an uns als Seitenbetreiber senden, eine SSL-bzw. TLS-Verschl\u00fcsselung. Eine verschl\u00fcsselte Verbindung erkennen Sie daran, dass die Adresszeile des Browsers von \u201chttp:\/\/\u201d auf \u201chttps:\/\/\u201d wechselt und an dem Schloss-Symbol in Ihrer Browserzeile.<\/p>\n<p>Wenn die SSL- bzw. TLS-Verschl\u00fcsselung aktiviert ist, k\u00f6nnen die Daten, die Sie an uns \u00fcbermitteln, nicht von Dritten mitgelesen werden.<\/p>\n<h2 data-lineheight=\"40\" data-fontsize=\"32\">Widerruf, \u00c4nderungen, Berichtigungen und Aktualisierungen<\/h2>\n<p>Der Nutzer hat das Recht, auf Antrag unentgeltlich Auskunft zu erhalten \u00fcber die personenbezogenen Daten, die \u00fcber ihn gespeichert wurden. Zus\u00e4tzlich hat der Nutzer das Recht auf Berichtigung unrichtiger Daten, Sperrung und L\u00f6schung seiner personenbezogenen Daten, soweit dem keine gesetzliche Aufbewahrungspflicht entgegensteht.<\/p>\n<h2>Newsletter<\/h2>\n<p>Mit dem Newsletter informieren wir Sie \u00fcber uns und unsere Angebote.<\/p>\n<p><strong>Hinweise zum Newsletter und Einwilligungen<\/strong><\/p>\n<p>Mit den nachfolgenden Hinweisen kl\u00e4ren wir Sie \u00fcber die Inhalte unseres Newsletters sowie das Anmelde-, Versand- und das statistische Auswertungsverfahren sowie Ihre Widerspruchsrechte auf. Indem Sie unseren Newsletter abonnieren, erkl\u00e4ren Sie sich mit dem Empfang und den beschriebenen Verfahren einverstanden.<\/p>\n<p><strong>Inhalt des Newsletters<\/strong><\/p>\n<p>Wir versenden Newsletter, E-Mails und weitere elektronische Benachrichtigungen mit werblichen Informationen (nachfolgend \u201eNewsletter\u201c) nur mit der Einwilligung der Empf\u00e4nger oder einer gesetzlichen Erlaubnis. Sofern im Rahmen einer Anmeldung zum Newsletter dessen Inhalte konkret umschrieben werden, sind sie f\u00fcr die Einwilligung der Nutzer ma\u00dfgeblich. Im \u00dcbrigen enthalten unsere Newsletter Informationen aus der Softwareentwicklungsbranche sowie Hinweise auf Blogbeitr\u00e4ge, Vortr\u00e4ge oder Workshops, unsere Leistungen oder Onlineauftritte.<\/p>\n<p><strong>Double-Opt-In und Protokollierung<\/strong><\/p>\n<p>Die Anmeldung zu unserem Newsletter erfolgt in einem sog. Double-Opt-In-Verfahren. D.h. Sie erhalten nach der Anmeldung eine E-Mail, in der Sie um die Best\u00e4tigung Ihrer Anmeldung gebeten werden. Diese Best\u00e4tigung ist notwendig, damit sich niemand mit fremden E-Mailadressen anmelden kann.<\/p>\n<p>Die Anmeldungen zum Newsletter werden protokolliert, um den Anmeldeprozess entsprechend den rechtlichen Anforderungen nachweisen zu k\u00f6nnen. Hierzu geh\u00f6rt die Speicherung des Anmelde- und des Best\u00e4tigungszeitpunkts, als auch der IP-Adresse. Ebenso werden die \u00c4nderungen Ihrer bei MailChimp gespeicherten Daten protokolliert.<\/p>\n<p><strong>Einsatz des Versanddienstleisters \u201eMailChimp\u201c<\/strong><\/p>\n<p>Der Versand der Newsletter erfolgt mittels \u201eMailChimp\u201c, einer Newsletterversandplattform des US-Anbieters Rocket Science Group, LLC, 675 Ponce De Leon Ave NE #5000, Atlanta, GA 30308, USA.<\/p>\n<p>Die E-Mail-Adressen unserer Newsletterempf\u00e4nger, als auch deren weitere, im Rahmen dieser Hinweise beschriebenen Daten, werden auf den Servern von MailChimp in den USA gespeichert. MailChimp verwendet diese Informationen zum Versand und zur Auswertung der Newsletter in unserem Auftrag. Des Weiteren kann MailChimp nach eigenen Informationen diese Daten zur Optimierung oder Verbesserung der eigenen Services nutzen, z.B. zur technischen Optimierung des Versandes und der Darstellung der Newsletter oder f\u00fcr wirtschaftliche Zwecke, um zu bestimmen aus welchen L\u00e4ndern die Empf\u00e4nger kommen. MailChimp nutzt die Daten unserer Newsletterempf\u00e4nger jedoch nicht, um diese selbst anzuschreiben oder an Dritte weiterzugeben.<\/p>\n<p>Wir vertrauen auf die Zuverl\u00e4ssigkeit und die IT- sowie Datensicherheit von MailChimp. MailChimp ist unter dem US-EU-Datenschutzabkommen \u201ePrivacy Shield\u201c zertifiziert und verpflichtet sich damit die EU-Datenschutzvorgaben einzuhalten. Des Weiteren haben wir mit MailChimp ein \u201eData-Processing-Agreement\u201c abgeschlossen. Dabei handelt es sich um einen Vertrag, in dem sich MailChimp dazu verpflichtet, die Daten unserer Nutzer zu sch\u00fctzen, entsprechend dessen Datenschutzbestimmungen in unserem Auftrag zu verarbeiten und insbesondere nicht an Dritte weiterzugeben. Die Datenschutzbestimmungen von MailChimp k\u00f6nnen Sie hier einsehen.<\/p>\n<p><strong>Anmeldedaten<\/strong><\/p>\n<p>Um sich f\u00fcr den Newsletter anzumelden, reicht es aus, wenn Sie Ihre E-Mailadresse angeben.<\/p>\n<p><strong>Statistische Erhebung und Analysen<\/strong><\/p>\n<p>Die Newsletter enthalten einen sog. \u201eweb-beacon\u201c, d.h. eine pixelgro\u00dfe Datei, die beim \u00d6ffnen des Newsletters von dem Server von MailChimp abgerufen wird. Im Rahmen dieses Abrufs werden zun\u00e4chst technische Informationen, wie Informationen zum Browser und Ihrem System, als auch Ihre IP-Adresse und Zeitpunkt des Abrufs erhoben. Diese Informationen werden zur technischen Verbesserung der Services anhand der technischen Daten oder der Zielgruppen und ihres Leseverhaltens anhand derer Abruforte (die mit Hilfe der IP-Adresse bestimmbar sind) oder der Zugriffszeiten genutzt.<\/p>\n<p>Zu den statistischen Erhebungen geh\u00f6rt ebenfalls die Feststellung, ob die Newsletter ge\u00f6ffnet werden, wann sie ge\u00f6ffnet werden und welche Links geklickt werden. Diese Informationen k\u00f6nnen aus technischen Gr\u00fcnden zwar den einzelnen Newsletterempf\u00e4ngern zugeordnet werden. Es ist jedoch weder unser Bestreben, noch das von MailChimp, einzelne Nutzer zu beobachten. Die Auswertungen dienen uns viel mehr dazu, die Lesegewohnheiten unserer Nutzer zu erkennen und unsere Inhalte auf sie anzupassen oder unterschiedliche Inhalte entsprechend den Interessen unserer Nutzer zu versenden.<\/p>\n<p><strong>Online-Aufruf und Datenmanagement<\/strong><\/p>\n<p>Es gibt F\u00e4lle, in denen wir die Newsletterempf\u00e4nger auf die Webseiten von MailChimp leiten. Z.B. enthalten unsere Newsletter einen Link, mit dem die Newsletterempf\u00e4nger die Newsletter online abrufen k\u00f6nnen (z.B. bei Darstellungsproblemen im E-Mailprogramm). Ferner k\u00f6nnen Newsletterempf\u00e4nger ihre Daten, wie z.B. die E-Mailadresse nachtr\u00e4glich korrigieren. Ebenso ist die Datenschutzerkl\u00e4rung von MailChimp nur auf deren Seite abrufbar.<\/p>\n<p>In diesem Zusammenhang wiesen wir darauf hin, dass auf den Webseiten von MailChimp Cookies eingesetzt und damit personenbezogene Daten durch MailChimp, deren Partnern und eingesetzten Dienstleistern (z.B. Google Analytics) verarbeitet werden. Auf diese Datenerhebung haben wir keinen Einfluss. Weitere Informationen k\u00f6nnen Sie der Datenschutzerkl\u00e4rung von MailChimp entnehmen. Wir weisen Sie zus\u00e4tzlich auf die Widerspruchsm\u00f6glichkeiten in die Datenerhebung zu Werbezwecken auf den Webseiten http:\/\/www.aboutads.info\/choices\/ und http:\/\/www.youronlinechoices.com\/ (f\u00fcr den Europ\u00e4ischen Raum) hin.<\/p>\n<p><strong>K\u00fcndigung\/Widerruf<\/strong><\/p>\n<p>Sie k\u00f6nnen den Empfang unseres Newsletters jederzeit k\u00fcndigen, d.h. Ihre Einwilligungen widerrufen. Damit erl\u00f6schen gleichzeitig Ihre Einwilligungen in dessen Versand via MailChimp und die statistischen Analysen. Ein getrennter Widerruf des Versandes via MailChimp oder der statistischen Auswertung ist leider nicht m\u00f6glich.<\/p>\n<p>Einen Link zur K\u00fcndigung des Newsletters finden Sie am Ende eines jeden Newsletters.<\/p>\n<\/div>\n<\/section>\n<\/div>\n<\/div>\n","protected":false},"excerpt":{"rendered":"<p>Geltungsbereich Diese Datenschutzerkl\u00e4rung soll die Nutzer dieser Website gem\u00e4\u00df Bundesdatenschutzgesetz und Telemediengesetz \u00fcber die Art, den Umfang und den Zweck der Erhebung und Verwendung personenbezogener Daten durch den Websitebetreiber A.S.D. Val Prino Bike Piazza Vittorio Emanuele 1 18020 Prel\u00e0 Der Websitebetreiber nimmt Ihren Datenschutz sehr ernst und behandelt Ihre personenbezogenen Daten vertraulich und entsprechend der &hellip; <\/p>\n<p class=\"link-more\"><a href=\"https:\/\/liguria-e-bike.com\/de\/cookie-policy\/\" class=\"more-link\"><span class=\"screen-reader-text\">\u201eDatenschutz\u201c<\/span> weiterlesen<\/a><\/p>\n","protected":false},"author":1,"featured_media":9107,"parent":0,"menu_order":0,"comment_status":"closed","ping_status":"closed","template":"","meta":{"footnotes":""},"class_list":["post-9102","page","type-page","status-publish","has-post-thumbnail","hentry"],"_links":{"self":[{"href":"https:\/\/liguria-e-bike.com\/de\/wp-json\/wp\/v2\/pages\/9102","targetHints":{"allow":["GET"]}}],"collection":[{"href":"https:\/\/liguria-e-bike.com\/de\/wp-json\/wp\/v2\/pages"}],"about":[{"href":"https:\/\/liguria-e-bike.com\/de\/wp-json\/wp\/v2\/types\/page"}],"author":[{"embeddable":true,"href":"https:\/\/liguria-e-bike.com\/de\/wp-json\/wp\/v2\/users\/1"}],"replies":[{"embeddable":true,"href":"https:\/\/liguria-e-bike.com\/de\/wp-json\/wp\/v2\/comments?post=9102"}],"version-history":[{"count":3,"href":"https:\/\/liguria-e-bike.com\/de\/wp-json\/wp\/v2\/pages\/9102\/revisions"}],"predecessor-version":[{"id":9108,"href":"https:\/\/liguria-e-bike.com\/de\/wp-json\/wp\/v2\/pages\/9102\/revisions\/9108"}],"wp:featuredmedia":[{"embeddable":true,"href":"https:\/\/liguria-e-bike.com\/de\/wp-json\/wp\/v2\/media\/9107"}],"wp:attachment":[{"href":"https:\/\/liguria-e-bike.com\/de\/wp-json\/wp\/v2\/media?parent=9102"}],"curies":[{"name":"wp","href":"https:\/\/api.w.org\/{rel}","templated":true}]}}